{"id":8699,"date":"2023-03-16T12:33:41","date_gmt":"2023-03-16T12:33:41","guid":{"rendered":"http:\/\/ssakimya.com\/?post_type=product&#038;p=8699"},"modified":"2023-03-16T12:33:41","modified_gmt":"2023-03-16T12:33:41","slug":"triac","status":"publish","type":"product","link":"https:\/\/ssakimya.com\/index.php\/product\/triac\/","title":{"rendered":"TRIAC"},"content":{"rendered":"","protected":false},"excerpt":{"rendered":"<p>G\u0131da onayl\u0131 3 fonksiyonlu emniyetli b\u0131\u00e7ak.<br \/>\nB\u0131\u00e7ak ucu kolayl\u0131kla de\u011fi\u015ftirilebilir. \u00d6n b\u0131\u00e7aklar\u0131yla karton, palet ve stre\u00e7<br \/>\nfilmleri g\u00fcvenle a\u00e7abilir, arka taraftaki ana b\u0131\u00e7a\u011f\u0131yla da di\u011fer kesme i\u015flemleri<br \/>\nyap\u0131labilir.<\/p>\n","protected":false},"featured_media":8700,"comment_status":"closed","ping_status":"closed","template":"","meta":[],"product_cat":[111,292],"product_tag":[],"class_list":["post-8699","product","type-product","status-publish","has-post-thumbnail","hentry","product_cat-cevre-ve-saglik-koruyuculari","product_cat-murepeyrot"],"_links":{"self":[{"href":"https:\/\/ssakimya.com\/index.php\/wp-json\/wp\/v2\/product\/8699","targetHints":{"allow":["GET"]}}],"collection":[{"href":"https:\/\/ssakimya.com\/index.php\/wp-json\/wp\/v2\/product"}],"about":[{"href":"https:\/\/ssakimya.com\/index.php\/wp-json\/wp\/v2\/types\/product"}],"replies":[{"embeddable":true,"href":"https:\/\/ssakimya.com\/index.php\/wp-json\/wp\/v2\/comments?post=8699"}],"wp:featuredmedia":[{"embeddable":true,"href":"https:\/\/ssakimya.com\/index.php\/wp-json\/wp\/v2\/media\/8700"}],"wp:attachment":[{"href":"https:\/\/ssakimya.com\/index.php\/wp-json\/wp\/v2\/media?parent=8699"}],"wp:term":[{"taxonomy":"product_cat","embeddable":true,"href":"https:\/\/ssakimya.com\/index.php\/wp-json\/wp\/v2\/product_cat?post=8699"},{"taxonomy":"product_tag","embeddable":true,"href":"https:\/\/ssakimya.com\/index.php\/wp-json\/wp\/v2\/product_tag?post=8699"}],"curies":[{"name":"wp","href":"https:\/\/api.w.org\/{rel}","templated":true}]}}