{"id":8697,"date":"2023-03-15T16:25:29","date_gmt":"2023-03-15T16:25:29","guid":{"rendered":"http:\/\/ssakimya.com\/?post_type=product&#038;p=8697"},"modified":"2023-03-15T16:25:29","modified_gmt":"2023-03-15T16:25:29","slug":"sontara-mp9002-100","status":"publish","type":"product","link":"https:\/\/ssakimya.com\/index.php\/product\/sontara-mp9002-100\/","title":{"rendered":"Sontara MP9002 100"},"content":{"rendered":"","protected":false},"excerpt":{"rendered":"<h2><strong>\u00d6zellikler<\/strong><\/h2>\n<p>Cleanroom Class 1000, elektronik, laboratuvar, ila\u00e7 temizli\u011finde kullan\u0131l\u0131r.<br \/>\nAvrupa normlar\u0131na uygundur. ISO 3001:2000 Kalite Y\u00f6netim Sistemi<br \/>\nstandard\u0131na sahiptir.<\/p>\n<p>&nbsp;<\/p>\n","protected":false},"featured_media":8688,"comment_status":"closed","ping_status":"closed","template":"","meta":[],"product_cat":[111,294],"product_tag":[],"class_list":["post-8697","product","type-product","status-publish","has-post-thumbnail","hentry","product_cat-cevre-ve-saglik-koruyuculari","product_cat-sontara"],"_links":{"self":[{"href":"https:\/\/ssakimya.com\/index.php\/wp-json\/wp\/v2\/product\/8697","targetHints":{"allow":["GET"]}}],"collection":[{"href":"https:\/\/ssakimya.com\/index.php\/wp-json\/wp\/v2\/product"}],"about":[{"href":"https:\/\/ssakimya.com\/index.php\/wp-json\/wp\/v2\/types\/product"}],"replies":[{"embeddable":true,"href":"https:\/\/ssakimya.com\/index.php\/wp-json\/wp\/v2\/comments?post=8697"}],"wp:featuredmedia":[{"embeddable":true,"href":"https:\/\/ssakimya.com\/index.php\/wp-json\/wp\/v2\/media\/8688"}],"wp:attachment":[{"href":"https:\/\/ssakimya.com\/index.php\/wp-json\/wp\/v2\/media?parent=8697"}],"wp:term":[{"taxonomy":"product_cat","embeddable":true,"href":"https:\/\/ssakimya.com\/index.php\/wp-json\/wp\/v2\/product_cat?post=8697"},{"taxonomy":"product_tag","embeddable":true,"href":"https:\/\/ssakimya.com\/index.php\/wp-json\/wp\/v2\/product_tag?post=8697"}],"curies":[{"name":"wp","href":"https:\/\/api.w.org\/{rel}","templated":true}]}}