{"id":8684,"date":"2023-03-14T14:06:39","date_gmt":"2023-03-14T14:06:39","guid":{"rendered":"http:\/\/ssakimya.com\/?post_type=product&#038;p=8684"},"modified":"2023-03-14T14:06:40","modified_gmt":"2023-03-14T14:06:40","slug":"stoko-vario-dispenser","status":"publish","type":"product","link":"https:\/\/ssakimya.com\/index.php\/product\/stoko-vario-dispenser\/","title":{"rendered":"Stoko Vario Dispenser"},"content":{"rendered":"","protected":false},"excerpt":{"rendered":"<p>1000 ml kartu\u015flar ile uyumludur.<br \/>\n\u00d6zel mekanizmas\u0131 sayesinde fazla kullan\u0131mlar\u0131n \u00f6n\u00fcne ge\u00e7er ve maliyet avantaj\u0131 sa\u011flar.<\/p>\n","protected":false},"featured_media":8685,"comment_status":"closed","ping_status":"closed","template":"","meta":[],"product_cat":[111,296],"product_tag":[],"class_list":["post-8684","product","type-product","status-publish","has-post-thumbnail","hentry","product_cat-cevre-ve-saglik-koruyuculari","product_cat-stoko"],"_links":{"self":[{"href":"https:\/\/ssakimya.com\/index.php\/wp-json\/wp\/v2\/product\/8684","targetHints":{"allow":["GET"]}}],"collection":[{"href":"https:\/\/ssakimya.com\/index.php\/wp-json\/wp\/v2\/product"}],"about":[{"href":"https:\/\/ssakimya.com\/index.php\/wp-json\/wp\/v2\/types\/product"}],"replies":[{"embeddable":true,"href":"https:\/\/ssakimya.com\/index.php\/wp-json\/wp\/v2\/comments?post=8684"}],"wp:featuredmedia":[{"embeddable":true,"href":"https:\/\/ssakimya.com\/index.php\/wp-json\/wp\/v2\/media\/8685"}],"wp:attachment":[{"href":"https:\/\/ssakimya.com\/index.php\/wp-json\/wp\/v2\/media?parent=8684"}],"wp:term":[{"taxonomy":"product_cat","embeddable":true,"href":"https:\/\/ssakimya.com\/index.php\/wp-json\/wp\/v2\/product_cat?post=8684"},{"taxonomy":"product_tag","embeddable":true,"href":"https:\/\/ssakimya.com\/index.php\/wp-json\/wp\/v2\/product_tag?post=8684"}],"curies":[{"name":"wp","href":"https:\/\/api.w.org\/{rel}","templated":true}]}}