{"id":8619,"date":"2022-10-21T14:31:48","date_gmt":"2022-10-21T14:31:48","guid":{"rendered":"http:\/\/ssakimya.com\/?post_type=product&#038;p=8619"},"modified":"2023-06-21T14:22:48","modified_gmt":"2023-06-21T14:22:48","slug":"tychem-2000-c-kapsonlu-tulum","status":"publish","type":"product","link":"https:\/\/ssakimya.com\/index.php\/product\/tychem-2000-c-kapsonlu-tulum\/","title":{"rendered":"Tychem\u00ae 2000 C Kap\u015fonlu Tulum"},"content":{"rendered":"","protected":false},"excerpt":{"rendered":"<h1 class=\"product_title entry-title\">Tychem\u00ae 2000 C<\/h1>\n<p>&nbsp;<\/p>\n<div class=\"item-brand\">Marka:<a href=\"http:\/\/ssakimya.com\/index.php\/product_brand\/dupont\/\">DUPONT<\/a><\/div>\n<div><\/div>\n<div class=\"description\">\n<table width=\"779\">\n<tbody>\n<tr>\n<td width=\"172\">\u00dcr\u00fcn Ad\u0131<\/td>\n<td width=\"154\">Tychem\u00ae 2000 C<\/td>\n<\/tr>\n<tr>\n<td>Kuma\u015f<\/td>\n<td>Tychem\u00ae 2000 C<\/td>\n<\/tr>\n<tr>\n<td>Tasar\u0131m<\/td>\n<td width=\"154\">Elastikler ve ba\u015fparmak halkalar\u0131 ile kap\u00fc\u015fonlu tulum<\/td>\n<\/tr>\n<tr>\n<td>Diki\u015f<\/td>\n<td width=\"154\">Diki\u015fli ve a\u015f\u0131r\u0131 bantlanm\u0131\u015f<\/td>\n<\/tr>\n<tr>\n<td>Renk<\/td>\n<td width=\"154\">Sar\u0131<\/td>\n<\/tr>\n<tr>\n<td>Boyutlar<\/td>\n<td width=\"154\">SM, MD, LG, XL, 2X, 3X<\/td>\n<\/tr>\n<tr>\n<td>Miktar \/ Kutu<\/td>\n<td width=\"154\">kutu ba\u015f\u0131na 25, ayr\u0131 ayr\u0131 paketlenmi\u015f.<\/td>\n<\/tr>\n<tr>\n<td>Standartlar<\/td>\n<td>KEDI III, T3, T4, T5, T6. EN 1073-2, EN 1149-5, EN 14126<\/td>\n<\/tr>\n<\/tbody>\n<\/table>\n<\/div>\n<p><strong>DOK\u00dcMANLAR<\/strong><\/p>\n<p><a href=\"http:\/\/ssakimya.com\/index.php\/product\/tychem-2000-c\/\"><span style=\"color: #ff0000;\">Tychem\u00ae Teknik Dok\u00fcman<\/span><\/a><\/p>\n<p>&nbsp;<\/p>\n","protected":false},"featured_media":8623,"comment_status":"closed","ping_status":"closed","template":"","meta":[],"product_cat":[285,312,66],"product_tag":[],"class_list":["post-8619","product","type-product","status-publish","has-post-thumbnail","hentry","product_cat-dupont","product_cat-tip-3-tip-4-tip-5-tip-6","product_cat-vucut-koruyucular"],"_links":{"self":[{"href":"https:\/\/ssakimya.com\/index.php\/wp-json\/wp\/v2\/product\/8619","targetHints":{"allow":["GET"]}}],"collection":[{"href":"https:\/\/ssakimya.com\/index.php\/wp-json\/wp\/v2\/product"}],"about":[{"href":"https:\/\/ssakimya.com\/index.php\/wp-json\/wp\/v2\/types\/product"}],"replies":[{"embeddable":true,"href":"https:\/\/ssakimya.com\/index.php\/wp-json\/wp\/v2\/comments?post=8619"}],"wp:featuredmedia":[{"embeddable":true,"href":"https:\/\/ssakimya.com\/index.php\/wp-json\/wp\/v2\/media\/8623"}],"wp:attachment":[{"href":"https:\/\/ssakimya.com\/index.php\/wp-json\/wp\/v2\/media?parent=8619"}],"wp:term":[{"taxonomy":"product_cat","embeddable":true,"href":"https:\/\/ssakimya.com\/index.php\/wp-json\/wp\/v2\/product_cat?post=8619"},{"taxonomy":"product_tag","embeddable":true,"href":"https:\/\/ssakimya.com\/index.php\/wp-json\/wp\/v2\/product_tag?post=8619"}],"curies":[{"name":"wp","href":"https:\/\/api.w.org\/{rel}","templated":true}]}}