{"id":8608,"date":"2022-10-21T13:06:08","date_gmt":"2022-10-21T13:06:08","guid":{"rendered":"http:\/\/ssakimya.com\/?post_type=product&#038;p=8608"},"modified":"2022-10-21T13:06:08","modified_gmt":"2022-10-21T13:06:08","slug":"harpon-325","status":"publish","type":"product","link":"https:\/\/ssakimya.com\/index.php\/product\/harpon-325\/","title":{"rendered":"Harpon 325"},"content":{"rendered":"","protected":false},"excerpt":{"rendered":"<h2><\/h2>\n<h2 id=\"specific-advantages\">\u00d6nemli avantajlar<\/h2>\n<ul>\n<li>Uzun kol man\u015feti, Dirsek ve Bilek aras\u0131nda daha iyi koruma<\/li>\n<li>Kuma\u015f deste\u011finin ve iyi termal yal\u0131t\u0131m\u0131n konforu sayesinde uzun s\u00fcreli kullan\u0131ma uygun<\/li>\n<li>Optimize edilmi\u015f servis \u00f6mr\u00fc: y\u00fcksek a\u015f\u0131nma direnci<\/li>\n<li>Silikonsuzdur, Boyama \u00f6ncesi metal levha ve cam y\u00fczeylerdeki izleri \u00f6nlemek i\u00e7in<\/li>\n<\/ul>\n<h2><\/h2>\n<h2 id=\"applications\">Uygulama<\/h2>\n<p><strong>Bal\u0131k\u00e7\u0131l\u0131k<\/strong><\/p>\n<ul>\n<li>Bal\u0131k ta\u015f\u0131ma<\/li>\n<li>\u0130stiridyecilik<\/li>\n<li>Donmu\u015f \u00fcr\u00fcnlerle \u00e7al\u0131\u015fma<\/li>\n<\/ul>\n<p><strong>G\u0131da sekt\u00f6r\u00fc<\/strong><\/p>\n<ul>\n<li>Bal\u0131k\u00e7\u0131l\u0131k<\/li>\n<li>\u0130stiridyecilik<\/li>\n<\/ul>\n<h2><\/h2>\n<h2 id=\"standards\">Standartlar<\/h2>\n<ul class=\"norms-list\">\n<li title=\"Kat. 3\"><span class=\"type\">KAT. 3<\/span><img loading=\"lazy\" decoding=\"async\" src=\"https:\/\/www.tr.mapa-pro.com\/fileadmin\/_processed_storage_data\/a\/e\/csm_mapa-pim-picto-ce-category_d084fe6357.jpg\" alt=\"Kat. 3\" width=\"34\" height=\"34\" \/>0334<\/li>\n<li title=\"Mekanik tehlikeler EN 388\"><img loading=\"lazy\" decoding=\"async\" src=\"https:\/\/www.tr.mapa-pro.com\/fileadmin\/_processed_storage_data\/2\/9\/csm_mapa-pim-picto-en388-2016-digit_fd48d4d59d.jpg\" alt=\"Mekanik tehlikeler EN 388\" width=\"34\" height=\"34\" \/>3141X<\/li>\n<li title=\"\u00d6zel Kimyasal Korunma EN 374\"><span class=\"type\">Type B<\/span><img loading=\"lazy\" decoding=\"async\" src=\"https:\/\/www.tr.mapa-pro.com\/fileadmin\/_processed_storage_data\/9\/8\/csm_mapa-pim-picto-en374-2016-type_ac1448e6e9.jpg\" alt=\"\u00d6zel Kimyasal Korunma EN 374\" width=\"34\" height=\"34\" \/>KPT<\/li>\n<li title=\"Is\u0131 ve yang\u0131n EN 407\"><img loading=\"lazy\" decoding=\"async\" src=\"https:\/\/www.tr.mapa-pro.com\/fileadmin\/_processed_storage_data\/3\/2\/csm_en407-year_2020_68335fd6f8.jpg\" alt=\"Is\u0131 ve yang\u0131n EN 407\" width=\"34\" height=\"34\" \/>X2XXXX<\/li>\n<\/ul>\n<h2><\/h2>\n<h2 id=\"product-detail\">\u00dcr\u00fcn bilgileri<\/h2>\n<table class=\"table table-bordered\" style=\"height: 237px;\" width=\"478\">\n<tbody>\n<tr>\n<th>Malzeme<\/th>\n<td>Do\u011fal lateks<\/td>\n<\/tr>\n<tr>\n<th>Renk<\/th>\n<td>Turuncu<\/td>\n<\/tr>\n<tr>\n<th>\u0130\u00e7 Kaplama<\/th>\n<td>Kuma\u015f takviyesi<\/td>\n<\/tr>\n<tr>\n<th>D\u0131\u015f Kaplama<\/th>\n<td>Destekli<\/td>\n<\/tr>\n<tr>\n<th>Uzunluk (cm)<\/th>\n<td>37<\/td>\n<\/tr>\n<tr>\n<th>Kal\u0131nl\u0131k (mm)<\/th>\n<td>1.35<\/td>\n<\/tr>\n<tr>\n<th>Boy<\/th>\n<td>8 9 10<\/td>\n<\/tr>\n<tr>\n<th>Ambalajlama<\/th>\n<td>1 \u00e7ift\/torba\u00a0 5 \u00e7ift\/kutu\u00a0 50 \u00e7ift\/karton<\/td>\n<\/tr>\n<\/tbody>\n<\/table>\n<p>&nbsp;<\/p>\n<p><strong>DOK\u00dcMANLAR<\/strong><\/p>\n<p><a href=\"https:\/\/www.tr.mapa-pro.com\/eldivenlerimiz\/sivi-gecirmez-koruma\/ueruen-sayfasi\/harpon-325\"><span style=\"color: #ff0000;\">Mapa Teknik Dok\u00fcman<\/span><\/a><\/p>\n","protected":false},"featured_media":8610,"comment_status":"closed","ping_status":"closed","template":"","meta":[],"product_cat":[67,282,303],"product_tag":[],"class_list":["post-8608","product","type-product","status-publish","has-post-thumbnail","hentry","product_cat-el-kol-koruyucular","product_cat-mapa","product_cat-sivi-gecirmez-koruma"],"_links":{"self":[{"href":"https:\/\/ssakimya.com\/index.php\/wp-json\/wp\/v2\/product\/8608","targetHints":{"allow":["GET"]}}],"collection":[{"href":"https:\/\/ssakimya.com\/index.php\/wp-json\/wp\/v2\/product"}],"about":[{"href":"https:\/\/ssakimya.com\/index.php\/wp-json\/wp\/v2\/types\/product"}],"replies":[{"embeddable":true,"href":"https:\/\/ssakimya.com\/index.php\/wp-json\/wp\/v2\/comments?post=8608"}],"wp:featuredmedia":[{"embeddable":true,"href":"https:\/\/ssakimya.com\/index.php\/wp-json\/wp\/v2\/media\/8610"}],"wp:attachment":[{"href":"https:\/\/ssakimya.com\/index.php\/wp-json\/wp\/v2\/media?parent=8608"}],"wp:term":[{"taxonomy":"product_cat","embeddable":true,"href":"https:\/\/ssakimya.com\/index.php\/wp-json\/wp\/v2\/product_cat?post=8608"},{"taxonomy":"product_tag","embeddable":true,"href":"https:\/\/ssakimya.com\/index.php\/wp-json\/wp\/v2\/product_tag?post=8608"}],"curies":[{"name":"wp","href":"https:\/\/api.w.org\/{rel}","templated":true}]}}