{"id":8592,"date":"2022-10-21T11:45:48","date_gmt":"2022-10-21T11:45:48","guid":{"rendered":"http:\/\/ssakimya.com\/?post_type=product&#038;p=8592"},"modified":"2022-10-21T11:45:48","modified_gmt":"2022-10-21T11:45:48","slug":"jersette-300-2","status":"publish","type":"product","link":"https:\/\/ssakimya.com\/index.php\/product\/jersette-300-2\/","title":{"rendered":"Jersette 300"},"content":{"rendered":"","protected":false},"excerpt":{"rendered":"<h2><\/h2>\n<h2 id=\"specific-advantages\">\u00d6nemli avantajlar<\/h2>\n<ul>\n<li><a title=\"Anatomik\" href=\"https:\/\/www.tr.mapa-pro.com\/bilgi-merkezi\/soezluek\/tanim\/anatomik\">Anatomik<\/a>\u00a0bi\u00e7im ve ek yeri olmayan kuma\u015f deste\u011finin kusursuz konforu sayesinde hareket \u00f6zg\u00fcrl\u00fc\u011f\u00fc<\/li>\n<li>\u0130yi y\u0131rt\u0131lma direnci<\/li>\n<li>Seyreltilmi\u015f bir\u00e7ok aside ve baza kar\u015f\u0131 iyi diren\u00e7<\/li>\n<li>Silikonsuzdur, Boyama \u00f6ncesi metal levha ve cam y\u00fczeylerdeki izleri \u00f6nlemek i\u00e7in<\/li>\n<\/ul>\n<h2><\/h2>\n<h2 id=\"applications\">Uygulama<\/h2>\n<p><strong>\u0130n\u015faat End\u00fcstrisi (Duvarc\u0131lar \/S\u0131vac\u0131lar)<\/strong><\/p>\n<ul>\n<li>\u00c7imento ve harc\u0131 haz\u0131rlama ve d\u00f6kme<\/li>\n<\/ul>\n<p><strong>Havac\u0131l\u0131k end\u00fcstrisi<\/strong><\/p>\n<ul>\n<li>Kompozit malzeme ile \u00e7al\u0131\u015fma (re\u00e7ine)<\/li>\n<\/ul>\n<p><strong>Yerel Y\u00f6netimler (Temizlik)<\/strong><\/p>\n<ul>\n<li>Evsel deterjanlarla temas<\/li>\n<\/ul>\n<h2><\/h2>\n<h2 id=\"standards\">Standartlar<\/h2>\n<ul class=\"norms-list\">\n<li title=\"Kat. 3\"><span class=\"type\">KAT. 3<\/span><img loading=\"lazy\" decoding=\"async\" src=\"https:\/\/www.tr.mapa-pro.com\/fileadmin\/_processed_storage_data\/a\/e\/csm_mapa-pim-picto-ce-category_d084fe6357.jpg\" alt=\"Kat. 3\" width=\"34\" height=\"34\" \/><\/li>\n<li title=\"Mekanik tehlikeler EN 388\"><img loading=\"lazy\" decoding=\"async\" src=\"https:\/\/www.tr.mapa-pro.com\/fileadmin\/_processed_storage_data\/2\/9\/csm_mapa-pim-picto-en388-2016-digit_fd48d4d59d.jpg\" alt=\"Mekanik tehlikeler EN 388\" width=\"34\" height=\"34\" \/>2131X<\/li>\n<li title=\"\u00d6zel Kimyasal Korunma EN 374\"><span class=\"type\">Type B<\/span><img loading=\"lazy\" decoding=\"async\" src=\"https:\/\/www.tr.mapa-pro.com\/fileadmin\/_processed_storage_data\/9\/8\/csm_mapa-pim-picto-en374-2016-type_ac1448e6e9.jpg\" alt=\"\u00d6zel Kimyasal Korunma EN 374\" width=\"34\" height=\"34\" \/>KPT<\/li>\n<li title=\"Is\u0131 ve yang\u0131n EN 407\"><img loading=\"lazy\" decoding=\"async\" src=\"https:\/\/www.tr.mapa-pro.com\/fileadmin\/_processed_storage_data\/3\/2\/csm_en407-year_2020_68335fd6f8.jpg\" alt=\"Is\u0131 ve yang\u0131n EN 407\" width=\"34\" height=\"34\" \/>X1XXXX<\/li>\n<\/ul>\n<h2><\/h2>\n<h2 id=\"product-detail\">\u00dcr\u00fcn bilgileri<\/h2>\n<table class=\"table table-bordered\" style=\"height: 227px;\" width=\"577\">\n<tbody>\n<tr>\n<th>Malzeme<\/th>\n<td>Do\u011fal lateks<\/td>\n<\/tr>\n<tr>\n<th>Renk<\/th>\n<td>Mavi<\/td>\n<\/tr>\n<tr>\n<th>\u0130\u00e7 Kaplama<\/th>\n<td>Kuma\u015f takviyesi<\/td>\n<\/tr>\n<tr>\n<th>D\u0131\u015f Kaplama<\/th>\n<td>Yumu\u015fak<\/td>\n<\/tr>\n<tr>\n<th>Uzunluk (cm)<\/th>\n<td>30-32<\/td>\n<\/tr>\n<tr>\n<th>Kal\u0131nl\u0131k (mm)<\/th>\n<td>1.15<\/td>\n<\/tr>\n<tr>\n<th>Boy<\/th>\n<td>5 6 7 8 9 10<\/td>\n<\/tr>\n<tr>\n<th>Ambalajlama<\/th>\n<td>1 \u00e7ift\/torba 5 \u00e7ift\/kutu 50 \u00e7ift\/karton<\/td>\n<\/tr>\n<\/tbody>\n<\/table>\n","protected":false},"featured_media":8594,"comment_status":"closed","ping_status":"closed","template":"","meta":[],"product_cat":[67,282,303],"product_tag":[],"class_list":["post-8592","product","type-product","status-publish","has-post-thumbnail","hentry","product_cat-el-kol-koruyucular","product_cat-mapa","product_cat-sivi-gecirmez-koruma"],"_links":{"self":[{"href":"https:\/\/ssakimya.com\/index.php\/wp-json\/wp\/v2\/product\/8592","targetHints":{"allow":["GET"]}}],"collection":[{"href":"https:\/\/ssakimya.com\/index.php\/wp-json\/wp\/v2\/product"}],"about":[{"href":"https:\/\/ssakimya.com\/index.php\/wp-json\/wp\/v2\/types\/product"}],"replies":[{"embeddable":true,"href":"https:\/\/ssakimya.com\/index.php\/wp-json\/wp\/v2\/comments?post=8592"}],"wp:featuredmedia":[{"embeddable":true,"href":"https:\/\/ssakimya.com\/index.php\/wp-json\/wp\/v2\/media\/8594"}],"wp:attachment":[{"href":"https:\/\/ssakimya.com\/index.php\/wp-json\/wp\/v2\/media?parent=8592"}],"wp:term":[{"taxonomy":"product_cat","embeddable":true,"href":"https:\/\/ssakimya.com\/index.php\/wp-json\/wp\/v2\/product_cat?post=8592"},{"taxonomy":"product_tag","embeddable":true,"href":"https:\/\/ssakimya.com\/index.php\/wp-json\/wp\/v2\/product_tag?post=8592"}],"curies":[{"name":"wp","href":"https:\/\/api.w.org\/{rel}","templated":true}]}}