{"id":8564,"date":"2022-10-21T10:33:38","date_gmt":"2022-10-21T10:33:38","guid":{"rendered":"http:\/\/ssakimya.com\/?post_type=product&#038;p=8564"},"modified":"2022-10-21T10:33:38","modified_gmt":"2022-10-21T10:33:38","slug":"maxichem-56-635","status":"publish","type":"product","link":"https:\/\/ssakimya.com\/index.php\/product\/maxichem-56-635\/","title":{"rendered":"MaxiChem\u00ae 56-635"},"content":{"rendered":"","protected":false},"excerpt":{"rendered":"<h2 class=\"glove-title hidden-xs\">MaxiChem<sup>\u00ae<\/sup>\u00a056-635<\/h2>\n<p>&nbsp;<\/p>\n<div class=\"row glove-info\">\n<div class=\"col-md-12\">\n<table class=\"table table-bordered table-glove-details\">\n<tbody>\n<tr>\n<th width=\"50%\">Tasar\u0131m<\/th>\n<td>\u0130\u015f Eldiveni &#8211; 35 cm<\/td>\n<\/tr>\n<tr>\n<th width=\"50%\">Kaplama<\/th>\n<td>NBR (Nitril butadien lastik)<\/td>\n<\/tr>\n<tr>\n<th width=\"50%\">Uzunluk (Boyut 10)<\/th>\n<td>35 cm<\/td>\n<\/tr>\n<tr>\n<th width=\"50%\">Avu\u00e7 kal\u0131nl\u0131\u011f\u0131<\/th>\n<td>1.30 mm<\/td>\n<\/tr>\n<tr>\n<th width=\"50%\">Boylar<\/th>\n<td>Boy 7 (S) &#8211; Boy 11 (XXL)<\/td>\n<\/tr>\n<tr>\n<th>Silikon i\u00e7ermez<\/th>\n<td>Evet<\/td>\n<\/tr>\n<tr>\n<th>\u00a0EN 388:2016 + A1:2018<\/th>\n<td>4121A<\/td>\n<\/tr>\n<tr>\n<th>\u00a0EN ISO 374-1:2016 + A1:2018\/Type A<\/th>\n<td>JKLMNO<\/td>\n<\/tr>\n<tr>\n<th>\u00a0EN ISO 374-5:2016<\/th>\n<td>Yes<\/td>\n<\/tr>\n<\/tbody>\n<\/table>\n<p><strong>DOK\u00dcMANLAR<\/strong><\/p>\n<p><a href=\"https:\/\/www.atg-glovesolutions.com\/tr\/maxichem\/maxichem\/56-635\"><span style=\"color: #ff0000;\">ATG Teknik Dok\u00fcman<\/span><\/a><\/p>\n<\/div>\n<\/div>\n","protected":false},"featured_media":8566,"comment_status":"closed","ping_status":"closed","template":"","meta":[],"product_cat":[281,67,300],"product_tag":[],"class_list":["post-8564","product","type-product","status-publish","has-post-thumbnail","hentry","product_cat-atg","product_cat-el-kol-koruyucular","product_cat-maxichem"],"_links":{"self":[{"href":"https:\/\/ssakimya.com\/index.php\/wp-json\/wp\/v2\/product\/8564","targetHints":{"allow":["GET"]}}],"collection":[{"href":"https:\/\/ssakimya.com\/index.php\/wp-json\/wp\/v2\/product"}],"about":[{"href":"https:\/\/ssakimya.com\/index.php\/wp-json\/wp\/v2\/types\/product"}],"replies":[{"embeddable":true,"href":"https:\/\/ssakimya.com\/index.php\/wp-json\/wp\/v2\/comments?post=8564"}],"wp:featuredmedia":[{"embeddable":true,"href":"https:\/\/ssakimya.com\/index.php\/wp-json\/wp\/v2\/media\/8566"}],"wp:attachment":[{"href":"https:\/\/ssakimya.com\/index.php\/wp-json\/wp\/v2\/media?parent=8564"}],"wp:term":[{"taxonomy":"product_cat","embeddable":true,"href":"https:\/\/ssakimya.com\/index.php\/wp-json\/wp\/v2\/product_cat?post=8564"},{"taxonomy":"product_tag","embeddable":true,"href":"https:\/\/ssakimya.com\/index.php\/wp-json\/wp\/v2\/product_tag?post=8564"}],"curies":[{"name":"wp","href":"https:\/\/api.w.org\/{rel}","templated":true}]}}