{"id":8322,"date":"2022-09-22T02:24:59","date_gmt":"2022-09-22T02:24:59","guid":{"rendered":"http:\/\/ssakimya.com\/?post_type=product&#038;p=8322"},"modified":"2022-09-22T02:24:59","modified_gmt":"2022-09-22T02:24:59","slug":"combo-xl-100-w","status":"publish","type":"product","link":"https:\/\/ssakimya.com\/index.php\/product\/combo-xl-100-w\/","title":{"rendered":"COMBO-XL 100 W"},"content":{"rendered":"","protected":false},"excerpt":{"rendered":"<p><b>\u00d6zellikler:<\/b><\/p>\n<p>&#8211; PU\/PU D\u0131\u015f taban<br \/>\n&#8211; Y\u00fcksek kaliteli, suya dayan\u0131kl\u0131 1.8 mm s\u00fcet mikrofiber saya<br \/>\n&#8211; Hava alabilir tekstil astar<br \/>\n&#8211; %50 Daha hafif kompozit burun<br \/>\n&#8211; Kevlar ara taban (Opsiyonel)<br \/>\n&#8211; ESD d\u0131\u015f taban (Opsiyonel)<br \/>\n&#8211; Y\u00fcksek danste ESD Karbon i\u00e7 tabanl\u0131k<br \/>\n&#8211; 35 \/ 48 Numara aral\u0131\u011f\u0131<\/p>\n","protected":false},"featured_media":8323,"comment_status":"closed","ping_status":"closed","template":"","meta":[],"product_cat":[74,341,342,287],"product_tag":[],"class_list":["post-8322","product","type-product","status-publish","has-post-thumbnail","hentry","product_cat-ayak-koruyucular","product_cat-s2-sw","product_cat-s3-sw","product_cat-swolx"],"_links":{"self":[{"href":"https:\/\/ssakimya.com\/index.php\/wp-json\/wp\/v2\/product\/8322","targetHints":{"allow":["GET"]}}],"collection":[{"href":"https:\/\/ssakimya.com\/index.php\/wp-json\/wp\/v2\/product"}],"about":[{"href":"https:\/\/ssakimya.com\/index.php\/wp-json\/wp\/v2\/types\/product"}],"replies":[{"embeddable":true,"href":"https:\/\/ssakimya.com\/index.php\/wp-json\/wp\/v2\/comments?post=8322"}],"wp:featuredmedia":[{"embeddable":true,"href":"https:\/\/ssakimya.com\/index.php\/wp-json\/wp\/v2\/media\/8323"}],"wp:attachment":[{"href":"https:\/\/ssakimya.com\/index.php\/wp-json\/wp\/v2\/media?parent=8322"}],"wp:term":[{"taxonomy":"product_cat","embeddable":true,"href":"https:\/\/ssakimya.com\/index.php\/wp-json\/wp\/v2\/product_cat?post=8322"},{"taxonomy":"product_tag","embeddable":true,"href":"https:\/\/ssakimya.com\/index.php\/wp-json\/wp\/v2\/product_tag?post=8322"}],"curies":[{"name":"wp","href":"https:\/\/api.w.org\/{rel}","templated":true}]}}