{"id":8280,"date":"2022-09-22T01:43:15","date_gmt":"2022-09-22T01:43:15","guid":{"rendered":"http:\/\/ssakimya.com\/?post_type=product&#038;p=8280"},"modified":"2022-09-22T01:43:16","modified_gmt":"2022-09-22T01:43:16","slug":"combo-xs-200-pro","status":"publish","type":"product","link":"https:\/\/ssakimya.com\/index.php\/product\/combo-xs-200-pro\/","title":{"rendered":"COMBO-XS 200 PRO"},"content":{"rendered":"","protected":false},"excerpt":{"rendered":"<p><b>\u00d6zellikler:<\/b><\/p>\n<p>&#8211; PU\/PU D\u0131\u015f taban<br \/>\n&#8211; Kau\u00e7uk d\u0131\u015f taban. HRO 300(Opsiyonel)<br \/>\n&#8211; Y\u00fcksek kaliteli 1.8 mm s\u00fcet mikrofiber saya<br \/>\n&#8211; Hava alabilir tekstil astar<br \/>\n&#8211; %50 Daha hafif kompozit burun<br \/>\n&#8211; Kevlar ara taban<br \/>\n&#8211; Y\u00fcksek danste ESD Karbon i\u00e7 tabanl\u0131k<br \/>\n&#8211; 35 \/ 48 Numara aral\u0131\u011f\u0131<\/p>\n","protected":false},"featured_media":8283,"comment_status":"closed","ping_status":"closed","template":"","meta":[],"product_cat":[74,340,287],"product_tag":[],"class_list":["post-8280","product","type-product","status-publish","has-post-thumbnail","hentry","product_cat-ayak-koruyucular","product_cat-s1-s1p-sw","product_cat-swolx"],"_links":{"self":[{"href":"https:\/\/ssakimya.com\/index.php\/wp-json\/wp\/v2\/product\/8280","targetHints":{"allow":["GET"]}}],"collection":[{"href":"https:\/\/ssakimya.com\/index.php\/wp-json\/wp\/v2\/product"}],"about":[{"href":"https:\/\/ssakimya.com\/index.php\/wp-json\/wp\/v2\/types\/product"}],"replies":[{"embeddable":true,"href":"https:\/\/ssakimya.com\/index.php\/wp-json\/wp\/v2\/comments?post=8280"}],"wp:featuredmedia":[{"embeddable":true,"href":"https:\/\/ssakimya.com\/index.php\/wp-json\/wp\/v2\/media\/8283"}],"wp:attachment":[{"href":"https:\/\/ssakimya.com\/index.php\/wp-json\/wp\/v2\/media?parent=8280"}],"wp:term":[{"taxonomy":"product_cat","embeddable":true,"href":"https:\/\/ssakimya.com\/index.php\/wp-json\/wp\/v2\/product_cat?post=8280"},{"taxonomy":"product_tag","embeddable":true,"href":"https:\/\/ssakimya.com\/index.php\/wp-json\/wp\/v2\/product_tag?post=8280"}],"curies":[{"name":"wp","href":"https:\/\/api.w.org\/{rel}","templated":true}]}}