{"id":8243,"date":"2022-09-22T01:01:14","date_gmt":"2022-09-22T01:01:14","guid":{"rendered":"http:\/\/ssakimya.com\/?post_type=product&#038;p=8243"},"modified":"2022-09-22T22:31:45","modified_gmt":"2022-09-22T22:31:45","slug":"basic-x-50","status":"publish","type":"product","link":"https:\/\/ssakimya.com\/index.php\/product\/basic-x-50\/","title":{"rendered":"BASIC-X 50"},"content":{"rendered":"","protected":false},"excerpt":{"rendered":"<p><b>\u00d6zellikler:<\/b><\/p>\n<p>&#8211; PU\/PU D\u0131\u015f taban<br \/>\n&#8211; Y\u00fcksek kalite 1.8-2.0 mm dana cilt vidala deri saya<br \/>\n&#8211; Nefes alabilir tekstil astar<br \/>\n&#8211; %50 Daha hafif 200J kompozit burun<br \/>\n&#8211; Kevlar ara taban (Opsiyonel)<br \/>\n&#8211; Ayak anatomisine uygun i\u00e7 taban<br \/>\n&#8211; 35 \/ 48 Numara aral\u0131\u011f\u0131<\/p>\n","protected":false},"featured_media":8244,"comment_status":"closed","ping_status":"closed","template":"","meta":[],"product_cat":[74,341,342,287],"product_tag":[],"class_list":["post-8243","product","type-product","status-publish","has-post-thumbnail","hentry","product_cat-ayak-koruyucular","product_cat-s2-sw","product_cat-s3-sw","product_cat-swolx"],"_links":{"self":[{"href":"https:\/\/ssakimya.com\/index.php\/wp-json\/wp\/v2\/product\/8243","targetHints":{"allow":["GET"]}}],"collection":[{"href":"https:\/\/ssakimya.com\/index.php\/wp-json\/wp\/v2\/product"}],"about":[{"href":"https:\/\/ssakimya.com\/index.php\/wp-json\/wp\/v2\/types\/product"}],"replies":[{"embeddable":true,"href":"https:\/\/ssakimya.com\/index.php\/wp-json\/wp\/v2\/comments?post=8243"}],"wp:featuredmedia":[{"embeddable":true,"href":"https:\/\/ssakimya.com\/index.php\/wp-json\/wp\/v2\/media\/8244"}],"wp:attachment":[{"href":"https:\/\/ssakimya.com\/index.php\/wp-json\/wp\/v2\/media?parent=8243"}],"wp:term":[{"taxonomy":"product_cat","embeddable":true,"href":"https:\/\/ssakimya.com\/index.php\/wp-json\/wp\/v2\/product_cat?post=8243"},{"taxonomy":"product_tag","embeddable":true,"href":"https:\/\/ssakimya.com\/index.php\/wp-json\/wp\/v2\/product_tag?post=8243"}],"curies":[{"name":"wp","href":"https:\/\/api.w.org\/{rel}","templated":true}]}}