{"id":8222,"date":"2022-09-22T00:38:03","date_gmt":"2022-09-22T00:38:03","guid":{"rendered":"http:\/\/ssakimya.com\/?post_type=product&#038;p=8222"},"modified":"2022-09-22T22:28:14","modified_gmt":"2022-09-22T22:28:14","slug":"sport-xr-100","status":"publish","type":"product","link":"https:\/\/ssakimya.com\/index.php\/product\/sport-xr-100\/","title":{"rendered":"SPORT-XR 100"},"content":{"rendered":"","protected":false},"excerpt":{"rendered":"<p><b>\u00d6zellikler:<\/b><\/p>\n<p>&#8211; PU\/PU D\u0131\u015f taban<br \/>\n&#8211; %20 Daha hafif ara taban<br \/>\n&#8211; Y\u00fcksek kalite 1.8 mm tekstik ve TPU lamineli saya<br \/>\n&#8211; Hava alabilir ve su ge\u00e7irmez saya<br \/>\n&#8211; %50 Daha hafif kompozit burun<br \/>\n&#8211; Kevlar ara taban<br \/>\n&#8211; XTREME \u0130\u00e7 tabanl\u0131k<br \/>\n&#8211; 36 \/ 47 Numara aral\u0131\u011f\u0131<\/p>\n","protected":false},"featured_media":8224,"comment_status":"closed","ping_status":"closed","template":"","meta":[],"product_cat":[74,342,287],"product_tag":[],"class_list":["post-8222","product","type-product","status-publish","has-post-thumbnail","hentry","product_cat-ayak-koruyucular","product_cat-s3-sw","product_cat-swolx"],"_links":{"self":[{"href":"https:\/\/ssakimya.com\/index.php\/wp-json\/wp\/v2\/product\/8222","targetHints":{"allow":["GET"]}}],"collection":[{"href":"https:\/\/ssakimya.com\/index.php\/wp-json\/wp\/v2\/product"}],"about":[{"href":"https:\/\/ssakimya.com\/index.php\/wp-json\/wp\/v2\/types\/product"}],"replies":[{"embeddable":true,"href":"https:\/\/ssakimya.com\/index.php\/wp-json\/wp\/v2\/comments?post=8222"}],"wp:featuredmedia":[{"embeddable":true,"href":"https:\/\/ssakimya.com\/index.php\/wp-json\/wp\/v2\/media\/8224"}],"wp:attachment":[{"href":"https:\/\/ssakimya.com\/index.php\/wp-json\/wp\/v2\/media?parent=8222"}],"wp:term":[{"taxonomy":"product_cat","embeddable":true,"href":"https:\/\/ssakimya.com\/index.php\/wp-json\/wp\/v2\/product_cat?post=8222"},{"taxonomy":"product_tag","embeddable":true,"href":"https:\/\/ssakimya.com\/index.php\/wp-json\/wp\/v2\/product_tag?post=8222"}],"curies":[{"name":"wp","href":"https:\/\/api.w.org\/{rel}","templated":true}]}}