{"id":8165,"date":"2022-09-22T00:00:44","date_gmt":"2022-09-22T00:00:44","guid":{"rendered":"http:\/\/ssakimya.com\/?post_type=product&#038;p=8165"},"modified":"2022-09-22T00:00:45","modified_gmt":"2022-09-22T00:00:45","slug":"bls-sge46-universal","status":"publish","type":"product","link":"https:\/\/ssakimya.com\/index.php\/product\/bls-sge46-universal\/","title":{"rendered":"BLS SGE46 Universal"},"content":{"rendered":"","protected":false},"excerpt":{"rendered":"<p><strong><span>Y\u00fcz par\u00e7as\u0131 Silikon kau\u00e7uktan<\/span><\/strong><br \/>\n<span>yap\u0131lm\u0131\u015f y\u00fcz par\u00e7as\u0131, daha iyi bir konfor ve m\u00fckemmel uyum sa\u011flayan t\u00fcm y\u00fcz boyutlar\u0131na evrensel olarak uyum sa\u011flamak \u00fczere tasarlanm\u0131\u015ft\u0131r.<\/span><\/p>\n<p>&nbsp;<\/p>\n<p><strong><span>RD40 ba\u011flant\u0131s\u0131 (Evrensel)<\/span><\/strong><br \/>\n<span>EN 148-1&#8217;e g\u00f6re RD40 di\u015fli ba\u011flant\u0131s\u0131, T\u00fcm solunum koruma cihazlar\u0131 aras\u0131nda \u00dcniversal.<\/span><\/p>\n<p>&nbsp;<\/p>\n<p><strong><span>Emniyet<\/span><\/strong><br \/>\n<span>Kemeri Maskenin sert g\u00f6vdesi \u00fczerinde do\u011frudan 2 noktaya sabitlenerek y\u00fcz izi b\u0131rakmadan solunum cihaz\u0131n\u0131n a\u011f\u0131rl\u0131\u011f\u0131n\u0131n e\u015fit olarak da\u011f\u0131t\u0131lmas\u0131n\u0131 sa\u011flar.<\/span><\/p>\n<p>&nbsp;<\/p>\n","protected":false},"featured_media":8182,"comment_status":"closed","ping_status":"closed","template":"","meta":[],"product_cat":[279,73,373],"product_tag":[],"class_list":["post-8165","product","type-product","status-publish","has-post-thumbnail","hentry","product_cat-bls","product_cat-kafa-ve-yuz-koruyuculari","product_cat-yarim-yuz-maskeler-bls"],"_links":{"self":[{"href":"https:\/\/ssakimya.com\/index.php\/wp-json\/wp\/v2\/product\/8165","targetHints":{"allow":["GET"]}}],"collection":[{"href":"https:\/\/ssakimya.com\/index.php\/wp-json\/wp\/v2\/product"}],"about":[{"href":"https:\/\/ssakimya.com\/index.php\/wp-json\/wp\/v2\/types\/product"}],"replies":[{"embeddable":true,"href":"https:\/\/ssakimya.com\/index.php\/wp-json\/wp\/v2\/comments?post=8165"}],"wp:featuredmedia":[{"embeddable":true,"href":"https:\/\/ssakimya.com\/index.php\/wp-json\/wp\/v2\/media\/8182"}],"wp:attachment":[{"href":"https:\/\/ssakimya.com\/index.php\/wp-json\/wp\/v2\/media?parent=8165"}],"wp:term":[{"taxonomy":"product_cat","embeddable":true,"href":"https:\/\/ssakimya.com\/index.php\/wp-json\/wp\/v2\/product_cat?post=8165"},{"taxonomy":"product_tag","embeddable":true,"href":"https:\/\/ssakimya.com\/index.php\/wp-json\/wp\/v2\/product_tag?post=8165"}],"curies":[{"name":"wp","href":"https:\/\/api.w.org\/{rel}","templated":true}]}}