{"id":8105,"date":"2022-09-21T23:21:42","date_gmt":"2022-09-21T23:21:42","guid":{"rendered":"http:\/\/ssakimya.com\/?post_type=product&#038;p=8105"},"modified":"2022-09-21T23:21:42","modified_gmt":"2022-09-21T23:21:42","slug":"bls-classic-seri","status":"publish","type":"product","link":"https:\/\/ssakimya.com\/index.php\/product\/bls-classic-seri\/","title":{"rendered":"BLS Classic Seri"},"content":{"rendered":"","protected":false},"excerpt":{"rendered":"<p><strong><span>Facepiece<\/span><\/strong><br \/>\n<span>Farkl\u0131 y\u00fcz tiplerine kolayca uyum sa\u011flayarak m\u00fckemmel bir uyum, geni\u015f g\u00f6r\u00fc\u015f alan\u0131 ve numaral\u0131 g\u00f6zl\u00fck veya g\u00f6z korumas\u0131 (PPE) ile y\u00fcksek uyumluluk sa\u011flar.<\/span><\/p>\n<p>&nbsp;<\/p>\n<p><strong><span>Burun klipsi<\/span><\/strong><br \/>\n<span>A\u00e7\u0131kta kalan metal k\u0131s\u0131mlar\u0131 en aza indirgemek i\u00e7in filtre malzemesinin katmanlar\u0131 aras\u0131na dahili olarak yerle\u015ftirilir.<\/span><\/p>\n<p>&nbsp;<\/p>\n<p class=\" translation-block\"><strong><span>Aktif karbon ile mevcuttur<\/span><\/strong><br \/>\n<span>Hem organik hem asidik gazlar\u0131n ve buharlar\u0131n neden oldu\u011fu rahats\u0131z edici kokulardan ve e\u015fik s\u0131n\u0131r de\u011ferinin (TLV) alt\u0131ndaki konsantrasyonlarda ozonun neden oldu\u011fu rahats\u0131z edici kokulardan korunmak i\u00e7in solunum cihaz\u0131na bir aktif karbon tabakas\u0131 eklenir.<\/span><\/p>\n<p>&nbsp;<\/p>\n<p><strong><span>Tekli pakette mevcuttur (yaln\u0131zca BLS 129BW modeli ve medikal modeller)<\/span><\/strong><br \/>\n<span>Y\u00fcksek d\u00fczeyde hijyen sa\u011flanmas\u0131n\u0131 sa\u011flar.<\/span><\/p>\n<p>&nbsp;<\/p>\n<h6><span>FFP1 modelleri talep \u00fczerine mevcuttur.<\/span><\/h6>\n","protected":false},"featured_media":8117,"comment_status":"closed","ping_status":"closed","template":"","meta":[],"product_cat":[279,73,327],"product_tag":[],"class_list":["post-8105","product","type-product","status-publish","has-post-thumbnail","hentry","product_cat-bls","product_cat-kafa-ve-yuz-koruyuculari","product_cat-tek-kullanimlik-maskeler"],"_links":{"self":[{"href":"https:\/\/ssakimya.com\/index.php\/wp-json\/wp\/v2\/product\/8105","targetHints":{"allow":["GET"]}}],"collection":[{"href":"https:\/\/ssakimya.com\/index.php\/wp-json\/wp\/v2\/product"}],"about":[{"href":"https:\/\/ssakimya.com\/index.php\/wp-json\/wp\/v2\/types\/product"}],"replies":[{"embeddable":true,"href":"https:\/\/ssakimya.com\/index.php\/wp-json\/wp\/v2\/comments?post=8105"}],"wp:featuredmedia":[{"embeddable":true,"href":"https:\/\/ssakimya.com\/index.php\/wp-json\/wp\/v2\/media\/8117"}],"wp:attachment":[{"href":"https:\/\/ssakimya.com\/index.php\/wp-json\/wp\/v2\/media?parent=8105"}],"wp:term":[{"taxonomy":"product_cat","embeddable":true,"href":"https:\/\/ssakimya.com\/index.php\/wp-json\/wp\/v2\/product_cat?post=8105"},{"taxonomy":"product_tag","embeddable":true,"href":"https:\/\/ssakimya.com\/index.php\/wp-json\/wp\/v2\/product_tag?post=8105"}],"curies":[{"name":"wp","href":"https:\/\/api.w.org\/{rel}","templated":true}]}}