{"id":8088,"date":"2022-09-21T22:39:25","date_gmt":"2022-09-21T22:39:25","guid":{"rendered":"http:\/\/ssakimya.com\/?post_type=product&#038;p=8088"},"modified":"2022-09-21T22:39:25","modified_gmt":"2022-09-21T22:39:25","slug":"3m-aura-9300-serisi","status":"publish","type":"product","link":"https:\/\/ssakimya.com\/index.php\/product\/3m-aura-9300-serisi\/","title":{"rendered":"3M Aura 9300+ Serisi"},"content":{"rendered":"","protected":false},"excerpt":{"rendered":"<div class=\"MMM--hdg MMM--hdg_2 SNAPS--hdg_2 MMM--tabHeader\"><\/div>\n<div class=\"tabContentContainer MMM--contentToggle-target MMM--isActive\">\n<div class=\"MMM--contentPadded MMM--accordionPanel\">\n<div class=\"MMM--grids\">\n<div class=\"MMM--grids-col MMM--grids-col_pdpMain\">\n<ul class=\"MMM--pdpList SNAPS--bullets\">\n<li>Orijinal 3 panelli tasar\u0131m daha fazla y\u00fcz hareketi sa\u011flar<\/li>\n<li>D\u00fc\u015f\u00fck diren\u00e7li filtre teknolojisi kolayca nefes alman\u0131za yard\u0131mc\u0131 olur<\/li>\n<li>Is\u0131 birikimini azaltmaya yard\u0131mc\u0131 olan 3M\u2122 Cool Flow\u2122 Valf ile mevcuttur<\/li>\n<li>\u015eekillendirilmi\u015f \u00fcst panel, burun ve y\u00fcz hatlar\u0131na uyarak etkili s\u0131zd\u0131rmazl\u0131k sa\u011flar<\/li>\n<li>Kabartmal\u0131 \u00fcst panel g\u00f6zl\u00fck bu\u011fulanmas\u0131n\u0131 azaltmaya yard\u0131mc\u0131 olur<\/li>\n<li>Konumland\u0131rma ve ayar kolayl\u0131\u011f\u0131 i\u00e7in tasarlanm\u0131\u015f \u00e7ene \u015feridi<\/li>\n<li>Katlanabilir tasar\u0131m ve ayr\u0131 ayr\u0131 ambalajlama ile kolayca saklanabilir<\/li>\n<li>Kolay tan\u0131mlama i\u00e7in renk kodlu ba\u015f bantlar\u0131: FFP1 (NPF 4) i\u00e7in sar\u0131, FFP2 (NPF 12) i\u00e7in mavi ve FFP3 (NPF 50) i\u00e7in k\u0131rm\u0131z\u0131<\/li>\n<\/ul>\n<p>&nbsp;<\/p>\n<p class=\"SNAPS--pdpTabDes\">3M\u2122 Aura\u2122 Partik\u00fcl Solunum Maskeleri 9300+ Serisi, d\u00fc\u015f\u00fck solunum direncine sahip filtre ortam\u0131na sahip ergonomik, katlanabilir, 3 panelli tasar\u0131ma sahiptir. FFP1, FFP2 ve FFP3 koruma seviyelerinde ve valfli ve valfsiz modellerde bulunan solunum maskelerimiz, kolay ayarlama i\u00e7in yenilik\u00e7i bir \u00e7ene \u015feridine ve g\u00f6zl\u00fck bu\u011fulanmas\u0131n\u0131 azaltmaya yard\u0131mc\u0131 olan kabartmal\u0131, \u015fekillendirilmi\u015f bir \u00fcst panele sahiptir.<\/p>\n<p class=\"SNAPS--pdpTabDes\">\u00c7ok \u00e7e\u015fitli end\u00fcstriyel uygulamalarda ve di\u011fer tehlikeli ortamlarda toz ve bu\u011fulara kar\u015f\u0131 konforlu koruma i\u00e7in 3M\u2122 Aura\u2122 Partik\u00fcl Solunum Maskeleri 9300+ Serisini kullan\u0131n. 9300+ serimiz FFP1, FFP2 ve FFP3 korumas\u0131 sunar ve rahat\u00e7a konu\u015fman\u0131za ve \u00e7al\u0131\u015fman\u0131za olanak tan\u0131r. 3 panelli tasar\u0131m daha fazla y\u00fcz hareketine izin verirken, kabartmal\u0131 \u00fcst panelin \u015fekillendirilmi\u015f, d\u00fc\u015f\u00fck profilli tarz\u0131 etkili bir s\u0131zd\u0131rmazl\u0131k sa\u011flar, g\u00f6zl\u00fck bu\u011fulanmas\u0131n\u0131 azalt\u0131r ve g\u00f6zl\u00fck uyumlulu\u011funu art\u0131r\u0131r. D\u00fc\u015f\u00fck diren\u00e7li filtre teknolojisi kolayca nefes alman\u0131za yard\u0131mc\u0131 olurken yenilik\u00e7i \u00e7ene \u015feridi basit ayarlamalar yapman\u0131z\u0131 sa\u011flar. Yelpazedeki baz\u0131 \u00fcr\u00fcnler, \u0131s\u0131 birikimini azaltan ve s\u0131cak ve nemli ko\u015fullarda konforlu koruma sa\u011flamaya yard\u0131mc\u0131 olan 3M\u2122 Cool Flow\u2122 Valf i\u00e7erir. Kullan\u0131mdan \u00f6nce kirlenmeyi \u00f6nlemek i\u00e7in ayr\u0131 ayr\u0131 hijyenik ambalaj i\u00e7inde paketlenmi\u015ftir ve \u00f6rg\u00fcl\u00fc, renk kodlu ba\u015f bantlar\u0131, sunulan koruma seviyesini belirlemenize yard\u0131mc\u0131 olur: FFP1 (NPF 4) i\u00e7in sar\u0131, FFP2 (NPF 12) i\u00e7in mavi ve FFP3 (NPF 50) i\u00e7in k\u0131rm\u0131z\u0131. Katlanabilir tasar\u0131mlar\u0131, \u00fcr\u00fcnler kullan\u0131lmad\u0131\u011f\u0131nda saklanmas\u0131n\u0131 kolayla\u015ft\u0131r\u0131r ve 3M G\u00f6zl\u00fck ve Kulak T\u0131kac\u0131 \u00fcr\u00fcnleriyle iyi performans g\u00f6sterir.<\/p>\n<\/div>\n<\/div>\n<\/div>\n<\/div>\n","protected":false},"featured_media":8091,"comment_status":"closed","ping_status":"closed","template":"","meta":[],"product_cat":[278,73,316,317],"product_tag":[],"class_list":["post-8088","product","type-product","status-publish","has-post-thumbnail","hentry","product_cat-3m","product_cat-kafa-ve-yuz-koruyuculari","product_cat-solunum-koruma","product_cat-tek-kullanimlik"],"_links":{"self":[{"href":"https:\/\/ssakimya.com\/index.php\/wp-json\/wp\/v2\/product\/8088","targetHints":{"allow":["GET"]}}],"collection":[{"href":"https:\/\/ssakimya.com\/index.php\/wp-json\/wp\/v2\/product"}],"about":[{"href":"https:\/\/ssakimya.com\/index.php\/wp-json\/wp\/v2\/types\/product"}],"replies":[{"embeddable":true,"href":"https:\/\/ssakimya.com\/index.php\/wp-json\/wp\/v2\/comments?post=8088"}],"wp:featuredmedia":[{"embeddable":true,"href":"https:\/\/ssakimya.com\/index.php\/wp-json\/wp\/v2\/media\/8091"}],"wp:attachment":[{"href":"https:\/\/ssakimya.com\/index.php\/wp-json\/wp\/v2\/media?parent=8088"}],"wp:term":[{"taxonomy":"product_cat","embeddable":true,"href":"https:\/\/ssakimya.com\/index.php\/wp-json\/wp\/v2\/product_cat?post=8088"},{"taxonomy":"product_tag","embeddable":true,"href":"https:\/\/ssakimya.com\/index.php\/wp-json\/wp\/v2\/product_tag?post=8088"}],"curies":[{"name":"wp","href":"https:\/\/api.w.org\/{rel}","templated":true}]}}