{"id":8071,"date":"2022-09-21T22:29:13","date_gmt":"2022-09-21T22:29:13","guid":{"rendered":"http:\/\/ssakimya.com\/?post_type=product&#038;p=8071"},"modified":"2022-09-21T22:29:13","modified_gmt":"2022-09-21T22:29:13","slug":"drager-x-plore-8000-basliklar","status":"publish","type":"product","link":"https:\/\/ssakimya.com\/index.php\/product\/drager-x-plore-8000-basliklar\/","title":{"rendered":"Dr\u00e4ger X-plore\u00ae 8000 Ba\u015fl\u0131klar"},"content":{"rendered":"","protected":false},"excerpt":{"rendered":"<h1>Dr\u00e4ger X-plore<sup>\u00ae<\/sup>\u00a08000 Ba\u015fl\u0131klar<\/h1>\n<p>&nbsp;<\/p>\n<div class=\"hightlightbox teaser\">\n<div class=\"large\">\n<p>Dr\u00e4ger X-plore<sup>\u00ae<\/sup>\u00a08000 ba\u015fl\u0131klar, ortam havas\u0131n\u0131n kullan\u0131m\u0131n\u0131 gerektiren i\u015fler i\u00e7in Dr\u00e4ger X-plore<sup>\u00ae<\/sup>\u00a08000 motorlu hava temizleme respirat\u00f6r\u00fc sistemlerimizin ve ba\u011f\u0131ms\u0131z bir hava kayna\u011f\u0131yla \u00e7al\u0131\u015f\u0131lan i\u015fler i\u00e7in Dr\u00e4ger X-plore<sup>\u00ae<\/sup>\u00a09300 bas\u0131n\u00e7l\u0131 hava hatt\u0131 sistemimizin ayr\u0131lmaz bir par\u00e7as\u0131d\u0131r. Hafif oturan ba\u015fl\u0131klar i\u00e7in en y\u00fcksek koruma kategorisi ile hafif, rahat solunum korumas\u0131 sa\u011flarlar.<\/p>\n<\/div>\n<\/div>\n","protected":false},"featured_media":8080,"comment_status":"closed","ping_status":"closed","template":"","meta":[],"product_cat":[362,73,365],"product_tag":[],"class_list":["post-8071","product","type-product","status-publish","has-post-thumbnail","hentry","product_cat-drager","product_cat-kafa-ve-yuz-koruyuculari","product_cat-motorlu-solunum-koruma-sistemleri"],"_links":{"self":[{"href":"https:\/\/ssakimya.com\/index.php\/wp-json\/wp\/v2\/product\/8071","targetHints":{"allow":["GET"]}}],"collection":[{"href":"https:\/\/ssakimya.com\/index.php\/wp-json\/wp\/v2\/product"}],"about":[{"href":"https:\/\/ssakimya.com\/index.php\/wp-json\/wp\/v2\/types\/product"}],"replies":[{"embeddable":true,"href":"https:\/\/ssakimya.com\/index.php\/wp-json\/wp\/v2\/comments?post=8071"}],"wp:featuredmedia":[{"embeddable":true,"href":"https:\/\/ssakimya.com\/index.php\/wp-json\/wp\/v2\/media\/8080"}],"wp:attachment":[{"href":"https:\/\/ssakimya.com\/index.php\/wp-json\/wp\/v2\/media?parent=8071"}],"wp:term":[{"taxonomy":"product_cat","embeddable":true,"href":"https:\/\/ssakimya.com\/index.php\/wp-json\/wp\/v2\/product_cat?post=8071"},{"taxonomy":"product_tag","embeddable":true,"href":"https:\/\/ssakimya.com\/index.php\/wp-json\/wp\/v2\/product_tag?post=8071"}],"curies":[{"name":"wp","href":"https:\/\/api.w.org\/{rel}","templated":true}]}}