{"id":8057,"date":"2022-09-21T22:19:34","date_gmt":"2022-09-21T22:19:34","guid":{"rendered":"http:\/\/ssakimya.com\/?post_type=product&#038;p=8057"},"modified":"2022-09-21T22:19:34","modified_gmt":"2022-09-21T22:19:34","slug":"drager-x-plore-5500","status":"publish","type":"product","link":"https:\/\/ssakimya.com\/index.php\/product\/drager-x-plore-5500\/","title":{"rendered":"Dr\u00e4ger X-plore\u00ae 5500"},"content":{"rendered":"","protected":false},"excerpt":{"rendered":"<h1>Dr\u00e4ger X-plore<sup>\u00ae<\/sup>\u00a05500<\/h1>\n<p>&nbsp;<\/p>\n<div class=\"hightlightbox teaser\">\n<div class=\"large\">\n<p>Kimya, metal veya otomotiv end\u00fcstrileri, gemi in\u015fa, tedarik veya bertaraf: Dr\u00e4ger X-plore<sup>\u00ae<\/sup>\u00a05500 tam y\u00fcz maskesi, sadece daha fazla solunum korumas\u0131n\u0131n de\u011fil, net bir g\u00f6r\u00fc\u015f\u00fcn de zorunlu oldu\u011fu ortamlar i\u00e7in do\u011fru \u00e7\u00f6z\u00fcmd\u00fcr.<\/p>\n<\/div>\n<\/div>\n","protected":false},"featured_media":8064,"comment_status":"closed","ping_status":"closed","template":"","meta":[],"product_cat":[362,73,364],"product_tag":[],"class_list":["post-8057","product","type-product","status-publish","has-post-thumbnail","hentry","product_cat-drager","product_cat-kafa-ve-yuz-koruyuculari","product_cat-tam-yuz-maskeler"],"_links":{"self":[{"href":"https:\/\/ssakimya.com\/index.php\/wp-json\/wp\/v2\/product\/8057","targetHints":{"allow":["GET"]}}],"collection":[{"href":"https:\/\/ssakimya.com\/index.php\/wp-json\/wp\/v2\/product"}],"about":[{"href":"https:\/\/ssakimya.com\/index.php\/wp-json\/wp\/v2\/types\/product"}],"replies":[{"embeddable":true,"href":"https:\/\/ssakimya.com\/index.php\/wp-json\/wp\/v2\/comments?post=8057"}],"wp:featuredmedia":[{"embeddable":true,"href":"https:\/\/ssakimya.com\/index.php\/wp-json\/wp\/v2\/media\/8064"}],"wp:attachment":[{"href":"https:\/\/ssakimya.com\/index.php\/wp-json\/wp\/v2\/media?parent=8057"}],"wp:term":[{"taxonomy":"product_cat","embeddable":true,"href":"https:\/\/ssakimya.com\/index.php\/wp-json\/wp\/v2\/product_cat?post=8057"},{"taxonomy":"product_tag","embeddable":true,"href":"https:\/\/ssakimya.com\/index.php\/wp-json\/wp\/v2\/product_tag?post=8057"}],"curies":[{"name":"wp","href":"https:\/\/api.w.org\/{rel}","templated":true}]}}