{"id":8044,"date":"2022-09-21T22:05:48","date_gmt":"2022-09-21T22:05:48","guid":{"rendered":"http:\/\/ssakimya.com\/?post_type=product&#038;p=8044"},"modified":"2022-09-21T22:05:48","modified_gmt":"2022-09-21T22:05:48","slug":"607","status":"publish","type":"product","link":"https:\/\/ssakimya.com\/index.php\/product\/607\/","title":{"rendered":"607"},"content":{"rendered":"","protected":false},"excerpt":{"rendered":"<div class=\"u-block-spacer-mt Prose\">\n<ul>\n<li>Model s\u00fcr\u00fcm\u00fcne ba\u011fl\u0131 olarak bu \u00fcr\u00fcnler<\/li>\n<li>G\u00f6zler ve y\u00fcz i\u00e7in genel koruma sa\u011flayabilir<\/li>\n<li>607.01.00.31 ve 607.01.00.32 model versiyonu haricinde s\u0131v\u0131 s\u0131\u00e7ramalar\u0131na kar\u015f\u0131 koruma sa\u011flar<\/li>\n<li>K\u0131sa devreden kaynaklanan elektrik ark\u0131na kar\u015f\u0131 koruma sunar<\/li>\n<li>\u00c7e\u015fitli re\u00e7eteli veya koruma g\u00f6zl\u00fcklerinin \u00fczerine ve baz\u0131 koruyucu solunum cihazlar\u0131n\u0131n \u00fczerine giyilebilir<\/li>\n<\/ul>\n<p>&nbsp;<\/p>\n<\/div>\n<div class=\"u-block-spacer-mt Prose\">\n<p class=\"mb-0\"><strong>\u00c7er\u00e7eve teknolojisi<\/strong><\/p>\n<div class=\"AttributesImages\"><img decoding=\"async\" class=\"js-tooltip lazyloaded\" title=\"\" src=\"https:\/\/www.univetsafety.com\/site\/assets\/files\/1246\/overspec_spectacles.png\" data-src=\"\/site\/assets\/files\/1246\/overspec_spectacles.png\" data-original-title=\"Designed for perfect integration with the prescription glasses, ensuring total protection\" \/><\/div>\n<p class=\"mb-0\"><strong>Lens teknolojileri<\/strong><\/p>\n<div class=\"AttributesImages\"><img decoding=\"async\" class=\"js-tooltip lazyloaded\" title=\"\" src=\"https:\/\/www.univetsafety.com\/site\/assets\/files\/1235\/as.png\" data-src=\"\/site\/assets\/files\/1235\/as.png\" data-original-title=\"\u00c7izilme Direnci (K)\" \/><img decoding=\"async\" class=\"js-tooltip lazyloaded\" title=\"\" src=\"https:\/\/www.univetsafety.com\/site\/assets\/files\/1234\/as.png\" data-src=\"\/site\/assets\/files\/1234\/as.png\" data-original-title=\"\u00c7izilme Direnci\" \/><img decoding=\"async\" class=\"js-tooltip lazyloaded\" title=\"\" src=\"https:\/\/www.univetsafety.com\/site\/assets\/files\/1232\/af.png\" data-src=\"\/site\/assets\/files\/1232\/af.png\" data-original-title=\"Bu\u011fu direnci\" \/><img decoding=\"async\" class=\"js-tooltip lazyloaded\" title=\"\" src=\"https:\/\/www.univetsafety.com\/site\/assets\/files\/27263\/mirrored_lens.png\" data-src=\"\/site\/assets\/files\/27263\/mirrored_lens.png\" data-original-title=\"Mirrored Lens\" \/><\/div>\n<\/div>\n","protected":false},"featured_media":8047,"comment_status":"closed","ping_status":"closed","template":"","meta":[],"product_cat":[73,280,361],"product_tag":[],"class_list":["post-8044","product","type-product","status-publish","has-post-thumbnail","hentry","product_cat-kafa-ve-yuz-koruyuculari","product_cat-univet","product_cat-yuz-koruyucular"],"_links":{"self":[{"href":"https:\/\/ssakimya.com\/index.php\/wp-json\/wp\/v2\/product\/8044","targetHints":{"allow":["GET"]}}],"collection":[{"href":"https:\/\/ssakimya.com\/index.php\/wp-json\/wp\/v2\/product"}],"about":[{"href":"https:\/\/ssakimya.com\/index.php\/wp-json\/wp\/v2\/types\/product"}],"replies":[{"embeddable":true,"href":"https:\/\/ssakimya.com\/index.php\/wp-json\/wp\/v2\/comments?post=8044"}],"wp:featuredmedia":[{"embeddable":true,"href":"https:\/\/ssakimya.com\/index.php\/wp-json\/wp\/v2\/media\/8047"}],"wp:attachment":[{"href":"https:\/\/ssakimya.com\/index.php\/wp-json\/wp\/v2\/media?parent=8044"}],"wp:term":[{"taxonomy":"product_cat","embeddable":true,"href":"https:\/\/ssakimya.com\/index.php\/wp-json\/wp\/v2\/product_cat?post=8044"},{"taxonomy":"product_tag","embeddable":true,"href":"https:\/\/ssakimya.com\/index.php\/wp-json\/wp\/v2\/product_tag?post=8044"}],"curies":[{"name":"wp","href":"https:\/\/api.w.org\/{rel}","templated":true}]}}