{"id":8042,"date":"2022-09-21T21:59:00","date_gmt":"2022-09-21T21:59:00","guid":{"rendered":"http:\/\/ssakimya.com\/?post_type=product&#038;p=8042"},"modified":"2022-09-21T21:59:00","modified_gmt":"2022-09-21T21:59:00","slug":"605","status":"publish","type":"product","link":"https:\/\/ssakimya.com\/index.php\/product\/605\/","title":{"rendered":"605"},"content":{"rendered":"","protected":false},"excerpt":{"rendered":"<div class=\"u-block-spacer-mt Prose\">\n<ul>\n<li>Ergonomik bir tasar\u0131mla karakterize edilen kask \/ kafa donan\u0131m\u0131<\/li>\n<li>Rahat bir y\u00fckseklik ayar\u0131 belirleyebilen, ba\u015f\u0131n etraf\u0131na sar\u0131lmas\u0131 ama\u00e7lanan bir \u00fcst bant sa\u011flanm\u0131\u015ft\u0131r.<\/li>\n<li>Ayarlanabilir kremayer di\u015flisi ile her kafa yap\u0131s\u0131na tam oturur<\/li>\n<li>A\u00e7\u0131l\u0131p kapanabilir sistem ile 90 \u00b0 ve \u00fczeri d\u00f6nme<\/li>\n<li>Operat\u00f6r\u00fcn elektrik ark\u0131na maruz kalabilece\u011fi bu t\u00fcr kullan\u0131m alanlar\u0131 i\u00e7in metal i\u00e7ermeyen versiyon mevcuttur (605.04.00.00)<\/li>\n<li>(605.01.00.00)Kafes tipi g\u00f6z ve y\u00fcz koruyucular\u0131 ile kombine edilebilir (EN1731)<\/li>\n<\/ul>\n<p>&nbsp;<\/p>\n<\/div>\n<div class=\"u-block-spacer-mt Prose\">\n<p class=\"mb-0\"><strong>\u00c7er\u00e7eve teknolojisi<\/strong><\/p>\n<div class=\"AttributesImages\"><img decoding=\"async\" class=\"js-tooltip lazyloaded\" title=\"\" src=\"https:\/\/www.univetsafety.com\/site\/assets\/files\/1246\/overspec_spectacles.png\" data-src=\"\/site\/assets\/files\/1246\/overspec_spectacles.png\" data-original-title=\"Designed for perfect integration with the prescription glasses, ensuring total protection\" \/><\/div>\n<\/div>\n","protected":false},"featured_media":8043,"comment_status":"closed","ping_status":"closed","template":"","meta":[],"product_cat":[73,280,361],"product_tag":[],"class_list":["post-8042","product","type-product","status-publish","has-post-thumbnail","hentry","product_cat-kafa-ve-yuz-koruyuculari","product_cat-univet","product_cat-yuz-koruyucular"],"_links":{"self":[{"href":"https:\/\/ssakimya.com\/index.php\/wp-json\/wp\/v2\/product\/8042","targetHints":{"allow":["GET"]}}],"collection":[{"href":"https:\/\/ssakimya.com\/index.php\/wp-json\/wp\/v2\/product"}],"about":[{"href":"https:\/\/ssakimya.com\/index.php\/wp-json\/wp\/v2\/types\/product"}],"replies":[{"embeddable":true,"href":"https:\/\/ssakimya.com\/index.php\/wp-json\/wp\/v2\/comments?post=8042"}],"wp:featuredmedia":[{"embeddable":true,"href":"https:\/\/ssakimya.com\/index.php\/wp-json\/wp\/v2\/media\/8043"}],"wp:attachment":[{"href":"https:\/\/ssakimya.com\/index.php\/wp-json\/wp\/v2\/media?parent=8042"}],"wp:term":[{"taxonomy":"product_cat","embeddable":true,"href":"https:\/\/ssakimya.com\/index.php\/wp-json\/wp\/v2\/product_cat?post=8042"},{"taxonomy":"product_tag","embeddable":true,"href":"https:\/\/ssakimya.com\/index.php\/wp-json\/wp\/v2\/product_tag?post=8042"}],"curies":[{"name":"wp","href":"https:\/\/api.w.org\/{rel}","templated":true}]}}