{"id":8041,"date":"2022-09-21T22:01:24","date_gmt":"2022-09-21T22:01:24","guid":{"rendered":"http:\/\/ssakimya.com\/?post_type=product&#038;p=8041"},"modified":"2022-09-21T22:01:24","modified_gmt":"2022-09-21T22:01:24","slug":"606","status":"publish","type":"product","link":"https:\/\/ssakimya.com\/index.php\/product\/606\/","title":{"rendered":"606"},"content":{"rendered":"","protected":false},"excerpt":{"rendered":"<div class=\"u-block-spacer-mt Prose\">\n<ul>\n<li>90\u00b0 d\u00f6nd\u00fcrme ile a\u00e7\u0131l\u0131p kapanabilir sistem<\/li>\n<li>Anodize al\u00fcminyumdan veya termoplastik malzemelerden yap\u0131lma kask adapt\u00f6rleri mevcuttur<\/li>\n<li>(606.05.00.00), i\u015fitme koruyucular\u0131 ve kasklar\u0131 ile kombine ba\u011flant\u0131 i\u00e7in \u00f6zel olarak \u00e7al\u0131\u015f\u0131lan bir \u00fcr\u00fcnd\u00fcr<\/li>\n<li>(606.04.00.00) Operat\u00f6r\u00fcn kazara elektrik ark\u0131na maruz kalabilece\u011fi bu t\u00fcr kullan\u0131m alanlar\u0131 i\u00e7in metal i\u00e7ermeyen s\u00fcr\u00fcm\u00fc mevcuttur<\/li>\n<li>(606.02.00.00) Kafes tipi g\u00f6z ve y\u00fcz koruyucular\u0131 ile kombine edilebilir (rEN1731)<\/li>\n<\/ul>\n<p>&nbsp;<\/p>\n<\/div>\n<div class=\"u-block-spacer-mt Prose\">\n<p class=\"mb-0\"><strong>\u00c7er\u00e7eve teknolojisi<\/strong><\/p>\n<div class=\"AttributesImages\"><img decoding=\"async\" class=\"js-tooltip lazyloaded\" title=\"\" src=\"https:\/\/www.univetsafety.com\/site\/assets\/files\/1246\/overspec_spectacles.png\" data-src=\"\/site\/assets\/files\/1246\/overspec_spectacles.png\" data-original-title=\"Designed for perfect integration with the prescription glasses, ensuring total protection\" \/><\/div>\n<\/div>\n","protected":false},"featured_media":8045,"comment_status":"closed","ping_status":"closed","template":"","meta":[],"product_cat":[73,280,361],"product_tag":[],"class_list":["post-8041","product","type-product","status-publish","has-post-thumbnail","hentry","product_cat-kafa-ve-yuz-koruyuculari","product_cat-univet","product_cat-yuz-koruyucular"],"_links":{"self":[{"href":"https:\/\/ssakimya.com\/index.php\/wp-json\/wp\/v2\/product\/8041","targetHints":{"allow":["GET"]}}],"collection":[{"href":"https:\/\/ssakimya.com\/index.php\/wp-json\/wp\/v2\/product"}],"about":[{"href":"https:\/\/ssakimya.com\/index.php\/wp-json\/wp\/v2\/types\/product"}],"replies":[{"embeddable":true,"href":"https:\/\/ssakimya.com\/index.php\/wp-json\/wp\/v2\/comments?post=8041"}],"wp:featuredmedia":[{"embeddable":true,"href":"https:\/\/ssakimya.com\/index.php\/wp-json\/wp\/v2\/media\/8045"}],"wp:attachment":[{"href":"https:\/\/ssakimya.com\/index.php\/wp-json\/wp\/v2\/media?parent=8041"}],"wp:term":[{"taxonomy":"product_cat","embeddable":true,"href":"https:\/\/ssakimya.com\/index.php\/wp-json\/wp\/v2\/product_cat?post=8041"},{"taxonomy":"product_tag","embeddable":true,"href":"https:\/\/ssakimya.com\/index.php\/wp-json\/wp\/v2\/product_tag?post=8041"}],"curies":[{"name":"wp","href":"https:\/\/api.w.org\/{rel}","templated":true}]}}