{"id":8038,"date":"2022-09-21T21:55:19","date_gmt":"2022-09-21T21:55:19","guid":{"rendered":"http:\/\/ssakimya.com\/?post_type=product&#038;p=8038"},"modified":"2022-09-21T21:55:20","modified_gmt":"2022-09-21T21:55:20","slug":"6x1","status":"publish","type":"product","link":"https:\/\/ssakimya.com\/index.php\/product\/6x1\/","title":{"rendered":"6X1"},"content":{"rendered":"","protected":false},"excerpt":{"rendered":"<p>6X1, bir koruma g\u00f6zl\u00fc\u011f\u00fcn fonksiyonelli\u011fi ile tam koruma g\u00f6zl\u00fc\u011f\u00fcn\u00fcn faydalar\u0131n\u0131 birle\u015ftirir. SoftPad teknolojisine sahip tamamen ki\u015fiselle\u015ftirilebilen ayarlanabilir saplar, mutlak \u00e7ok y\u00f6nl\u00fcl\u00fck i\u00e7in dahil edilen elastik bantla kolayca de\u011fi\u015ftirilebilir; B\u00f6ylece, dahili kau\u00e7u\u011fun \u00f6zel tasar\u0131m\u0131 ile damlalara, spreylere ve b\u00fcy\u00fck toz par\u00e7ac\u0131klar\u0131na kar\u015f\u0131 garanti edilen koruma, konfor ve kullan\u0131m kolayl\u0131\u011f\u0131 ile kombine edilir.<\/p>\n<p>&nbsp;<\/p>\n<div class=\"u-block-spacer-mt Prose\">\n<ul>\n<li>Net ve do\u011fru bir g\u00f6r\u00fc\u015f alan\u0131 i\u00e7in 1.s\u0131n\u0131f optik kaliteye sahip geni\u015f lens<\/li>\n<li>Y\u00fcze tam oturmas\u0131 i\u00e7in e\u011filim hareketli, kau\u00e7uk beslemeli g\u00f6zl\u00fck saplar\u0131<\/li>\n<li>Uzunluk ve a\u00e7\u0131sal ayarlanabilen saplar<\/li>\n<li>Y\u00fcze yumu\u015fak oturan y\u00fcksek konforlu termoplastik i\u00e7lik<\/li>\n<li>EN166 uyar\u0131nca damlac\u0131k, s\u0131\u00e7ramalar ve b\u00fcy\u00fck toz par\u00e7ac\u0131klar\u0131na kar\u015f\u0131 korumay\u0131 garanti eden 3 ve 4 markalamas\u0131<\/li>\n<li>Saplar ve elastik ba\u015f band\u0131 aras\u0131nda h\u0131zl\u0131&amp;pratik de\u011fi\u015fim sistemi<\/li>\n<li>Elastik ba\u015f band\u0131 ve g\u00f6zl\u00fck saplar\u0131 her bir pakete dahil edilmi\u015ftir<\/li>\n<\/ul>\n<p>&nbsp;<\/p>\n<\/div>\n<div class=\"u-block-spacer-mt Prose\">\n<p class=\"mb-0\"><strong>Lens teknolojileri<\/strong><\/p>\n<div class=\"AttributesImages\"><img decoding=\"async\" class=\"js-tooltip lazyloaded\" title=\"\" src=\"https:\/\/www.univetsafety.com\/site\/assets\/files\/1240\/vplus.png\" data-src=\"\/site\/assets\/files\/1240\/vplus.png\" data-original-title=\"VANGUARD PLUS - K ve N sertifikal\u0131, y\u00fcksek performansl\u0131, \u00e7izilmeye ve bu\u011fulanmaya kar\u015f\u0131 \u00fcst d\u00fczey koruma\" \/><\/div>\n<p class=\"mb-0\"><strong>\u00c7er\u00e7eve teknolojisi<\/strong><\/p>\n<div class=\"AttributesImages\"><img decoding=\"async\" class=\"js-tooltip lazyloaded\" title=\"\" src=\"https:\/\/www.univetsafety.com\/site\/assets\/files\/1243\/length_adj.png\" data-src=\"\/site\/assets\/files\/1243\/length_adj.png\" data-original-title=\"G\u00f6zl\u00fck saplar\u0131n\u0131n uzunluk ayar\u0131\" \/><img decoding=\"async\" class=\"js-tooltip lazyloaded\" title=\"\" src=\"https:\/\/www.univetsafety.com\/site\/assets\/files\/1244\/inclination_adj.png\" data-src=\"\/site\/assets\/files\/1244\/inclination_adj.png\" data-original-title=\"G\u00f6zl\u00fck saplar\u0131n\u0131n a\u00e7\u0131sal ayar\u0131\" \/><img decoding=\"async\" class=\"js-tooltip lazyloaded\" title=\"\" src=\"https:\/\/www.univetsafety.com\/site\/assets\/files\/4694\/rubber_terminal.png\" data-src=\"\/site\/assets\/files\/4694\/rubber_terminal.png\" data-original-title=\"Kau\u00e7uk beslemeli g\u00f6zl\u00fck saplar\u0131\" \/><img decoding=\"async\" class=\"js-tooltip lazyloaded\" title=\"\" src=\"https:\/\/www.univetsafety.com\/site\/assets\/files\/4695\/tilting_movement.png\" data-src=\"\/site\/assets\/files\/4695\/tilting_movement.png\" data-original-title=\"E\u011filim hareketli g\u00f6zl\u00fck saplar\u0131\" \/><img decoding=\"async\" class=\"js-tooltip lazyloaded\" title=\"\" src=\"https:\/\/www.univetsafety.com\/site\/assets\/files\/1242\/softpad.png\" data-src=\"\/site\/assets\/files\/1242\/softpad.png\" data-original-title=\"SoftPad\" aria-describedby=\"tooltip872866\" \/><\/div>\n<\/div>\n","protected":false},"featured_media":8040,"comment_status":"closed","ping_status":"closed","template":"","meta":[],"product_cat":[73,360,280],"product_tag":[],"class_list":["post-8038","product","type-product","status-publish","has-post-thumbnail","hentry","product_cat-kafa-ve-yuz-koruyuculari","product_cat-tam-koruma-gozlukleri","product_cat-univet"],"_links":{"self":[{"href":"https:\/\/ssakimya.com\/index.php\/wp-json\/wp\/v2\/product\/8038","targetHints":{"allow":["GET"]}}],"collection":[{"href":"https:\/\/ssakimya.com\/index.php\/wp-json\/wp\/v2\/product"}],"about":[{"href":"https:\/\/ssakimya.com\/index.php\/wp-json\/wp\/v2\/types\/product"}],"replies":[{"embeddable":true,"href":"https:\/\/ssakimya.com\/index.php\/wp-json\/wp\/v2\/comments?post=8038"}],"wp:featuredmedia":[{"embeddable":true,"href":"https:\/\/ssakimya.com\/index.php\/wp-json\/wp\/v2\/media\/8040"}],"wp:attachment":[{"href":"https:\/\/ssakimya.com\/index.php\/wp-json\/wp\/v2\/media?parent=8038"}],"wp:term":[{"taxonomy":"product_cat","embeddable":true,"href":"https:\/\/ssakimya.com\/index.php\/wp-json\/wp\/v2\/product_cat?post=8038"},{"taxonomy":"product_tag","embeddable":true,"href":"https:\/\/ssakimya.com\/index.php\/wp-json\/wp\/v2\/product_tag?post=8038"}],"curies":[{"name":"wp","href":"https:\/\/api.w.org\/{rel}","templated":true}]}}