{"id":8028,"date":"2022-09-21T21:41:04","date_gmt":"2022-09-21T21:41:04","guid":{"rendered":"http:\/\/ssakimya.com\/?post_type=product&#038;p=8028"},"modified":"2022-09-21T21:41:04","modified_gmt":"2022-09-21T21:41:04","slug":"5x9","status":"publish","type":"product","link":"https:\/\/ssakimya.com\/index.php\/product\/5x9\/","title":{"rendered":"5X9"},"content":{"rendered":"","protected":false},"excerpt":{"rendered":"<p>5X9 modelinin iki lensli yap\u0131s\u0131, cihaza polikarbonat lenslere alternatif malzemeler sa\u011flamaya izin vererek daha fazla say\u0131da profesyonel alanda koruma sa\u011flar. Entegre flip-up aparatlar, katalogdaki geni\u015f filtre yelpazesi ile m\u00fcmk\u00fcn k\u0131l\u0131nan maksimum kullan\u0131m esnekli\u011fi i\u00e7in benzersiz bir mod\u00fcler sistem olu\u015fturan camlarla m\u00fckemmel bir uyum i\u00e7erisinde \u00e7al\u0131\u015f\u0131r.<\/p>\n<p>&nbsp;<\/p>\n<div class=\"u-block-spacer-mt Prose\">\n<ul>\n<li>Kau\u00e7uk beslemeli ve e\u011filim hareketli tap\u0131naklar<\/li>\n<li>Uzunluk ve a\u00e7\u0131sal ayarlanabilen g\u00f6zl\u00fck saplar\u0131<\/li>\n<li>Hava sirk\u00fclasyonu i\u00e7in nefes alabilen entegre yan korumalar<\/li>\n<li>Polikarbonat, CR39 ve cam lens alternatifleri mevcuttur<\/li>\n<li>Re\u00e7eteli lens kullan\u0131c\u0131lar\u0131 i\u00e7in de bir \u00e7\u00f6z\u00fcm alternatifi sunar<\/li>\n<\/ul>\n<p>&nbsp;<\/p>\n<\/div>\n<div class=\"u-block-spacer-mt Prose\">\n<p class=\"mb-0\"><strong>Lens teknolojileri<\/strong><\/p>\n<div class=\"AttributesImages\"><img decoding=\"async\" class=\"js-tooltip lazyloaded\" title=\"\" src=\"https:\/\/www.univetsafety.com\/site\/assets\/files\/1235\/as.png\" data-src=\"\/site\/assets\/files\/1235\/as.png\" data-original-title=\"\u00c7izilme Direnci (K)\" \/><img decoding=\"async\" class=\"js-tooltip lazyloaded\" title=\"\" src=\"https:\/\/www.univetsafety.com\/site\/assets\/files\/1233\/af.png\" data-src=\"\/site\/assets\/files\/1233\/af.png\" data-original-title=\"Bu\u011fu direnci (N)\" \/><\/div>\n<p class=\"mb-0\"><strong>\u00c7er\u00e7eve teknolojisi<\/strong><\/p>\n<div class=\"AttributesImages\"><img decoding=\"async\" class=\"js-tooltip lazyloaded\" title=\"\" src=\"https:\/\/www.univetsafety.com\/site\/assets\/files\/1243\/length_adj.png\" data-src=\"\/site\/assets\/files\/1243\/length_adj.png\" data-original-title=\"G\u00f6zl\u00fck saplar\u0131n\u0131n uzunluk ayar\u0131\" \/><img decoding=\"async\" class=\"js-tooltip lazyloaded\" title=\"\" src=\"https:\/\/www.univetsafety.com\/site\/assets\/files\/1244\/inclination_adj.png\" data-src=\"\/site\/assets\/files\/1244\/inclination_adj.png\" data-original-title=\"G\u00f6zl\u00fck saplar\u0131n\u0131n a\u00e7\u0131sal ayar\u0131\" \/><img decoding=\"async\" class=\"js-tooltip lazyloaded\" title=\"\" src=\"https:\/\/www.univetsafety.com\/site\/assets\/files\/4694\/rubber_terminal.png\" data-src=\"\/site\/assets\/files\/4694\/rubber_terminal.png\" data-original-title=\"Kau\u00e7uk beslemeli g\u00f6zl\u00fck saplar\u0131\" \/><img decoding=\"async\" class=\"js-tooltip lazyloaded\" title=\"\" src=\"https:\/\/www.univetsafety.com\/site\/assets\/files\/4695\/tilting_movement.png\" data-src=\"\/site\/assets\/files\/4695\/tilting_movement.png\" data-original-title=\"E\u011filim hareketli g\u00f6zl\u00fck saplar\u0131\" \/><img decoding=\"async\" class=\"js-tooltip lazyloaded\" title=\"\" src=\"https:\/\/www.univetsafety.com\/site\/assets\/files\/1242\/softpad.png\" data-src=\"\/site\/assets\/files\/1242\/softpad.png\" data-original-title=\"SoftPad\" \/><\/div>\n<\/div>\n","protected":false},"featured_media":8032,"comment_status":"closed","ping_status":"closed","template":"","meta":[],"product_cat":[334,73,280],"product_tag":[],"class_list":["post-8028","product","type-product","status-publish","has-post-thumbnail","hentry","product_cat-guvenlik-gozlukleri","product_cat-kafa-ve-yuz-koruyuculari","product_cat-univet"],"_links":{"self":[{"href":"https:\/\/ssakimya.com\/index.php\/wp-json\/wp\/v2\/product\/8028","targetHints":{"allow":["GET"]}}],"collection":[{"href":"https:\/\/ssakimya.com\/index.php\/wp-json\/wp\/v2\/product"}],"about":[{"href":"https:\/\/ssakimya.com\/index.php\/wp-json\/wp\/v2\/types\/product"}],"replies":[{"embeddable":true,"href":"https:\/\/ssakimya.com\/index.php\/wp-json\/wp\/v2\/comments?post=8028"}],"wp:featuredmedia":[{"embeddable":true,"href":"https:\/\/ssakimya.com\/index.php\/wp-json\/wp\/v2\/media\/8032"}],"wp:attachment":[{"href":"https:\/\/ssakimya.com\/index.php\/wp-json\/wp\/v2\/media?parent=8028"}],"wp:term":[{"taxonomy":"product_cat","embeddable":true,"href":"https:\/\/ssakimya.com\/index.php\/wp-json\/wp\/v2\/product_cat?post=8028"},{"taxonomy":"product_tag","embeddable":true,"href":"https:\/\/ssakimya.com\/index.php\/wp-json\/wp\/v2\/product_tag?post=8028"}],"curies":[{"name":"wp","href":"https:\/\/api.w.org\/{rel}","templated":true}]}}