{"id":8015,"date":"2022-09-21T21:09:25","date_gmt":"2022-09-21T21:09:25","guid":{"rendered":"http:\/\/ssakimya.com\/?post_type=product&#038;p=8015"},"modified":"2022-09-21T21:09:26","modified_gmt":"2022-09-21T21:09:26","slug":"505-up","status":"publish","type":"product","link":"https:\/\/ssakimya.com\/index.php\/product\/505-up\/","title":{"rendered":"505 UP"},"content":{"rendered":"","protected":false},"excerpt":{"rendered":"<div class=\"u-block-spacer-mt Prose\">\n<ul>\n<li>Son derece hafif ve g\u00f6z\u00fc saran bir yap\u0131<\/li>\n<li>Daha iyi bir ergonomi i\u00e7in tasarlanm\u0131\u015f g\u00f6zl\u00fck saplar\u0131<\/li>\n<li>Daha iyi bir yan koruma i\u00e7in panoramik ve y\u00fcz\u00fc saran lens<\/li>\n<li>Son derece esnek ve dayan\u0131kl\u0131 elastik yap\u0131<\/li>\n<li>Yumu\u015fak ayarlanabilir burun pedi sayesinde optimum konfor ve uyum<\/li>\n<li>Paket i\u00e7erisinde ayarlanabilir boyun ipi<\/li>\n<\/ul>\n<\/div>\n<div class=\"u-block-spacer-mt Prose\">\n<p class=\"mb-0\"><strong>Lens teknolojileri<\/strong><\/p>\n<div class=\"AttributesImages\"><img decoding=\"async\" class=\"js-tooltip lazyloaded\" title=\"\" src=\"https:\/\/www.univetsafety.com\/site\/assets\/files\/1234\/as.png\" data-src=\"\/site\/assets\/files\/1234\/as.png\" data-original-title=\"\u00c7izilme Direnci\" \/><img decoding=\"async\" class=\"js-tooltip lazyloaded\" title=\"\" src=\"https:\/\/www.univetsafety.com\/site\/assets\/files\/1232\/af.png\" data-src=\"\/site\/assets\/files\/1232\/af.png\" data-original-title=\"Bu\u011fu direnci\" \/><img decoding=\"async\" class=\"js-tooltip lazyloaded\" title=\"\" src=\"https:\/\/www.univetsafety.com\/site\/assets\/files\/1238\/uv400.png\" data-src=\"\/site\/assets\/files\/1238\/uv400.png\" data-original-title=\"UV400\" \/><img decoding=\"async\" class=\"js-tooltip lazyloaded\" title=\"\" src=\"https:\/\/www.univetsafety.com\/site\/assets\/files\/27263\/mirrored_lens.png\" data-src=\"\/site\/assets\/files\/27263\/mirrored_lens.png\" data-original-title=\"Mirrored Lens\" \/><\/div>\n<p class=\"mb-0\"><strong>\u00c7er\u00e7eve teknolojisi<\/strong><\/p>\n<div class=\"AttributesImages\"><img decoding=\"async\" class=\"js-tooltip lazyloaded\" title=\"\" src=\"https:\/\/www.univetsafety.com\/site\/assets\/files\/1245\/nose_pad.png\" data-src=\"\/site\/assets\/files\/1245\/nose_pad.png\" data-original-title=\"Burun pabucu ayar\u0131\" \/><\/div>\n<\/div>\n","protected":false},"featured_media":8017,"comment_status":"closed","ping_status":"closed","template":"","meta":[],"product_cat":[334,73,280],"product_tag":[],"class_list":["post-8015","product","type-product","status-publish","has-post-thumbnail","hentry","product_cat-guvenlik-gozlukleri","product_cat-kafa-ve-yuz-koruyuculari","product_cat-univet"],"_links":{"self":[{"href":"https:\/\/ssakimya.com\/index.php\/wp-json\/wp\/v2\/product\/8015","targetHints":{"allow":["GET"]}}],"collection":[{"href":"https:\/\/ssakimya.com\/index.php\/wp-json\/wp\/v2\/product"}],"about":[{"href":"https:\/\/ssakimya.com\/index.php\/wp-json\/wp\/v2\/types\/product"}],"replies":[{"embeddable":true,"href":"https:\/\/ssakimya.com\/index.php\/wp-json\/wp\/v2\/comments?post=8015"}],"wp:featuredmedia":[{"embeddable":true,"href":"https:\/\/ssakimya.com\/index.php\/wp-json\/wp\/v2\/media\/8017"}],"wp:attachment":[{"href":"https:\/\/ssakimya.com\/index.php\/wp-json\/wp\/v2\/media?parent=8015"}],"wp:term":[{"taxonomy":"product_cat","embeddable":true,"href":"https:\/\/ssakimya.com\/index.php\/wp-json\/wp\/v2\/product_cat?post=8015"},{"taxonomy":"product_tag","embeddable":true,"href":"https:\/\/ssakimya.com\/index.php\/wp-json\/wp\/v2\/product_tag?post=8015"}],"curies":[{"name":"wp","href":"https:\/\/api.w.org\/{rel}","templated":true}]}}