{"id":7953,"date":"2022-09-21T09:07:53","date_gmt":"2022-09-21T09:07:53","guid":{"rendered":"http:\/\/ssakimya.com\/?post_type=product&#038;p=7953"},"modified":"2022-09-21T09:07:53","modified_gmt":"2022-09-21T09:07:53","slug":"krytech-832","status":"publish","type":"product","link":"https:\/\/ssakimya.com\/index.php\/product\/krytech-832\/","title":{"rendered":"KryTech 832"},"content":{"rendered":"","protected":false},"excerpt":{"rendered":"<h1 class=\"page-title\">KryTech 832<\/h1>\n<p>&nbsp;<\/p>\n<p class=\"page-lead\">Kuru ve az kuru ortamlarda a\u011f\u0131r ve keskin metal par\u00e7alar\u0131n ta\u015f\u0131nmas\u0131 i\u00e7in iyi koruma<\/p>\n<h2><\/h2>\n<h2 id=\"specific-advantages\">\u00d6nemli avantajlar<\/h2>\n<ul>\n<li>Elin kusursuz termal yal\u0131t\u0131m\u0131<\/li>\n<li><a title=\"Anatomik\" href=\"https:\/\/www.tr.mapa-pro.com\/bilgi-merkezi\/soezluek\/tanim\/anatomik\">Anatomik<\/a>\u00a0bi\u00e7im ve malzemenin esnekli\u011fi sayesinde ekstra konfor<\/li>\n<li>Tra\u015flanmam\u0131\u015f metal ile kar\u015f\u0131 kar\u015f\u0131ya kal\u0131nd\u0131\u011f\u0131nda dahi uzun servis \u00f6mr\u00fc<\/li>\n<li>Harici deri katman sayesinde ya\u011fl\u0131 ortamlarda par\u00e7alar\u0131n g\u00fcvenli \u015fekilde tutulup kald\u0131r\u0131lmas\u0131 i\u00e7in iyi kavrama<\/li>\n<li>Boyamadan \u00f6nce metal sa\u00e7 ve cam da iz ve kusur olu\u015fmas\u0131n\u0131 \u00f6nlemek i\u00e7in silikon i\u00e7ermez<\/li>\n<li>Kuru temizleme: Eldivenin \u00f6mr\u00fcn\u00fc uzatmak, maliyetleri ve israf\u0131 azaltmak i\u00e7in performanslarda * herhangi bir de\u011fi\u015fiklik olmaks\u0131z\u0131n 5 kata kadar<\/li>\n<\/ul>\n<p><small>*Testler kullan\u0131lmam\u0131\u015f yeni eldivenler \u00fczerinde yap\u0131lm\u0131\u015ft\u0131r. Bu sebepten dolay\u0131 ger\u00e7ek saha ko\u015fullar\u0131 uygulamalar\u0131 farkl\u0131l\u0131k g\u00f6sterebilir.<\/small><\/p>\n<h2><\/h2>\n<h2 id=\"applications\">Uygulama<\/h2>\n<p><strong>Otomotiv\/mekanik end\u00fcstrisi<\/strong><\/p>\n<ul>\n<li>Metal i\u015fi<\/li>\n<li>Metal sa\u00e7 veya tra\u015flanmam\u0131\u015f par\u00e7alar\u0131n ta\u015f\u0131nmas\u0131<\/li>\n<li>Metal sa\u00e7 ta\u015f\u0131ma<\/li>\n<li>Par\u00e7alar\u0131n bask\u0131 sonras\u0131 ta\u015f\u0131nmas\u0131<\/li>\n<li>\u015eeritlerin kesilmesi (plazma vs&#8230;.)<\/li>\n<\/ul>\n<h2><\/h2>\n<h2 id=\"standards\">Standartlar<\/h2>\n<ul class=\"norms-list\">\n<li title=\"Kat. 2\"><span class=\"type\">KAT. 2<\/span><img loading=\"lazy\" decoding=\"async\" src=\"https:\/\/www.tr.mapa-pro.com\/fileadmin\/_processed_storage_data\/a\/e\/csm_mapa-pim-picto-ce-category_edc1866ba7.jpg\" alt=\"Kat. 2\" width=\"34\" height=\"34\" \/><\/li>\n<li title=\"Mekanik tehlikeler EN 388\"><img loading=\"lazy\" decoding=\"async\" src=\"https:\/\/www.tr.mapa-pro.com\/fileadmin\/_processed_storage_data\/2\/9\/csm_mapa-pim-picto-en388-2016-digit_92e7fe8ce2.jpg\" alt=\"Mekanik tehlikeler EN 388\" width=\"34\" height=\"34\" \/>4X43E<\/li>\n<li title=\"Is\u0131 ve yang\u0131n EN 407\"><img loading=\"lazy\" decoding=\"async\" src=\"https:\/\/www.tr.mapa-pro.com\/fileadmin\/_processed_storage_data\/3\/2\/csm_en407-year_2020_1412766aa3.jpg\" alt=\"Is\u0131 ve yang\u0131n EN 407\" width=\"34\" height=\"34\" \/>X1XXXX<\/li>\n<li title=\"ANSI cut A5\"><img loading=\"lazy\" decoding=\"async\" src=\"https:\/\/www.tr.mapa-pro.com\/fileadmin\/_processed_storage_data\/2\/6\/csm_mapa-pim-picto-ansi-cut_a5_c668916958.jpg\" alt=\"ANSI cut A5\" width=\"34\" height=\"34\" \/><\/li>\n<li title=\"\">ISO\u00a013997:<br \/>\n24.3N\u00a0(2477g)<\/li>\n<\/ul>\n<h2><\/h2>\n<h2 id=\"product-detail\">\u00dcr\u00fcn bilgileri<\/h2>\n<table class=\"table table-bordered\">\n<tbody>\n<tr>\n<th>Malzeme<\/th>\n<td><\/td>\n<\/tr>\n<tr>\n<th>Renk<\/th>\n<td>Gri<\/td>\n<\/tr>\n<tr>\n<th>\u0130\u00e7 Kaplama<\/th>\n<td>\u00dcst seviye elyaftan diki\u015fsiz kuma\u015f takviyesi<\/td>\n<\/tr>\n<tr>\n<th>D\u0131\u015f Kaplama<\/th>\n<td>Parmak destekli avu\u00e7 i\u00e7i deri \/ indeks<\/td>\n<\/tr>\n<tr>\n<th>Uzunluk (cm)<\/th>\n<td>24-27<\/td>\n<\/tr>\n<tr>\n<th>Boy<\/th>\n<td>8 9 10 11<\/td>\n<\/tr>\n<tr>\n<th>Ambalajlama<\/th>\n<td>1 \u00e7ift\/torba<br \/>\n12 \u00e7ift\/kutu<br \/>\n72 \u00e7ift\/karton<\/td>\n<\/tr>\n<\/tbody>\n<\/table>\n","protected":false},"featured_media":7958,"comment_status":"closed","ping_status":"closed","template":"","meta":[],"product_cat":[67,306,347,282],"product_tag":[],"class_list":["post-7953","product","type-product","status-publish","has-post-thumbnail","hentry","product_cat-el-kol-koruyucular","product_cat-kesik-koruma","product_cat-kesilmeye-karsi-koruma-agir-hizmet-tipi-icin","product_cat-mapa"],"_links":{"self":[{"href":"https:\/\/ssakimya.com\/index.php\/wp-json\/wp\/v2\/product\/7953","targetHints":{"allow":["GET"]}}],"collection":[{"href":"https:\/\/ssakimya.com\/index.php\/wp-json\/wp\/v2\/product"}],"about":[{"href":"https:\/\/ssakimya.com\/index.php\/wp-json\/wp\/v2\/types\/product"}],"replies":[{"embeddable":true,"href":"https:\/\/ssakimya.com\/index.php\/wp-json\/wp\/v2\/comments?post=7953"}],"wp:featuredmedia":[{"embeddable":true,"href":"https:\/\/ssakimya.com\/index.php\/wp-json\/wp\/v2\/media\/7958"}],"wp:attachment":[{"href":"https:\/\/ssakimya.com\/index.php\/wp-json\/wp\/v2\/media?parent=7953"}],"wp:term":[{"taxonomy":"product_cat","embeddable":true,"href":"https:\/\/ssakimya.com\/index.php\/wp-json\/wp\/v2\/product_cat?post=7953"},{"taxonomy":"product_tag","embeddable":true,"href":"https:\/\/ssakimya.com\/index.php\/wp-json\/wp\/v2\/product_tag?post=7953"}],"curies":[{"name":"wp","href":"https:\/\/api.w.org\/{rel}","templated":true}]}}