{"id":7925,"date":"2022-09-21T08:50:20","date_gmt":"2022-09-21T08:50:20","guid":{"rendered":"http:\/\/ssakimya.com\/?post_type=product&#038;p=7925"},"modified":"2022-09-21T08:50:22","modified_gmt":"2022-09-21T08:50:22","slug":"krytech-622","status":"publish","type":"product","link":"https:\/\/ssakimya.com\/index.php\/product\/krytech-622\/","title":{"rendered":"KryTech 622"},"content":{"rendered":"","protected":false},"excerpt":{"rendered":"<h1 class=\"page-title\">KryTech 622<\/h1>\n<p>&nbsp;<\/p>\n<p class=\"page-lead\">Konfor ve el hassasiyetinden \u00f6d\u00fcn vermeden sa\u011flanan \u00e7ok y\u00fcksek kesik korumas\u0131<\/p>\n<h2><\/h2>\n<h2 id=\"specific-advantages\">\u00d6nemli avantajlar<\/h2>\n<ul>\n<li>Konfor, el hassasiyeti ve nefes alma \u00f6zelliklerinden \u00f6d\u00fcn vermeden sa\u011flanan \u00e7ok y\u00fcksek kesik korumas\u0131<\/li>\n<li>M\u00fckemmel uyum, el becerisi ve esneklik i\u00e7in diki\u015fsiz \u00f6rg\u00fcl\u00fc eldiven.<\/li>\n<li>Y\u00fcksek dayan\u0131kl\u0131l\u0131k, verimlili\u011fi artt\u0131r\u0131r ve maliyetlerinizi d\u00fc\u015f\u00fcr\u00fcr<\/li>\n<li>Dokunmatik cihazlar ve dokunmatik ekran ile kullan\u0131labilir<\/li>\n<li>Boyamadan \u00f6nce metal sa\u00e7 ve cam da iz ve kusur olu\u015fmas\u0131n\u0131 \u00f6nlemek i\u00e7in silikon i\u00e7ermez<\/li>\n<li>Performanstan \u00f6d\u00fcn vermeden 60\u00b0&#8217;de 5 kez y\u0131kanabilir olmas\u0131 sayesinde eldivenin kullan\u0131m \u00f6mr\u00fc uzar, maliyet ve at\u0131k azal\u0131r<\/li>\n<li>Eldivenin arkas\u0131ndaki i\u015faret sayesinde kesilme direnci tespiti kolayca yap\u0131labilir.<\/li>\n<\/ul>\n<p><small>*Testler kullan\u0131lmam\u0131\u015f yeni eldivenler \u00fczerinde yap\u0131lm\u0131\u015ft\u0131r. Bu sebepten dolay\u0131 ger\u00e7ek saha ko\u015fullar\u0131 uygulamalar\u0131 farkl\u0131l\u0131k g\u00f6sterebilir.<\/small><\/p>\n<h2><\/h2>\n<h2 id=\"applications\">Uygulama<\/h2>\n<p><strong>Otomotiv\/mekanik end\u00fcstrisi<\/strong><\/p>\n<ul>\n<li>\u0130nce metal sa\u00e7lar\u0131n montaj\u0131<\/li>\n<li>Al\u00fcminyum \u015feritlerin kesilmesi<\/li>\n<li>\u015eeritlerin kesilmesi (plazma vs&#8230;.)<\/li>\n<li>Keskin par\u00e7alar\u0131 tamamlama<\/li>\n<li>Metal par\u00e7alar\u0131n ta\u015f\u0131nmas\u0131<\/li>\n<li>Metal sa\u00e7 ta\u015f\u0131ma<\/li>\n<\/ul>\n<p><strong>\u0130n\u015faat End\u00fcstrisi (Metal \u0130\u015f\u00e7ileri\/\u00c7ilingir)<\/strong><\/p>\n<ul>\n<li>Metal yap\u0131lar\u0131n ta\u015f\u0131nmas\u0131 ve kurulumu<\/li>\n<li>Metal sa\u00e7 ta\u015f\u0131ma<\/li>\n<\/ul>\n<p><strong>Cam end\u00fcstrisi<\/strong><\/p>\n<ul>\n<li>Cam levhalar\u0131n ta\u015f\u0131nmas\u0131<\/li>\n<\/ul>\n<p><strong>Mekanik end\u00fcstrisi<\/strong><\/p>\n<ul>\n<li>K\u00fc\u00e7\u00fck, ya\u011fs\u0131z ve gressiz par\u00e7alar\u0131n montaj\u0131<\/li>\n<li>Metali kesme ve damgalama<\/li>\n<li>Al\u00fcminyum \u015feritlerin ta\u015f\u0131nmas\u0131<\/li>\n<li>Kal\u0131n, tra\u015flanmam\u0131\u015f sa\u00e7 metalin ta\u015f\u0131nmas\u0131 (keskin kenarl\u0131 olmayan)<\/li>\n<li>Keskin sa\u00e7 metalin ta\u015f\u0131nmas\u0131<\/li>\n<li>Metal presleme veya kesme<\/li>\n<\/ul>\n<h2><\/h2>\n<h2 id=\"standards\">Standartlar<\/h2>\n<ul class=\"norms-list\">\n<li title=\"Kat. 2\"><span class=\"type\">KAT. 2<\/span><img loading=\"lazy\" decoding=\"async\" src=\"https:\/\/www.tr.mapa-pro.com\/fileadmin\/_processed_storage_data\/a\/e\/csm_mapa-pim-picto-ce-category_edc1866ba7.jpg\" alt=\"Kat. 2\" width=\"34\" height=\"34\" \/><\/li>\n<li title=\"Mekanik tehlikeler EN 388\"><img loading=\"lazy\" decoding=\"async\" src=\"https:\/\/www.tr.mapa-pro.com\/fileadmin\/_processed_storage_data\/2\/9\/csm_mapa-pim-picto-en388-2016-digit_92e7fe8ce2.jpg\" alt=\"Mekanik tehlikeler EN 388\" width=\"34\" height=\"34\" \/>4X43E<\/li>\n<li title=\"\">ISO\u00a013997:<br \/>\n29.5N\u00a0(3007g)<\/li>\n<\/ul>\n<h2><\/h2>\n<h2 id=\"product-detail\">\u00dcr\u00fcn bilgileri<\/h2>\n<table class=\"table table-bordered\">\n<tbody>\n<tr>\n<th>Malzeme<\/th>\n<td>Poli\u00fcretan<\/td>\n<\/tr>\n<tr>\n<th>Renk<\/th>\n<td>Siyah, gri<\/td>\n<\/tr>\n<tr>\n<th>\u0130\u00e7 Kaplama<\/th>\n<td>HDPE elyaf\u0131ndan diki\u015fsiz kuma\u015f takviyesi<\/td>\n<\/tr>\n<tr>\n<th>D\u0131\u015f Kaplama<\/th>\n<td>Havaland\u0131rmal\u0131<\/td>\n<\/tr>\n<tr>\n<th>Uzunluk (cm)<\/th>\n<td>24-29<\/td>\n<\/tr>\n<tr>\n<th>Boy<\/th>\n<td>6 7 8 9 10 11<\/td>\n<\/tr>\n<tr>\n<th>Ambalajlama<\/th>\n<td>1 \u00e7ift\/torba<br \/>\n12 \u00e7ift\/karton<br \/>\n48 \u00e7ift\/karton<\/td>\n<\/tr>\n<\/tbody>\n<\/table>\n","protected":false},"featured_media":7936,"comment_status":"closed","ping_status":"closed","template":"","meta":[],"product_cat":[67,306,346,282],"product_tag":[],"class_list":["post-7925","product","type-product","status-publish","has-post-thumbnail","hentry","product_cat-el-kol-koruyucular","product_cat-kesik-koruma","product_cat-kesilmeye-karsi-koruma-hassasiyet-gerektiren-isler-icin","product_cat-mapa"],"_links":{"self":[{"href":"https:\/\/ssakimya.com\/index.php\/wp-json\/wp\/v2\/product\/7925","targetHints":{"allow":["GET"]}}],"collection":[{"href":"https:\/\/ssakimya.com\/index.php\/wp-json\/wp\/v2\/product"}],"about":[{"href":"https:\/\/ssakimya.com\/index.php\/wp-json\/wp\/v2\/types\/product"}],"replies":[{"embeddable":true,"href":"https:\/\/ssakimya.com\/index.php\/wp-json\/wp\/v2\/comments?post=7925"}],"wp:featuredmedia":[{"embeddable":true,"href":"https:\/\/ssakimya.com\/index.php\/wp-json\/wp\/v2\/media\/7936"}],"wp:attachment":[{"href":"https:\/\/ssakimya.com\/index.php\/wp-json\/wp\/v2\/media?parent=7925"}],"wp:term":[{"taxonomy":"product_cat","embeddable":true,"href":"https:\/\/ssakimya.com\/index.php\/wp-json\/wp\/v2\/product_cat?post=7925"},{"taxonomy":"product_tag","embeddable":true,"href":"https:\/\/ssakimya.com\/index.php\/wp-json\/wp\/v2\/product_tag?post=7925"}],"curies":[{"name":"wp","href":"https:\/\/api.w.org\/{rel}","templated":true}]}}