{"id":7906,"date":"2022-09-20T19:42:18","date_gmt":"2022-09-20T19:42:18","guid":{"rendered":"http:\/\/ssakimya.com\/?post_type=product&#038;p=7906"},"modified":"2022-09-20T19:42:18","modified_gmt":"2022-09-20T19:42:18","slug":"krytech-602","status":"publish","type":"product","link":"https:\/\/ssakimya.com\/index.php\/product\/krytech-602\/","title":{"rendered":"KryTech 602"},"content":{"rendered":"","protected":false},"excerpt":{"rendered":"<h1 class=\"page-title\">KryTech 602<\/h1>\n<p>&nbsp;<\/p>\n<p class=\"page-lead\">Konforlu Kesik koruyucu kolluklar ISO C<\/p>\n<h2><\/h2>\n<h2 id=\"specific-advantages\">\u00d6nemli avantajlar<\/h2>\n<ul>\n<li>Optimum konfor ve hareket \u00f6zg\u00fcrl\u00fc\u011f\u00fc i\u00e7in diki\u015fsiz dokuma<\/li>\n<li>Yenilik\u00e7i \u00f6rg\u00fc teknolojisi diki\u015fsiz astar; astar\u0131n i\u00e7 k\u0131sm\u0131 konfor sa\u011flayan ipeksi, yumu\u015fak lifler ile kaplanm\u0131\u015ft\u0131r<\/li>\n<li>Cilde serinlik hissi veren 15 \u00f6l\u00e7\u00fc ince yap\u0131l\u0131 ve konforlu diki\u015fsiz dokuma kuma\u015f, \u00fcst\u00fcn esneklik ve kullan\u0131m rahatl\u0131\u011f\u0131<\/li>\n<li>Zararl\u0131 maddeler i\u00e7ermez: STANDARD 100 by OEKO-TEX\u00ae<\/li>\n<li>Yumu\u015fak iplikle sar\u0131l\u0131 elyaflar cilt tahri\u015flerini \u00f6nler<\/li>\n<li>Boyamadan \u00f6nce metal sa\u00e7 ve cam da iz ve kusur olu\u015fmas\u0131n\u0131 \u00f6nlemek i\u00e7in silikon i\u00e7ermez<\/li>\n<li>Performanstan \u00f6d\u00fcn vermeden 40\u00b0&#8217;de 3 kez y\u0131kanabilir olmas\u0131 sayesinde eldivenin kullan\u0131m \u00f6mr\u00fc uzar, maliyet ve at\u0131k azal\u0131r<\/li>\n<\/ul>\n<p><small>*Testler kullan\u0131lmam\u0131\u015f yeni eldivenler \u00fczerinde yap\u0131lm\u0131\u015ft\u0131r. Bu sebepten dolay\u0131 ger\u00e7ek saha ko\u015fullar\u0131 uygulamalar\u0131 farkl\u0131l\u0131k g\u00f6sterebilir.<\/small><\/p>\n<h2><\/h2>\n<h2 id=\"applications\">Uygulama<\/h2>\n<p><strong>Otomotiv\/mekanik end\u00fcstrisi<\/strong><\/p>\n<ul>\n<li>\u0130nce metal sa\u00e7lar\u0131n montaj\u0131<\/li>\n<li>Metal sa\u00e7 veya tra\u015flanmam\u0131\u015f par\u00e7alar\u0131n ta\u015f\u0131nmas\u0131<\/li>\n<li>K\u00fc\u00e7\u00fck keskin par\u00e7alar\u0131n ta\u015f\u0131nmas\u0131 ve ayr\u0131lmas\u0131<\/li>\n<li>Metal par\u00e7a montaj\u0131<\/li>\n<li>\u0130\u015fi tamamlama<\/li>\n<\/ul>\n<p><strong>End\u00fcstr\u0130yel bakim<\/strong><\/p>\n<ul>\n<li>Mekanik bak\u0131m<\/li>\n<\/ul>\n<p><strong>Beyaz e\u015fya<\/strong><\/p>\n<p><strong>Cam end\u00fcstrisi<\/strong><\/p>\n<p><strong>\u0130n\u015faat End\u00fcstrisi (Metal \u0130\u015f\u00e7ileri\/\u00c7ilingir)<\/strong><\/p>\n<h2><\/h2>\n<h2 id=\"standards\">Standartlar<\/h2>\n<ul class=\"norms-list\">\n<li title=\"Kat. 2\"><span class=\"type\">KAT. 2<\/span><img loading=\"lazy\" decoding=\"async\" src=\"https:\/\/www.tr.mapa-pro.com\/fileadmin\/_processed_storage_data\/a\/e\/csm_mapa-pim-picto-ce-category_edc1866ba7.jpg\" alt=\"Kat. 2\" width=\"34\" height=\"34\" \/><\/li>\n<li title=\"Mekanik tehlikeler EN 388\"><img loading=\"lazy\" decoding=\"async\" src=\"https:\/\/www.tr.mapa-pro.com\/fileadmin\/_processed_storage_data\/2\/9\/csm_mapa-pim-picto-en388-2016-digit_92e7fe8ce2.jpg\" alt=\"Mekanik tehlikeler EN 388\" width=\"34\" height=\"34\" \/>3X42C<\/li>\n<li title=\"ANSI cut A3\"><img loading=\"lazy\" decoding=\"async\" src=\"https:\/\/www.tr.mapa-pro.com\/fileadmin\/_processed_storage_data\/5\/6\/csm_mapa-pim-picto-ansi-cut_a3_f3df789e24.jpg\" alt=\"ANSI cut A3\" width=\"34\" height=\"34\" \/><\/li>\n<li title=\"\">ISO\u00a013997:<br \/>\n11.6N\u00a0(g)<\/li>\n<\/ul>\n<h2><\/h2>\n<h2 id=\"product-detail\">\u00dcr\u00fcn bilgileri<\/h2>\n<table class=\"table table-bordered\">\n<tbody>\n<tr>\n<th>Malzeme<\/th>\n<td><\/td>\n<\/tr>\n<tr>\n<th>Renk<\/th>\n<td>Mavi<\/td>\n<\/tr>\n<tr>\n<th>\u0130\u00e7 Kaplama<\/th>\n<td>HDPE elyaf\u0131ndan diki\u015fsiz kuma\u015f takviyesi<\/td>\n<\/tr>\n<tr>\n<th>D\u0131\u015f Kaplama<\/th>\n<td><\/td>\n<\/tr>\n<tr>\n<th>Uzunluk (cm)<\/th>\n<td>45<\/td>\n<\/tr>\n<tr>\n<th>Boy<\/th>\n<td><\/td>\n<\/tr>\n<tr>\n<th>Ambalajlama<\/th>\n<td>6 \u00e7ift\/torba<br \/>\n72 \u00e7ift\/karton<\/td>\n<\/tr>\n<\/tbody>\n<\/table>\n","protected":false},"featured_media":7911,"comment_status":"closed","ping_status":"closed","template":"","meta":[],"product_cat":[67,306,346,282],"product_tag":[],"class_list":["post-7906","product","type-product","status-publish","has-post-thumbnail","hentry","product_cat-el-kol-koruyucular","product_cat-kesik-koruma","product_cat-kesilmeye-karsi-koruma-hassasiyet-gerektiren-isler-icin","product_cat-mapa"],"_links":{"self":[{"href":"https:\/\/ssakimya.com\/index.php\/wp-json\/wp\/v2\/product\/7906","targetHints":{"allow":["GET"]}}],"collection":[{"href":"https:\/\/ssakimya.com\/index.php\/wp-json\/wp\/v2\/product"}],"about":[{"href":"https:\/\/ssakimya.com\/index.php\/wp-json\/wp\/v2\/types\/product"}],"replies":[{"embeddable":true,"href":"https:\/\/ssakimya.com\/index.php\/wp-json\/wp\/v2\/comments?post=7906"}],"wp:featuredmedia":[{"embeddable":true,"href":"https:\/\/ssakimya.com\/index.php\/wp-json\/wp\/v2\/media\/7911"}],"wp:attachment":[{"href":"https:\/\/ssakimya.com\/index.php\/wp-json\/wp\/v2\/media?parent=7906"}],"wp:term":[{"taxonomy":"product_cat","embeddable":true,"href":"https:\/\/ssakimya.com\/index.php\/wp-json\/wp\/v2\/product_cat?post=7906"},{"taxonomy":"product_tag","embeddable":true,"href":"https:\/\/ssakimya.com\/index.php\/wp-json\/wp\/v2\/product_tag?post=7906"}],"curies":[{"name":"wp","href":"https:\/\/api.w.org\/{rel}","templated":true}]}}