{"id":7883,"date":"2022-09-20T18:03:02","date_gmt":"2022-09-20T18:03:02","guid":{"rendered":"http:\/\/ssakimya.com\/?post_type=product&#038;p=7883"},"modified":"2022-09-20T18:03:03","modified_gmt":"2022-09-20T18:03:03","slug":"krytech-585","status":"publish","type":"product","link":"https:\/\/ssakimya.com\/index.php\/product\/krytech-585\/","title":{"rendered":"KryTech 585"},"content":{"rendered":"","protected":false},"excerpt":{"rendered":"<h1 class=\"page-title\">KryTech 585<\/h1>\n<p>&nbsp;<\/p>\n<p class=\"page-lead\">Grip &amp; Proof Teknolojisi ile daha fazla g\u00fcvenlik, konfor ve dayan\u0131kl\u0131l\u0131k<\/p>\n<h2><\/h2>\n<h2 id=\"specific-advantages\">\u00d6nemli avantajlar<\/h2>\n<ul>\n<li>Y\u00fcksek kesilme direnci<\/li>\n<li>Maksimum konfor, el hassasiyeti ve esneklik i\u00e7in optimize edilmi\u015f \u00f6zel kaplamal\u0131, diki\u015fsiz \u00f6rg\u00fc eldiven<\/li>\n<li>Y\u00fcksek dayan\u0131kl\u0131l\u0131k, verimlili\u011fi artt\u0131r\u0131r ve maliyetlerinizi d\u00fc\u015f\u00fcr\u00fcr<\/li>\n<li>Performanstan \u00f6d\u00fcn vermeden 60\u00b0&#8217;de 3 kez y\u0131kanabilir olmas\u0131 sayesinde eldivenin kullan\u0131m \u00f6mr\u00fc uzar, maliyet ve at\u0131k azal\u0131r<\/li>\n<li>Eldivenin arkas\u0131ndaki i\u015faret sayesinde kesilme direnci tespiti kolayca yap\u0131labilir.<\/li>\n<\/ul>\n<p><small>*Testler kullan\u0131lmam\u0131\u015f yeni eldivenler \u00fczerinde yap\u0131lm\u0131\u015ft\u0131r. Bu sebepten dolay\u0131 ger\u00e7ek saha ko\u015fullar\u0131 uygulamalar\u0131 farkl\u0131l\u0131k g\u00f6sterebilir.<\/small><\/p>\n<h2><\/h2>\n<h2 id=\"applications\">Uygulama<\/h2>\n<p><strong>Otomotiv\/mekanik end\u00fcstrisi<\/strong><\/p>\n<ul>\n<li>Par\u00e7alar\u0131n bask\u0131 sonras\u0131 ta\u015f\u0131nmas\u0131<\/li>\n<li>Kesme ya\u011f\u0131 kullanarak par\u00e7alar\u0131 mekanik i\u015fleme<\/li>\n<li>Keskin par\u00e7alar\u0131 tamamlama<\/li>\n<li>Metal par\u00e7alar\u0131n ta\u015f\u0131nmas\u0131<\/li>\n<\/ul>\n<p><strong>\u0130n\u015faat End\u00fcstrisi (Metal \u0130\u015f\u00e7ileri\/\u00c7ilingir)<\/strong><\/p>\n<ul>\n<li>Metal yap\u0131lar\u0131n ta\u015f\u0131nmas\u0131 ve kurulumu<\/li>\n<\/ul>\n<p><strong>\u0130malat<\/strong><\/p>\n<ul>\n<li>A\u011f\u0131r sac levha kesme ve presleme<\/li>\n<li>Kesilme riskli a\u011f\u0131r par\u00e7alar\u0131 ta\u015f\u0131ma<\/li>\n<\/ul>\n<p><strong>G\u0131da sekt\u00f6r\u00fc<\/strong><\/p>\n<ul>\n<li>So\u011fuk depolarda bak\u0131m ve \u00e7al\u0131\u015fma<\/li>\n<\/ul>\n<p><strong>Di\u011fer end\u00fcstriler<\/strong><\/p>\n<ul>\n<li>So\u011fuk veya \u0131slak ortamlarda bak\u0131m<\/li>\n<li>So\u011fuk ko\u015fullarda yol i\u015fleri<\/li>\n<\/ul>\n<p><strong>Plastik end\u00fcstrisi<\/strong><\/p>\n<ul>\n<li>Enjeksiyon sonras\u0131 malzeme s\u00f6kme<\/li>\n<\/ul>\n<h2><\/h2>\n<h2 id=\"standards\">Standartlar<\/h2>\n<ul class=\"norms-list\">\n<li title=\"Kat. 2\"><span class=\"type\">KAT. 2<\/span><img loading=\"lazy\" decoding=\"async\" src=\"https:\/\/www.tr.mapa-pro.com\/fileadmin\/_processed_storage_data\/a\/e\/csm_mapa-pim-picto-ce-category_edc1866ba7.jpg\" alt=\"Kat. 2\" width=\"34\" height=\"34\" \/><\/li>\n<li title=\"Mekanik tehlikeler EN 388\"><img loading=\"lazy\" decoding=\"async\" src=\"https:\/\/www.tr.mapa-pro.com\/fileadmin\/_processed_storage_data\/2\/9\/csm_mapa-pim-picto-en388-2016-digit_92e7fe8ce2.jpg\" alt=\"Mekanik tehlikeler EN 388\" width=\"34\" height=\"34\" \/>4X42C<\/li>\n<li title=\"\">ISO\u00a013997:<br \/>\n13N\u00a0(1325g)<\/li>\n<\/ul>\n<h2><\/h2>\n<h2 id=\"product-detail\">\u00dcr\u00fcn bilgileri<\/h2>\n<table class=\"table table-bordered\">\n<tbody>\n<tr>\n<th>Malzeme<\/th>\n<td>Nitril GRIP&amp;PROOF kaplama<\/td>\n<\/tr>\n<tr>\n<th>Renk<\/th>\n<td>Siyah, gri<\/td>\n<\/tr>\n<tr>\n<th>\u0130\u00e7 Kaplama<\/th>\n<td>HDPE elyaf\u0131ndan diki\u015fsiz kuma\u015f takviyesi<\/td>\n<\/tr>\n<tr>\n<th>D\u0131\u015f Kaplama<\/th>\n<td>Havaland\u0131rmal\u0131<\/td>\n<\/tr>\n<tr>\n<th>Uzunluk (cm)<\/th>\n<td>23-27<\/td>\n<\/tr>\n<tr>\n<th>Kal\u0131nl\u0131k (mm)<\/th>\n<td>1.2<\/td>\n<\/tr>\n<tr>\n<th>Boy<\/th>\n<td>7 8 9 10 11<\/td>\n<\/tr>\n<tr>\n<th>Ambalajlama<\/th>\n<td>1 \u00e7ift\/torba<br \/>\n12 \u00e7ift\/torba<br \/>\n48 \u00e7ift\/karton<\/td>\n<\/tr>\n<\/tbody>\n<\/table>\n","protected":false},"featured_media":7893,"comment_status":"closed","ping_status":"closed","template":"","meta":[],"product_cat":[67,306,346,282],"product_tag":[],"class_list":["post-7883","product","type-product","status-publish","has-post-thumbnail","hentry","product_cat-el-kol-koruyucular","product_cat-kesik-koruma","product_cat-kesilmeye-karsi-koruma-hassasiyet-gerektiren-isler-icin","product_cat-mapa"],"_links":{"self":[{"href":"https:\/\/ssakimya.com\/index.php\/wp-json\/wp\/v2\/product\/7883","targetHints":{"allow":["GET"]}}],"collection":[{"href":"https:\/\/ssakimya.com\/index.php\/wp-json\/wp\/v2\/product"}],"about":[{"href":"https:\/\/ssakimya.com\/index.php\/wp-json\/wp\/v2\/types\/product"}],"replies":[{"embeddable":true,"href":"https:\/\/ssakimya.com\/index.php\/wp-json\/wp\/v2\/comments?post=7883"}],"wp:featuredmedia":[{"embeddable":true,"href":"https:\/\/ssakimya.com\/index.php\/wp-json\/wp\/v2\/media\/7893"}],"wp:attachment":[{"href":"https:\/\/ssakimya.com\/index.php\/wp-json\/wp\/v2\/media?parent=7883"}],"wp:term":[{"taxonomy":"product_cat","embeddable":true,"href":"https:\/\/ssakimya.com\/index.php\/wp-json\/wp\/v2\/product_cat?post=7883"},{"taxonomy":"product_tag","embeddable":true,"href":"https:\/\/ssakimya.com\/index.php\/wp-json\/wp\/v2\/product_tag?post=7883"}],"curies":[{"name":"wp","href":"https:\/\/api.w.org\/{rel}","templated":true}]}}