{"id":7717,"date":"2022-09-19T23:11:08","date_gmt":"2022-09-19T23:11:08","guid":{"rendered":"http:\/\/ssakimya.com\/?post_type=product&#038;p=7717"},"modified":"2022-10-21T13:19:52","modified_gmt":"2022-10-21T13:19:52","slug":"ultranitril-485","status":"publish","type":"product","link":"https:\/\/ssakimya.com\/index.php\/product\/ultranitril-485\/","title":{"rendered":"Ultranitril 485"},"content":{"rendered":"","protected":false},"excerpt":{"rendered":"<h1 class=\"page-title\">Ultranitril 485<\/h1>\n<p>&nbsp;<\/p>\n<p class=\"page-lead\">Standart kimyasal korumas\u0131 i\u00e7in iyi hassasiyet<\/p>\n<h2><\/h2>\n<h2 id=\"specific-advantages\">\u00d6nemli avantajlar<\/h2>\n<ul>\n<li>Eldivenin yumu\u015fakl\u0131\u011f\u0131 sayesinde kusursuz hassasiyeti<\/li>\n<li>Kabartmal\u0131 doku sayesinde kaygan objeler i\u00e7in iyi kavrama<\/li>\n<li>Boyamadan \u00f6nce metal sa\u00e7 ve cam da iz ve kusur olu\u015fmas\u0131n\u0131 \u00f6nlemek i\u00e7in silikon i\u00e7ermez<\/li>\n<\/ul>\n<h2><\/h2>\n<h2 id=\"applications\">Uygulama<\/h2>\n<p><strong>Otomotiv\/mekanik end\u00fcstrisi<\/strong><\/p>\n<ul>\n<li>Kesme ya\u011f\u0131 kullanarak par\u00e7alar\u0131 mekanik i\u015fleme<\/li>\n<\/ul>\n<p><strong>Kimya end\u00fcstrisi<\/strong><\/p>\n<ul>\n<li>Verniklerin ve boyalar\u0131n \u00fcretilmesi ve uygulanmas\u0131<\/li>\n<\/ul>\n<p><strong>Di\u011fer end\u00fcstriler<\/strong><\/p>\n<ul>\n<li>Bitki sa\u011fl\u0131\u011f\u0131 \u00fcr\u00fcnleri uygulamas\u0131<\/li>\n<li>Bak\u0131m<\/li>\n<li>Ah\u015fap i\u015fleme ve cilalama<\/li>\n<\/ul>\n<p><strong>Tar\u0131m sekt\u00f6r\u00fc<\/strong><\/p>\n<ul>\n<li>Ekinlere uygulama veya yayma<\/li>\n<li>Zararl\u0131 tar\u0131m ila\u00e7lar\u0131 at\u0131k y\u00f6netimi<\/li>\n<li>Sprey kar\u0131\u015f\u0131mlar\u0131n\u0131n haz\u0131rlanmas\u0131<\/li>\n<li>Tar\u0131m ilac\u0131 kullan\u0131m\u0131<\/li>\n<li>Ar\u0131tma ekipmanlar\u0131 temizleme<\/li>\n<li>Tank Doldurma<\/li>\n<\/ul>\n<h2><\/h2>\n<h2 id=\"standards\">Standartlar<\/h2>\n<ul class=\"norms-list\">\n<li title=\"Kat. 3\"><span class=\"type\">KAT. 3<\/span><img loading=\"lazy\" decoding=\"async\" src=\"https:\/\/www.tr.mapa-pro.com\/fileadmin\/_processed_storage_data\/a\/e\/csm_mapa-pim-picto-ce-category_edc1866ba7.jpg\" alt=\"Kat. 3\" width=\"34\" height=\"34\" \/>0334<\/li>\n<li title=\"Mekanik tehlikeler EN 388\"><img loading=\"lazy\" decoding=\"async\" src=\"https:\/\/www.tr.mapa-pro.com\/fileadmin\/_processed_storage_data\/2\/9\/csm_mapa-pim-picto-en388-2016-digit_92e7fe8ce2.jpg\" alt=\"Mekanik tehlikeler EN 388\" width=\"34\" height=\"34\" \/>3101X<\/li>\n<li title=\"\u00d6zel Kimyasal Korunma EN 374\"><span class=\"type\">Type B<\/span><img loading=\"lazy\" decoding=\"async\" src=\"https:\/\/www.tr.mapa-pro.com\/fileadmin\/_processed_storage_data\/9\/8\/csm_mapa-pim-picto-en374-2016-type_e9d22f017a.jpg\" alt=\"\u00d6zel Kimyasal Korunma EN 374\" width=\"34\" height=\"34\" \/>JKOPT<\/li>\n<li title=\"Mikro organizmalar EN 374\"><img loading=\"lazy\" decoding=\"async\" src=\"https:\/\/www.tr.mapa-pro.com\/fileadmin\/_processed_storage_data\/7\/d\/csm_mapa-pim-picto-en374-5-2016-virus_8f75dc8c05.jpg\" alt=\"Mikro organizmalar EN 374\" width=\"34\" height=\"34\" \/>VIRUS<\/li>\n<li title=\"Zararl\u0131 tar\u0131m ila\u00e7lar\u0131ndan korunma ISO 18889 G2\"><img loading=\"lazy\" decoding=\"async\" src=\"https:\/\/www.tr.mapa-pro.com\/fileadmin\/_processed_storage_data\/8\/2\/csm_mapa-pim-picto-iso18889_g2_cdf20eed23.jpg\" alt=\"Zararl\u0131 tar\u0131m ila\u00e7lar\u0131ndan korunma ISO 18889 G2\" width=\"34\" height=\"34\" \/><\/li>\n<\/ul>\n<h2><\/h2>\n<h2 id=\"product-detail\">\u00dcr\u00fcn bilgileri<\/h2>\n<table class=\"table table-bordered\" style=\"height: 205px;\" width=\"458\">\n<tbody>\n<tr>\n<th>Malzeme<\/th>\n<td>Nitril<\/td>\n<\/tr>\n<tr>\n<th>Renk<\/th>\n<td>Ye\u015fil<\/td>\n<\/tr>\n<tr>\n<th>\u0130\u00e7 Kaplama<\/th>\n<td>Pamuk hav\u0131 emdirilmi\u015f<\/td>\n<\/tr>\n<tr>\n<th>D\u0131\u015f Kaplama<\/th>\n<td>Kabartmal\u0131 kuma\u015f<\/td>\n<\/tr>\n<tr>\n<th>Uzunluk (cm)<\/th>\n<td>31<\/td>\n<\/tr>\n<tr>\n<th>Kal\u0131nl\u0131k (mm)<\/th>\n<td>0.34<\/td>\n<\/tr>\n<tr>\n<th>Boy<\/th>\n<td>7 8 9 10<\/td>\n<\/tr>\n<tr>\n<th>Ambalajlama<\/th>\n<td>12 \u00e7ift\/torba<br \/>\n72 \u00e7ift\/karton<\/td>\n<\/tr>\n<\/tbody>\n<\/table>\n","protected":false},"featured_media":7718,"comment_status":"closed","ping_status":"closed","template":"","meta":[],"product_cat":[67,304,282],"product_tag":[],"class_list":["post-7717","product","type-product","status-publish","has-post-thumbnail","hentry","product_cat-el-kol-koruyucular","product_cat-kimyasal-koruma","product_cat-mapa"],"_links":{"self":[{"href":"https:\/\/ssakimya.com\/index.php\/wp-json\/wp\/v2\/product\/7717","targetHints":{"allow":["GET"]}}],"collection":[{"href":"https:\/\/ssakimya.com\/index.php\/wp-json\/wp\/v2\/product"}],"about":[{"href":"https:\/\/ssakimya.com\/index.php\/wp-json\/wp\/v2\/types\/product"}],"replies":[{"embeddable":true,"href":"https:\/\/ssakimya.com\/index.php\/wp-json\/wp\/v2\/comments?post=7717"}],"wp:featuredmedia":[{"embeddable":true,"href":"https:\/\/ssakimya.com\/index.php\/wp-json\/wp\/v2\/media\/7718"}],"wp:attachment":[{"href":"https:\/\/ssakimya.com\/index.php\/wp-json\/wp\/v2\/media?parent=7717"}],"wp:term":[{"taxonomy":"product_cat","embeddable":true,"href":"https:\/\/ssakimya.com\/index.php\/wp-json\/wp\/v2\/product_cat?post=7717"},{"taxonomy":"product_tag","embeddable":true,"href":"https:\/\/ssakimya.com\/index.php\/wp-json\/wp\/v2\/product_tag?post=7717"}],"curies":[{"name":"wp","href":"https:\/\/api.w.org\/{rel}","templated":true}]}}