{"id":7693,"date":"2022-09-19T22:31:07","date_gmt":"2022-09-19T22:31:07","guid":{"rendered":"http:\/\/ssakimya.com\/?post_type=product&#038;p=7693"},"modified":"2022-09-20T17:39:28","modified_gmt":"2022-09-20T17:39:28","slug":"ultraneo-420","status":"publish","type":"product","link":"https:\/\/ssakimya.com\/index.php\/product\/ultraneo-420\/","title":{"rendered":"UltraNeo 420"},"content":{"rendered":"","protected":false},"excerpt":{"rendered":"<h1 class=\"page-title\">UltraNeo 420<\/h1>\n<p>&nbsp;<\/p>\n<p class=\"page-lead\">Standart kimyasal korumas\u0131 i\u00e7in hareket \u00f6zg\u00fcrl\u00fc\u011f\u00fcyle son derece yumu\u015fak<\/p>\n<p>&nbsp;<\/p>\n<h2 id=\"specific-advantages\">\u00d6nemli avantajlar<\/h2>\n<ul>\n<li>Neoprenin yumu\u015fak niteli\u011fi sayesinde hareket \u00f6zg\u00fcrl\u00fc\u011f\u00fc ve pamuklu\u00a0<a title=\"flok\" href=\"https:\/\/www.tr.mapa-pro.com\/bilgi-merkezi\/soezluek\/tanim\/flok\">flok<\/a>\u00a0astar\u0131n konforu<\/li>\n<li>Kabartmal\u0131 doku sayesinde iyi kavrama<\/li>\n<\/ul>\n<h2><\/h2>\n<h2 id=\"applications\">Uygulama<\/h2>\n<p><strong>Otomotiv\/mekanik end\u00fcstrisi<\/strong><\/p>\n<ul>\n<li>Elektrikli ak\u00fc ve batarya \u00fcretimi<\/li>\n<\/ul>\n<p><strong>Kimya end\u00fcstrisi<\/strong><\/p>\n<ul>\n<li>Kimyasallar\u0131 ta\u015f\u0131ma, y\u00fckleme ve bo\u015faltma<\/li>\n<\/ul>\n<p><strong>Di\u011fer end\u00fcstriler<\/strong><\/p>\n<ul>\n<li>G\u00fcbre serpme<\/li>\n<li>End\u00fcstriyel yap\u0131\u015ft\u0131r\u0131c\u0131lar\u0131n haz\u0131rlanmas\u0131<\/li>\n<li>End\u00fcstriyel temizlik, bak\u0131m<\/li>\n<\/ul>\n<h2><\/h2>\n<h2 id=\"standards\">Standartlar<\/h2>\n<ul class=\"norms-list\">\n<li title=\"Kat. 3\"><span class=\"type\">KAT. 3<\/span><img loading=\"lazy\" decoding=\"async\" src=\"https:\/\/www.tr.mapa-pro.com\/fileadmin\/_processed_storage_data\/a\/e\/csm_mapa-pim-picto-ce-category_edc1866ba7.jpg\" alt=\"Kat. 3\" width=\"34\" height=\"34\" \/>0334<\/li>\n<li title=\"Mekanik tehlikeler EN 388\"><img loading=\"lazy\" decoding=\"async\" src=\"https:\/\/www.tr.mapa-pro.com\/fileadmin\/_processed_storage_data\/2\/9\/csm_mapa-pim-picto-en388-2016-digit_92e7fe8ce2.jpg\" alt=\"Mekanik tehlikeler EN 388\" width=\"34\" height=\"34\" \/>2121X<\/li>\n<li title=\"\u00d6zel Kimyasal Korunma EN 374\"><span class=\"type\">Type A<\/span><img loading=\"lazy\" decoding=\"async\" src=\"https:\/\/www.tr.mapa-pro.com\/fileadmin\/_processed_storage_data\/9\/8\/csm_mapa-pim-picto-en374-2016-type_e9d22f017a.jpg\" alt=\"\u00d6zel Kimyasal Korunma EN 374\" width=\"34\" height=\"34\" \/>ALMNST<\/li>\n<li title=\"Mikro organizmalar EN 374\"><img loading=\"lazy\" decoding=\"async\" src=\"https:\/\/www.tr.mapa-pro.com\/fileadmin\/_processed_storage_data\/7\/d\/csm_mapa-pim-picto-en374-5-2016-virus_8f75dc8c05.jpg\" alt=\"Mikro organizmalar EN 374\" width=\"34\" height=\"34\" \/><\/li>\n<\/ul>\n<h2><\/h2>\n<h2 id=\"product-detail\">\u00dcr\u00fcn bilgileri<\/h2>\n<table class=\"table table-bordered\" style=\"height: 235px;\" width=\"471\">\n<tbody>\n<tr>\n<th>Malzeme<\/th>\n<td>Neopren ve do\u011fal lateks<\/td>\n<\/tr>\n<tr>\n<th>Renk<\/th>\n<td>Siyah<\/td>\n<\/tr>\n<tr>\n<th>\u0130\u00e7 Kaplama<\/th>\n<td>Pamuk hav\u0131 emdirilmi\u015f<\/td>\n<\/tr>\n<tr>\n<th>D\u0131\u015f Kaplama<\/th>\n<td>Kabartmal\u0131 kuma\u015f<\/td>\n<\/tr>\n<tr>\n<th>Uzunluk (cm)<\/th>\n<td>31-32<\/td>\n<\/tr>\n<tr>\n<th>Kal\u0131nl\u0131k (mm)<\/th>\n<td>.75<\/td>\n<\/tr>\n<tr>\n<th>Boy<\/th>\n<td>6 7 8 9 10<\/td>\n<\/tr>\n<tr>\n<th>Ambalajlama<\/th>\n<td>1 \u00e7ift\/torba<br \/>\n10 \u00e7ift\/kutu<br \/>\n100 \u00e7ift\/karton<\/td>\n<\/tr>\n<\/tbody>\n<\/table>\n","protected":false},"featured_media":7695,"comment_status":"closed","ping_status":"closed","template":"","meta":[],"product_cat":[67,304,282],"product_tag":[],"class_list":["post-7693","product","type-product","status-publish","has-post-thumbnail","hentry","product_cat-el-kol-koruyucular","product_cat-kimyasal-koruma","product_cat-mapa"],"_links":{"self":[{"href":"https:\/\/ssakimya.com\/index.php\/wp-json\/wp\/v2\/product\/7693","targetHints":{"allow":["GET"]}}],"collection":[{"href":"https:\/\/ssakimya.com\/index.php\/wp-json\/wp\/v2\/product"}],"about":[{"href":"https:\/\/ssakimya.com\/index.php\/wp-json\/wp\/v2\/types\/product"}],"replies":[{"embeddable":true,"href":"https:\/\/ssakimya.com\/index.php\/wp-json\/wp\/v2\/comments?post=7693"}],"wp:featuredmedia":[{"embeddable":true,"href":"https:\/\/ssakimya.com\/index.php\/wp-json\/wp\/v2\/media\/7695"}],"wp:attachment":[{"href":"https:\/\/ssakimya.com\/index.php\/wp-json\/wp\/v2\/media?parent=7693"}],"wp:term":[{"taxonomy":"product_cat","embeddable":true,"href":"https:\/\/ssakimya.com\/index.php\/wp-json\/wp\/v2\/product_cat?post=7693"},{"taxonomy":"product_tag","embeddable":true,"href":"https:\/\/ssakimya.com\/index.php\/wp-json\/wp\/v2\/product_tag?post=7693"}],"curies":[{"name":"wp","href":"https:\/\/api.w.org\/{rel}","templated":true}]}}