{"id":7541,"date":"2022-09-17T15:11:44","date_gmt":"2022-09-17T15:11:44","guid":{"rendered":"http:\/\/ssakimya.com\/?post_type=product&#038;p=7541"},"modified":"2022-09-17T15:11:44","modified_gmt":"2022-09-17T15:11:44","slug":"maxitherm-30-201-2","status":"publish","type":"product","link":"https:\/\/ssakimya.com\/index.php\/product\/maxitherm-30-201-2\/","title":{"rendered":"MaxiTherm\u00ae"},"content":{"rendered":"","protected":false},"excerpt":{"rendered":"<h2 class=\"glove-title hidden-xs\">MaxiTherm<sup>\u00ae<\/sup>\u00a030-201<\/h2>\n<div class=\"row glove-info\">\n<div class=\"col-md-12\">\n<table class=\"table table-bordered table-glove-details\" style=\"height: 200px;\" width=\"386\">\n<tbody>\n<tr>\n<th width=\"50%\">Tasar\u0131m<\/th>\n<td>Avu\u00e7 kaplamal\u0131 \u00f6rg\u00fcl\u00fc bilek<\/td>\n<\/tr>\n<tr>\n<th width=\"50%\">Uzunluk (Boyut 10)<\/th>\n<td>26.5 cm<\/td>\n<\/tr>\n<tr>\n<th width=\"50%\">Avu\u00e7 kal\u0131nl\u0131\u011f\u0131<\/th>\n<td>2.50 mm<\/td>\n<\/tr>\n<tr>\n<th width=\"50%\">Boylar<\/th>\n<td>Boy 6 (XS) &#8211; Boy 11 (XXL)<\/td>\n<\/tr>\n<tr>\n<th>Silikon i\u00e7ermez<\/th>\n<td>Evet<\/td>\n<\/tr>\n<tr>\n<th>\u00a0EN 388:2016 + A1:2018<\/th>\n<td>1241B<\/td>\n<\/tr>\n<tr>\n<th>\u00a0EN 511:2006<\/th>\n<td>X1X<\/td>\n<\/tr>\n<tr>\n<th>\u00a0EN 407:2020<\/th>\n<td>X2XXXX<\/td>\n<\/tr>\n<\/tbody>\n<\/table>\n<p><strong>DOK\u00dcMANLAR<\/strong><\/p>\n<p><a href=\"https:\/\/www.atg-glovesolutions.com\/tr\/maxitherm\/maxitherm\/30-201\"><span style=\"color: #ff0000;\">ATG Teknik Dok\u00fcman<\/span><\/a><\/p>\n<\/div>\n<\/div>\n","protected":false},"featured_media":7543,"comment_status":"closed","ping_status":"closed","template":"","meta":[],"product_cat":[281,301,67],"product_tag":[],"class_list":["post-7541","product","type-product","status-publish","has-post-thumbnail","hentry","product_cat-atg","product_cat-classic-range","product_cat-el-kol-koruyucular"],"_links":{"self":[{"href":"https:\/\/ssakimya.com\/index.php\/wp-json\/wp\/v2\/product\/7541","targetHints":{"allow":["GET"]}}],"collection":[{"href":"https:\/\/ssakimya.com\/index.php\/wp-json\/wp\/v2\/product"}],"about":[{"href":"https:\/\/ssakimya.com\/index.php\/wp-json\/wp\/v2\/types\/product"}],"replies":[{"embeddable":true,"href":"https:\/\/ssakimya.com\/index.php\/wp-json\/wp\/v2\/comments?post=7541"}],"wp:featuredmedia":[{"embeddable":true,"href":"https:\/\/ssakimya.com\/index.php\/wp-json\/wp\/v2\/media\/7543"}],"wp:attachment":[{"href":"https:\/\/ssakimya.com\/index.php\/wp-json\/wp\/v2\/media?parent=7541"}],"wp:term":[{"taxonomy":"product_cat","embeddable":true,"href":"https:\/\/ssakimya.com\/index.php\/wp-json\/wp\/v2\/product_cat?post=7541"},{"taxonomy":"product_tag","embeddable":true,"href":"https:\/\/ssakimya.com\/index.php\/wp-json\/wp\/v2\/product_tag?post=7541"}],"curies":[{"name":"wp","href":"https:\/\/api.w.org\/{rel}","templated":true}]}}