{"id":6737,"date":"2022-01-12T13:38:42","date_gmt":"2022-01-12T13:38:42","guid":{"rendered":"http:\/\/ssakimya.com\/?post_type=product&#038;p=6737"},"modified":"2023-06-21T14:21:37","modified_gmt":"2023-06-21T14:21:37","slug":"tychem-thermopro-2","status":"publish","type":"product","link":"https:\/\/ssakimya.com\/index.php\/product\/tychem-thermopro-2\/","title":{"rendered":"DuPont\u2122 Tychem\u00ae ThermoPro"},"content":{"rendered":"","protected":false},"excerpt":{"rendered":"<table style=\"height: 242px;\" width=\"856\">\n<tbody>\n<tr>\n<td width=\"172\">\u00dcr\u00fcn Ad\u0131<\/td>\n<td width=\"150\">Tychem\u00ae ThermoPro<\/td>\n<\/tr>\n<tr>\n<td>Kuma\u015f<\/td>\n<td width=\"150\">Tychem\u00ae 6000 FR<\/td>\n<\/tr>\n<tr>\n<td>Tasar\u0131m<\/td>\n<td width=\"150\">Arka kapakl\u0131 Kollu \u00d6nl\u00fck<\/td>\n<\/tr>\n<tr>\n<td>Diki\u015f<\/td>\n<td width=\"150\">Diki\u015fli ve a\u015f\u0131r\u0131 bantlanm\u0131\u015f<\/td>\n<\/tr>\n<tr>\n<td>Renk<\/td>\n<td width=\"150\">Portakal<\/td>\n<\/tr>\n<tr>\n<td>Boyutlar<\/td>\n<td width=\"150\">SM, MD, LG, XL, 2X, 3X<\/td>\n<\/tr>\n<tr>\n<td>Miktar \/ Kutu<\/td>\n<td width=\"150\">kutu ba\u015f\u0131na 2<\/td>\n<\/tr>\n<tr>\n<td>Standartlar<\/td>\n<td>KEDI III, T3, T4, T6, EN 1149-5, TR 11612, IEC 61482, EN 14116<\/td>\n<\/tr>\n<\/tbody>\n<\/table>\n<p><strong>DOK\u00dcMANLAR<\/strong><\/p>\n<p><a href=\"http:\/\/ssakimya.com\/hemtatch\/2022\/01\/tychem-thermopro-tp0275torce_GB.pdf\"><span style=\"color: #ff0000;\">Tychem\u00ae Teknik Dok\u00fcman<\/span><\/a><\/p>\n","protected":false},"featured_media":8375,"comment_status":"closed","ping_status":"closed","template":"","meta":[],"product_cat":[285,312,66],"product_tag":[],"class_list":["post-6737","product","type-product","status-publish","has-post-thumbnail","hentry","product_cat-dupont","product_cat-tip-3-tip-4-tip-5-tip-6","product_cat-vucut-koruyucular"],"_links":{"self":[{"href":"https:\/\/ssakimya.com\/index.php\/wp-json\/wp\/v2\/product\/6737","targetHints":{"allow":["GET"]}}],"collection":[{"href":"https:\/\/ssakimya.com\/index.php\/wp-json\/wp\/v2\/product"}],"about":[{"href":"https:\/\/ssakimya.com\/index.php\/wp-json\/wp\/v2\/types\/product"}],"replies":[{"embeddable":true,"href":"https:\/\/ssakimya.com\/index.php\/wp-json\/wp\/v2\/comments?post=6737"}],"wp:featuredmedia":[{"embeddable":true,"href":"https:\/\/ssakimya.com\/index.php\/wp-json\/wp\/v2\/media\/8375"}],"wp:attachment":[{"href":"https:\/\/ssakimya.com\/index.php\/wp-json\/wp\/v2\/media?parent=6737"}],"wp:term":[{"taxonomy":"product_cat","embeddable":true,"href":"https:\/\/ssakimya.com\/index.php\/wp-json\/wp\/v2\/product_cat?post=6737"},{"taxonomy":"product_tag","embeddable":true,"href":"https:\/\/ssakimya.com\/index.php\/wp-json\/wp\/v2\/product_tag?post=6737"}],"curies":[{"name":"wp","href":"https:\/\/api.w.org\/{rel}","templated":true}]}}