{"id":6717,"date":"2022-01-12T12:53:54","date_gmt":"2022-01-12T12:53:54","guid":{"rendered":"http:\/\/ssakimya.com\/?post_type=product&#038;p=6717"},"modified":"2023-06-23T08:51:38","modified_gmt":"2023-06-23T08:51:38","slug":"tychem-2000-c-aksesuar-3","status":"publish","type":"product","link":"https:\/\/ssakimya.com\/index.php\/product\/tychem-2000-c-aksesuar-3\/","title":{"rendered":"Tychem\u00ae 2000 C Aksesuar"},"content":{"rendered":"","protected":false},"excerpt":{"rendered":"<table style=\"height: 200px;\" width=\"618\">\n<tbody>\n<tr>\n<td width=\"172\">\u00dcr\u00fcn Ad\u0131<\/td>\n<td width=\"212\">Tychem\u00ae 2000 C Aksesuar<\/td>\n<\/tr>\n<tr>\n<td>Kuma\u015f<\/td>\n<td width=\"212\">Tychem\u00ae 2000 C<\/td>\n<\/tr>\n<tr>\n<td>Tasar\u0131m<\/td>\n<td width=\"212\">Kayma geciktirici overboots<\/td>\n<\/tr>\n<tr>\n<td>Diki\u015f<\/td>\n<td width=\"212\">K\u0131smen diki\u015fli, k\u0131smen bantlanm\u0131\u015f<\/td>\n<\/tr>\n<tr>\n<td>Renk<\/td>\n<td width=\"212\">Sar\u0131<\/td>\n<\/tr>\n<tr>\n<td>Boyutlar<\/td>\n<td width=\"212\">0<\/td>\n<\/tr>\n<tr>\n<td>Miktar \/ Kutu<\/td>\n<td width=\"212\">kutu ba\u015f\u0131na 50, toplu paketlenmi\u015f.<\/td>\n<\/tr>\n<tr>\n<td>Standartlar<\/td>\n<td>KEDI III, PB[3], EN 14126<\/td>\n<\/tr>\n<\/tbody>\n<\/table>\n<p><strong>DOK\u00dcMANLAR<\/strong><\/p>\n<p><a href=\"http:\/\/ssakimya.com\/hemtatch\/2022\/01\/tychem-2000-c-accessory-tcpobasyl00_GB.pdf\"><span style=\"color: #ff0000;\">Tychem\u00ae Teknik Dok\u00fcman<\/span><\/a><\/p>\n","protected":false},"featured_media":0,"comment_status":"closed","ping_status":"closed","template":"","meta":[],"product_cat":[314,285],"product_tag":[],"class_list":["post-6717","product","type-product","status-publish","hentry","product_cat-aksesuarlar","product_cat-dupont"],"_links":{"self":[{"href":"https:\/\/ssakimya.com\/index.php\/wp-json\/wp\/v2\/product\/6717","targetHints":{"allow":["GET"]}}],"collection":[{"href":"https:\/\/ssakimya.com\/index.php\/wp-json\/wp\/v2\/product"}],"about":[{"href":"https:\/\/ssakimya.com\/index.php\/wp-json\/wp\/v2\/types\/product"}],"replies":[{"embeddable":true,"href":"https:\/\/ssakimya.com\/index.php\/wp-json\/wp\/v2\/comments?post=6717"}],"wp:attachment":[{"href":"https:\/\/ssakimya.com\/index.php\/wp-json\/wp\/v2\/media?parent=6717"}],"wp:term":[{"taxonomy":"product_cat","embeddable":true,"href":"https:\/\/ssakimya.com\/index.php\/wp-json\/wp\/v2\/product_cat?post=6717"},{"taxonomy":"product_tag","embeddable":true,"href":"https:\/\/ssakimya.com\/index.php\/wp-json\/wp\/v2\/product_tag?post=6717"}],"curies":[{"name":"wp","href":"https:\/\/api.w.org\/{rel}","templated":true}]}}