{"id":6616,"date":"2022-01-11T13:57:37","date_gmt":"2022-01-11T13:57:37","guid":{"rendered":"http:\/\/ssakimya.com\/?post_type=product&#038;p=6616"},"modified":"2023-06-23T08:50:13","modified_gmt":"2023-06-23T08:50:13","slug":"tyvek-500-aksesuar-2","status":"publish","type":"product","link":"https:\/\/ssakimya.com\/index.php\/product\/tyvek-500-aksesuar-2\/","title":{"rendered":"Tyvek\u00ae 500 3 cepli Laboratuar \u00d6nl\u00fc\u011f\u00fc"},"content":{"rendered":"","protected":false},"excerpt":{"rendered":"<table style=\"height: 222px;\" width=\"652\">\n<tbody>\n<tr>\n<td width=\"172\">\u00dcr\u00fcn Ad\u0131<\/td>\n<td width=\"180\">Tyvek\u00ae 500 Aksesuar<\/td>\n<\/tr>\n<tr>\n<td>Kuma\u015f<\/td>\n<td width=\"180\">Tyvek\u00ae 500<\/td>\n<\/tr>\n<tr>\n<td>Tasar\u0131m<\/td>\n<td width=\"180\">3 cepli labcoat<\/td>\n<\/tr>\n<tr>\n<td>Diki\u015f<\/td>\n<td width=\"180\">Diki\u015fli (dahili)<\/td>\n<\/tr>\n<tr>\n<td>Renk<\/td>\n<td width=\"180\">Beyaz<\/td>\n<\/tr>\n<tr>\n<td>Boyutlar<\/td>\n<td width=\"180\">MD, LG, XL, 2X<\/td>\n<\/tr>\n<tr>\n<td>Miktar \/ Kutu<\/td>\n<td width=\"180\">kutu ba\u015f\u0131na 50, toplu paketlenmi\u015f.<\/td>\n<\/tr>\n<tr>\n<td>Standartlar<\/td>\n<td>KEDI III, PB[6], EN 14126<\/td>\n<\/tr>\n<\/tbody>\n<\/table>\n<p><strong>DOK\u00dcMANLAR<\/strong><\/p>\n<p><a href=\"http:\/\/ssakimya.com\/hemtatch\/2022\/01\/tyvek-400-dual-tdchf5swh00_GB-1.pdf\"><span style=\"color: #ff0000;\">Tyvek\u00ae Teknik Dok\u00fcman<\/span><\/a><\/p>\n","protected":false},"featured_media":6620,"comment_status":"closed","ping_status":"closed","template":"","meta":[],"product_cat":[314,285,66],"product_tag":[],"class_list":["post-6616","product","type-product","status-publish","has-post-thumbnail","hentry","product_cat-aksesuarlar","product_cat-dupont","product_cat-vucut-koruyucular"],"_links":{"self":[{"href":"https:\/\/ssakimya.com\/index.php\/wp-json\/wp\/v2\/product\/6616","targetHints":{"allow":["GET"]}}],"collection":[{"href":"https:\/\/ssakimya.com\/index.php\/wp-json\/wp\/v2\/product"}],"about":[{"href":"https:\/\/ssakimya.com\/index.php\/wp-json\/wp\/v2\/types\/product"}],"replies":[{"embeddable":true,"href":"https:\/\/ssakimya.com\/index.php\/wp-json\/wp\/v2\/comments?post=6616"}],"wp:featuredmedia":[{"embeddable":true,"href":"https:\/\/ssakimya.com\/index.php\/wp-json\/wp\/v2\/media\/6620"}],"wp:attachment":[{"href":"https:\/\/ssakimya.com\/index.php\/wp-json\/wp\/v2\/media?parent=6616"}],"wp:term":[{"taxonomy":"product_cat","embeddable":true,"href":"https:\/\/ssakimya.com\/index.php\/wp-json\/wp\/v2\/product_cat?post=6616"},{"taxonomy":"product_tag","embeddable":true,"href":"https:\/\/ssakimya.com\/index.php\/wp-json\/wp\/v2\/product_tag?post=6616"}],"curies":[{"name":"wp","href":"https:\/\/api.w.org\/{rel}","templated":true}]}}