{"id":6278,"date":"2021-12-28T13:51:20","date_gmt":"2021-12-28T13:51:20","guid":{"rendered":"http:\/\/ssakimya.com\/?post_type=product&#038;p=6278"},"modified":"2022-10-21T13:10:31","modified_gmt":"2022-10-21T13:10:31","slug":"butoflex-651","status":"publish","type":"product","link":"https:\/\/ssakimya.com\/index.php\/product\/butoflex-651\/","title":{"rendered":"Butoflex 651"},"content":{"rendered":"","protected":false},"excerpt":{"rendered":"<table style=\"height: 558px;\" width=\"646\">\n<tbody>\n<tr>\n<td width=\"269\">\u00dcr\u00fcn Segmenti<\/td>\n<td width=\"118\">Kimyasal Koruma<\/td>\n<\/tr>\n<tr>\n<td width=\"269\">\u00dcr\u00fcn Ad\u0131<\/td>\n<td width=\"118\">Butoflex 651<\/td>\n<\/tr>\n<tr>\n<td width=\"269\">Malzeme<\/td>\n<td width=\"118\">B\u00fctil<\/td>\n<\/tr>\n<tr>\n<td width=\"269\">Renk<\/td>\n<td width=\"118\">Siyah<\/td>\n<\/tr>\n<tr>\n<td width=\"269\">\u0130\u00e7 Kaplama<\/td>\n<td width=\"118\">Yumu\u015fak<\/td>\n<\/tr>\n<tr>\n<td width=\"269\">D\u0131\u015f Kaplama<\/td>\n<td width=\"118\">Kabartmal\u0131 kuma\u015f<\/td>\n<\/tr>\n<tr>\n<td width=\"269\">Uzunluk (cm)<\/td>\n<td width=\"118\">36<\/td>\n<\/tr>\n<tr>\n<td width=\"269\">Kal\u0131nl\u0131k (mm)<\/td>\n<td width=\"118\">0.5<\/td>\n<\/tr>\n<tr>\n<td width=\"269\">Boy<\/td>\n<td width=\"118\">7 8 9 10<\/td>\n<\/tr>\n<tr>\n<td width=\"269\">Ambalajlama<\/td>\n<td width=\"118\">\n1 \u00e7ift\/torba 6 \u00e7ift\/karton<\/td>\n<\/tr>\n<tr>\n<td width=\"269\">G\u0131da Onay\u0131<\/td>\n<td width=\"118\"><\/td>\n<\/tr>\n<tr>\n<td width=\"269\">Mikrobiyolojik Koruma<\/td>\n<td width=\"118\">Evet<\/td>\n<\/tr>\n<tr>\n<td width=\"269\">EN 421 Radyoaktif Kontaminasyon<\/td>\n<td width=\"118\"><\/td>\n<\/tr>\n<tr>\n<td width=\"269\">Touchscreen compatible<\/td>\n<td width=\"118\"><\/td>\n<\/tr>\n<tr>\n<td width=\"269\">\u00a0EN 388:2016 + A1:2018<\/td>\n<td width=\"118\">0010X<\/td>\n<\/tr>\n<tr>\n<td width=\"269\">EN 407:2004<\/td>\n<td width=\"118\"><\/td>\n<\/tr>\n<tr>\n<td width=\"269\">EN ISO 374-1:2016<\/td>\n<td width=\"118\">Type A \/ ABCILMNOS<\/td>\n<\/tr>\n<tr>\n<td width=\"269\">EN 511:2006<\/td>\n<td width=\"118\"><\/td>\n<\/tr>\n<tr>\n<td width=\"269\">EN 16350:2014<\/td>\n<td width=\"118\"><\/td>\n<\/tr>\n<\/tbody>\n<\/table>\n<p><strong>DOK\u00dcMANLAR<\/strong><\/p>\n<p><a href=\"http:\/\/ssakimya.com\/wp-content\/uploads\/2021\/12\/MAPA-DataSheet-Butoflex-651-tr-tr.pdf\"><span style=\"color: #ff0000;\">Mapa Teknik Dok\u00fcman<\/span><\/a><\/p>\n<p>&nbsp;<\/p>\n","protected":false},"featured_media":6100,"comment_status":"closed","ping_status":"closed","template":"","meta":[],"product_cat":[67,304,282],"product_tag":[],"class_list":["post-6278","product","type-product","status-publish","has-post-thumbnail","hentry","product_cat-el-kol-koruyucular","product_cat-kimyasal-koruma","product_cat-mapa"],"_links":{"self":[{"href":"https:\/\/ssakimya.com\/index.php\/wp-json\/wp\/v2\/product\/6278","targetHints":{"allow":["GET"]}}],"collection":[{"href":"https:\/\/ssakimya.com\/index.php\/wp-json\/wp\/v2\/product"}],"about":[{"href":"https:\/\/ssakimya.com\/index.php\/wp-json\/wp\/v2\/types\/product"}],"replies":[{"embeddable":true,"href":"https:\/\/ssakimya.com\/index.php\/wp-json\/wp\/v2\/comments?post=6278"}],"wp:featuredmedia":[{"embeddable":true,"href":"https:\/\/ssakimya.com\/index.php\/wp-json\/wp\/v2\/media\/6100"}],"wp:attachment":[{"href":"https:\/\/ssakimya.com\/index.php\/wp-json\/wp\/v2\/media?parent=6278"}],"wp:term":[{"taxonomy":"product_cat","embeddable":true,"href":"https:\/\/ssakimya.com\/index.php\/wp-json\/wp\/v2\/product_cat?post=6278"},{"taxonomy":"product_tag","embeddable":true,"href":"https:\/\/ssakimya.com\/index.php\/wp-json\/wp\/v2\/product_tag?post=6278"}],"curies":[{"name":"wp","href":"https:\/\/api.w.org\/{rel}","templated":true}]}}