{"id":6274,"date":"2021-12-28T13:41:01","date_gmt":"2021-12-28T13:41:01","guid":{"rendered":"http:\/\/ssakimya.com\/?post_type=product&#038;p=6274"},"modified":"2022-10-21T13:20:40","modified_gmt":"2022-10-21T13:20:40","slug":"ultranitril-495","status":"publish","type":"product","link":"https:\/\/ssakimya.com\/index.php\/product\/ultranitril-495\/","title":{"rendered":"Ultranitril 495"},"content":{"rendered":"","protected":false},"excerpt":{"rendered":"<table style=\"height: 579px;\" width=\"751\">\n<tbody>\n<tr>\n<td width=\"269\">\u00dcr\u00fcn Segmenti<\/td>\n<td width=\"128\">Kimyasal Koruma<\/td>\n<\/tr>\n<tr>\n<td width=\"269\">\u00dcr\u00fcn Ad\u0131<\/td>\n<td width=\"128\">Ultranitril 495<\/td>\n<\/tr>\n<tr>\n<td width=\"269\">Malzeme<\/td>\n<td width=\"128\">Nitril<\/td>\n<\/tr>\n<tr>\n<td width=\"269\">Renk<\/td>\n<td width=\"128\">Mavi<\/td>\n<\/tr>\n<tr>\n<td width=\"269\">\u0130\u00e7 Kaplama<\/td>\n<td width=\"128\">Pamuk hav\u0131 emdirilmi\u015f<\/td>\n<\/tr>\n<tr>\n<td width=\"269\">D\u0131\u015f Kaplama<\/td>\n<td width=\"128\">Kabartmal\u0131 kuma\u015f<\/td>\n<\/tr>\n<tr>\n<td width=\"269\">Uzunluk (cm)<\/td>\n<td width=\"128\">32<\/td>\n<\/tr>\n<tr>\n<td width=\"269\">Kal\u0131nl\u0131k (mm)<\/td>\n<td width=\"128\">0.41<\/td>\n<\/tr>\n<tr>\n<td width=\"269\">Boy<\/td>\n<td width=\"128\">6 7 8 9 10<\/td>\n<\/tr>\n<tr>\n<td width=\"269\">Ambalajlama<\/td>\n<td width=\"128\">1 \u00e7ift\/torba 10 \u00e7ift\/torba 100 \u00e7ift\/karton<\/td>\n<\/tr>\n<tr>\n<td width=\"269\">G\u0131da Onay\u0131<\/td>\n<td width=\"128\">Evet<\/td>\n<\/tr>\n<tr>\n<td width=\"269\">Mikrobiyolojik Koruma<\/td>\n<td width=\"128\">Evet<\/td>\n<\/tr>\n<tr>\n<td width=\"269\">EN 421 Radyoaktif Kontaminasyon<\/td>\n<td width=\"128\"><\/td>\n<\/tr>\n<tr>\n<td width=\"269\">Touchscreen compatible<\/td>\n<td width=\"128\"><\/td>\n<\/tr>\n<tr>\n<td width=\"269\">\u00a0EN 388:2016 + A1:2018<\/td>\n<td width=\"128\">3101X<\/td>\n<\/tr>\n<tr>\n<td width=\"269\">EN 407:2004<\/td>\n<td width=\"128\"><\/td>\n<\/tr>\n<tr>\n<td width=\"269\">EN ISO 374-1:2016<\/td>\n<td width=\"128\">Type A \/ AJK0PT<\/td>\n<\/tr>\n<tr>\n<td width=\"269\">EN 511:2006<\/td>\n<td width=\"128\"><\/td>\n<\/tr>\n<tr>\n<td width=\"269\">EN 16350:2014<\/td>\n<td width=\"128\"><\/td>\n<\/tr>\n<\/tbody>\n<\/table>\n<p><strong>DOK\u00dcMANLAR<\/strong><\/p>\n<p><a href=\"http:\/\/ssakimya.com\/wp-content\/uploads\/2021\/12\/MAPA-DataSheet-Ultranitril-495-tr-tr.pdf\"><span style=\"color: #ff0000;\">Mapa Teknik Dok\u00fcman<\/span><\/a><\/p>\n<p>&nbsp;<\/p>\n","protected":false},"featured_media":6220,"comment_status":"closed","ping_status":"closed","template":"","meta":[],"product_cat":[67,304,282],"product_tag":[],"class_list":["post-6274","product","type-product","status-publish","has-post-thumbnail","hentry","product_cat-el-kol-koruyucular","product_cat-kimyasal-koruma","product_cat-mapa"],"_links":{"self":[{"href":"https:\/\/ssakimya.com\/index.php\/wp-json\/wp\/v2\/product\/6274","targetHints":{"allow":["GET"]}}],"collection":[{"href":"https:\/\/ssakimya.com\/index.php\/wp-json\/wp\/v2\/product"}],"about":[{"href":"https:\/\/ssakimya.com\/index.php\/wp-json\/wp\/v2\/types\/product"}],"replies":[{"embeddable":true,"href":"https:\/\/ssakimya.com\/index.php\/wp-json\/wp\/v2\/comments?post=6274"}],"wp:featuredmedia":[{"embeddable":true,"href":"https:\/\/ssakimya.com\/index.php\/wp-json\/wp\/v2\/media\/6220"}],"wp:attachment":[{"href":"https:\/\/ssakimya.com\/index.php\/wp-json\/wp\/v2\/media?parent=6274"}],"wp:term":[{"taxonomy":"product_cat","embeddable":true,"href":"https:\/\/ssakimya.com\/index.php\/wp-json\/wp\/v2\/product_cat?post=6274"},{"taxonomy":"product_tag","embeddable":true,"href":"https:\/\/ssakimya.com\/index.php\/wp-json\/wp\/v2\/product_tag?post=6274"}],"curies":[{"name":"wp","href":"https:\/\/api.w.org\/{rel}","templated":true}]}}