{"id":6253,"date":"2021-12-28T12:42:31","date_gmt":"2021-12-28T12:42:31","guid":{"rendered":"http:\/\/ssakimya.com\/?post_type=product&#038;p=6253"},"modified":"2022-01-04T11:39:53","modified_gmt":"2022-01-04T11:39:53","slug":"vital-181","status":"publish","type":"product","link":"https:\/\/ssakimya.com\/index.php\/product\/vital-181\/","title":{"rendered":"Vital 181"},"content":{"rendered":"","protected":false},"excerpt":{"rendered":"<table style=\"height: 582px;\" width=\"711\">\n<tbody>\n<tr>\n<td width=\"269\">\u00dcr\u00fcn Segmenti<\/td>\n<td width=\"166\">S\u0131v\u0131 Ge\u00e7irmez<\/td>\n<\/tr>\n<tr>\n<td width=\"269\">\u00dcr\u00fcn Ad\u0131<\/td>\n<td width=\"166\">Vital 181<\/td>\n<\/tr>\n<tr>\n<td width=\"269\">Malzeme<\/td>\n<td width=\"166\">Nitril kar\u0131\u015ft\u0131r\u0131lm\u0131\u015f do\u011fal lateks<\/td>\n<\/tr>\n<tr>\n<td width=\"269\">Renk<\/td>\n<td width=\"166\">K\u0131rm\u0131z\u0131<\/td>\n<\/tr>\n<tr>\n<td width=\"269\">\u0130\u00e7 Kaplama<\/td>\n<td width=\"166\">Pamuk hav\u0131 emdirilmi\u015f<\/td>\n<\/tr>\n<tr>\n<td width=\"269\">D\u0131\u015f Kaplama<\/td>\n<td width=\"166\">Kabartmal\u0131, klorla kaplanm\u0131\u015f<\/td>\n<\/tr>\n<tr>\n<td width=\"269\">Uzunluk (cm)<\/td>\n<td width=\"166\">31<\/td>\n<\/tr>\n<tr>\n<td width=\"269\">Kal\u0131nl\u0131k (mm)<\/td>\n<td width=\"166\">0.4<\/td>\n<\/tr>\n<tr>\n<td width=\"269\">Boy<\/td>\n<td width=\"166\">7 8 9<\/td>\n<\/tr>\n<tr>\n<td width=\"269\">Ambalajlama<\/td>\n<td width=\"166\">1 \u00e7ift\/torba 10 \u00e7ift\/torba 100 \u00e7ift\/karton<\/td>\n<\/tr>\n<tr>\n<td width=\"269\">G\u0131da Onay\u0131<\/td>\n<td width=\"166\"><\/td>\n<\/tr>\n<tr>\n<td width=\"269\">Mikrobiyolojik Koruma<\/td>\n<td width=\"166\">Evet<\/td>\n<\/tr>\n<tr>\n<td width=\"269\">EN 421 Radyoaktif Kontaminasyon<\/td>\n<td width=\"166\"><\/td>\n<\/tr>\n<tr>\n<td width=\"269\">Touchscreen compatible<\/td>\n<td width=\"166\"><\/td>\n<\/tr>\n<tr>\n<td width=\"269\">\u00a0EN 388:2016 + A1:2018<\/td>\n<td width=\"166\">1110X<\/td>\n<\/tr>\n<tr>\n<td width=\"269\">EN 407:2004<\/td>\n<td width=\"166\"><\/td>\n<\/tr>\n<tr>\n<td width=\"269\">EN ISO 374-1:2016<\/td>\n<td width=\"166\">Type B \/ KPT<\/td>\n<\/tr>\n<tr>\n<td width=\"269\">EN 511:2006<\/td>\n<td width=\"166\"><\/td>\n<\/tr>\n<tr>\n<td width=\"269\">EN 16350:2014<\/td>\n<td width=\"166\"><\/td>\n<\/tr>\n<\/tbody>\n<\/table>\n<p><strong>DOK\u00dcMANLAR<\/strong><\/p>\n<p><a href=\"http:\/\/ssakimya.com\/wp-content\/uploads\/2021\/12\/MAPA-DataSheet-Vital-181-tr-tr.pdf\"><span style=\"color: #ff0000;\">Mapa Teknik Dok\u00fcman<\/span><\/a><\/p>\n","protected":false},"featured_media":6229,"comment_status":"closed","ping_status":"closed","template":"","meta":[],"product_cat":[282,303],"product_tag":[],"class_list":["post-6253","product","type-product","status-publish","has-post-thumbnail","hentry","product_cat-mapa","product_cat-sivi-gecirmez-koruma"],"_links":{"self":[{"href":"https:\/\/ssakimya.com\/index.php\/wp-json\/wp\/v2\/product\/6253","targetHints":{"allow":["GET"]}}],"collection":[{"href":"https:\/\/ssakimya.com\/index.php\/wp-json\/wp\/v2\/product"}],"about":[{"href":"https:\/\/ssakimya.com\/index.php\/wp-json\/wp\/v2\/types\/product"}],"replies":[{"embeddable":true,"href":"https:\/\/ssakimya.com\/index.php\/wp-json\/wp\/v2\/comments?post=6253"}],"wp:featuredmedia":[{"embeddable":true,"href":"https:\/\/ssakimya.com\/index.php\/wp-json\/wp\/v2\/media\/6229"}],"wp:attachment":[{"href":"https:\/\/ssakimya.com\/index.php\/wp-json\/wp\/v2\/media?parent=6253"}],"wp:term":[{"taxonomy":"product_cat","embeddable":true,"href":"https:\/\/ssakimya.com\/index.php\/wp-json\/wp\/v2\/product_cat?post=6253"},{"taxonomy":"product_tag","embeddable":true,"href":"https:\/\/ssakimya.com\/index.php\/wp-json\/wp\/v2\/product_tag?post=6253"}],"curies":[{"name":"wp","href":"https:\/\/api.w.org\/{rel}","templated":true}]}}