{"id":6244,"date":"2021-12-28T12:12:47","date_gmt":"2021-12-28T12:12:47","guid":{"rendered":"http:\/\/ssakimya.com\/?post_type=product&#038;p=6244"},"modified":"2022-09-19T20:44:53","modified_gmt":"2022-09-19T20:44:53","slug":"solo-977","status":"publish","type":"product","link":"https:\/\/ssakimya.com\/index.php\/product\/solo-977\/","title":{"rendered":"Solo 977"},"content":{"rendered":"","protected":false},"excerpt":{"rendered":"<h1 class=\"page-title\">Solo 977<\/h1>\n<p>&nbsp;<\/p>\n<p class=\"page-lead\">Tek kullan\u0131ml\u0131k eldivenler i\u00e7inde en iyi kimyasal koruma : Kimyasal koruma ve hassasiyetin m\u00fckemmel dengesi.<\/p>\n<p>&nbsp;<\/p>\n<h2 id=\"specific-advantages\">\u00d6nemli avantajlar<\/h2>\n<ul>\n<li>Kal\u0131nl\u0131k, konfor ve diren\u00e7 aras\u0131nda iyi denge.<\/li>\n<li>Kabartmal\u0131 parmak u\u00e7lar\u0131 ile iyi kavrama.<\/li>\n<li>Bir\u00e7ok kimyasala uygundur (Kimyasal diren\u00e7 tablosunu inceleyin)<\/li>\n<li>Boyamadan \u00f6nce metal sa\u00e7 ve cam da iz ve kusur olu\u015fmas\u0131n\u0131 \u00f6nlemek i\u00e7in silikon i\u00e7ermez<\/li>\n<li>Klorlanm\u0131\u015f y\u00fczey.<\/li>\n<\/ul>\n<p>&nbsp;<\/p>\n<p><strong>DOK\u00dcMANLAR<\/strong><\/p>\n<p><a href=\"http:\/\/ssakimya.com\/hemtatch\/2021\/12\/MAPA-DataSheet-Solo-977-tr-tr.pdf\"><span style=\"color: #ff0000;\">Mapa Teknik Dok\u00fcman<\/span><\/a><\/p>\n","protected":false},"featured_media":6188,"comment_status":"closed","ping_status":"closed","template":"","meta":[],"product_cat":[282,302],"product_tag":[],"class_list":["post-6244","product","type-product","status-publish","has-post-thumbnail","hentry","product_cat-mapa","product_cat-tek-kullanimlik-koruma"],"_links":{"self":[{"href":"https:\/\/ssakimya.com\/index.php\/wp-json\/wp\/v2\/product\/6244","targetHints":{"allow":["GET"]}}],"collection":[{"href":"https:\/\/ssakimya.com\/index.php\/wp-json\/wp\/v2\/product"}],"about":[{"href":"https:\/\/ssakimya.com\/index.php\/wp-json\/wp\/v2\/types\/product"}],"replies":[{"embeddable":true,"href":"https:\/\/ssakimya.com\/index.php\/wp-json\/wp\/v2\/comments?post=6244"}],"wp:featuredmedia":[{"embeddable":true,"href":"https:\/\/ssakimya.com\/index.php\/wp-json\/wp\/v2\/media\/6188"}],"wp:attachment":[{"href":"https:\/\/ssakimya.com\/index.php\/wp-json\/wp\/v2\/media?parent=6244"}],"wp:term":[{"taxonomy":"product_cat","embeddable":true,"href":"https:\/\/ssakimya.com\/index.php\/wp-json\/wp\/v2\/product_cat?post=6244"},{"taxonomy":"product_tag","embeddable":true,"href":"https:\/\/ssakimya.com\/index.php\/wp-json\/wp\/v2\/product_tag?post=6244"}],"curies":[{"name":"wp","href":"https:\/\/api.w.org\/{rel}","templated":true}]}}