{"id":6243,"date":"2021-12-28T12:09:00","date_gmt":"2021-12-28T12:09:00","guid":{"rendered":"http:\/\/ssakimya.com\/?post_type=product&#038;p=6243"},"modified":"2022-01-04T11:24:33","modified_gmt":"2022-01-04T11:24:33","slug":"solo-992","status":"publish","type":"product","link":"https:\/\/ssakimya.com\/index.php\/product\/solo-992\/","title":{"rendered":"Solo 992"},"content":{"rendered":"","protected":false},"excerpt":{"rendered":"<table style=\"height: 552px;\" width=\"855\">\n<tbody>\n<tr>\n<td width=\"269\">\u00dcr\u00fcn Segmenti<\/td>\n<td width=\"90\">Tek Kullan\u0131ml\u0131k<\/td>\n<\/tr>\n<tr>\n<td width=\"269\">\u00dcr\u00fcn Ad\u0131<\/td>\n<td width=\"90\">Solo 992<\/td>\n<\/tr>\n<tr>\n<td width=\"269\">Malzeme<\/td>\n<td width=\"90\">Do\u011fal lateks<\/td>\n<\/tr>\n<tr>\n<td width=\"269\">Renk<\/td>\n<td width=\"90\">Do\u011fal<\/td>\n<\/tr>\n<tr>\n<td width=\"269\">\u0130\u00e7 Kaplama<\/td>\n<td width=\"90\">Pudralanmam\u0131\u015f<\/td>\n<\/tr>\n<tr>\n<td width=\"269\">D\u0131\u015f Kaplama<\/td>\n<td width=\"90\">Yumu\u015fak<\/td>\n<\/tr>\n<tr>\n<td width=\"269\">Uzunluk (cm)<\/td>\n<td width=\"90\">24<\/td>\n<\/tr>\n<tr>\n<td width=\"269\">Kal\u0131nl\u0131k (mm)<\/td>\n<td width=\"90\">0.1<\/td>\n<\/tr>\n<tr>\n<td width=\"269\">Boy<\/td>\n<td width=\"90\">6 7 8 9<\/td>\n<\/tr>\n<tr>\n<td width=\"269\">Ambalajlama<\/td>\n<td width=\"90\">100 eldiven\/kutu 1000 eldiven\/karton<\/td>\n<\/tr>\n<tr>\n<td width=\"269\">G\u0131da Onay\u0131<\/td>\n<td width=\"90\"><\/td>\n<\/tr>\n<tr>\n<td width=\"269\">Mikrobiyolojik Koruma<\/td>\n<td width=\"90\">Evet<\/td>\n<\/tr>\n<tr>\n<td width=\"269\">EN 421 Radyoaktif Kontaminasyon<\/td>\n<td width=\"90\"><\/td>\n<\/tr>\n<tr>\n<td width=\"269\">Touchscreen compatible<\/td>\n<td width=\"90\"><\/td>\n<\/tr>\n<tr>\n<td width=\"269\">\u00a0EN 388:2016 + A1:2018<\/td>\n<td width=\"90\"><\/td>\n<\/tr>\n<tr>\n<td width=\"269\">EN 407:2004<\/td>\n<td width=\"90\"><\/td>\n<\/tr>\n<tr>\n<td width=\"269\">EN ISO 374-1:2016<\/td>\n<td width=\"90\">Type C<\/td>\n<\/tr>\n<tr>\n<td width=\"269\">EN 511:2006<\/td>\n<td width=\"90\"><\/td>\n<\/tr>\n<tr>\n<td width=\"269\">EN 16350:2014<\/td>\n<td width=\"90\"><\/td>\n<\/tr>\n<\/tbody>\n<\/table>\n<p><strong>DOK\u00dcMANLAR<\/strong><\/p>\n<p><a href=\"http:\/\/ssakimya.com\/wp-content\/uploads\/2021\/12\/MAPA-DataSheet-Solo-992-tr-tr.pdf\"><span style=\"color: #ff0000;\">Mapa Teknik Dok\u00fcman<\/span><\/a><\/p>\n","protected":false},"featured_media":6192,"comment_status":"closed","ping_status":"closed","template":"","meta":[],"product_cat":[282,302],"product_tag":[],"class_list":["post-6243","product","type-product","status-publish","has-post-thumbnail","hentry","product_cat-mapa","product_cat-tek-kullanimlik-koruma"],"_links":{"self":[{"href":"https:\/\/ssakimya.com\/index.php\/wp-json\/wp\/v2\/product\/6243","targetHints":{"allow":["GET"]}}],"collection":[{"href":"https:\/\/ssakimya.com\/index.php\/wp-json\/wp\/v2\/product"}],"about":[{"href":"https:\/\/ssakimya.com\/index.php\/wp-json\/wp\/v2\/types\/product"}],"replies":[{"embeddable":true,"href":"https:\/\/ssakimya.com\/index.php\/wp-json\/wp\/v2\/comments?post=6243"}],"wp:featuredmedia":[{"embeddable":true,"href":"https:\/\/ssakimya.com\/index.php\/wp-json\/wp\/v2\/media\/6192"}],"wp:attachment":[{"href":"https:\/\/ssakimya.com\/index.php\/wp-json\/wp\/v2\/media?parent=6243"}],"wp:term":[{"taxonomy":"product_cat","embeddable":true,"href":"https:\/\/ssakimya.com\/index.php\/wp-json\/wp\/v2\/product_cat?post=6243"},{"taxonomy":"product_tag","embeddable":true,"href":"https:\/\/ssakimya.com\/index.php\/wp-json\/wp\/v2\/product_tag?post=6243"}],"curies":[{"name":"wp","href":"https:\/\/api.w.org\/{rel}","templated":true}]}}