{"id":5908,"date":"2021-12-21T15:07:16","date_gmt":"2021-12-21T15:07:16","guid":{"rendered":"http:\/\/ssakimya.com\/?post_type=product&#038;p=5908"},"modified":"2022-09-18T16:15:27","modified_gmt":"2022-09-18T16:15:27","slug":"maxiflex-endurance-with-ad-apt-42-844","status":"publish","type":"product","link":"https:\/\/ssakimya.com\/index.php\/product\/maxiflex-endurance-with-ad-apt-42-844\/","title":{"rendered":"MaxiFlex\u00ae\u00a0Endurance\u2122\u00a0with AD-APT\u00ae\u00a042-844"},"content":{"rendered":"","protected":false},"excerpt":{"rendered":"<table border=\"0\" width=\"532\" cellspacing=\"0\" cellpadding=\"0\">\n<colgroup>\n<col width=\"212\" \/>\n<col width=\"320\" \/><\/colgroup>\n<tbody>\n<tr>\n<td class=\"xl66\" width=\"212\" height=\"20\">\u00dcr\u00fcn Ad\u0131<\/td>\n<td class=\"xl65\" width=\"320\">MaxiFlex\u00ae\u00a0Endurance\u2122\u00a0with AD-APT\u00ae\u00a042-844<\/td>\n<\/tr>\n<tr>\n<td class=\"xl66\" height=\"20\">Tasar\u0131m<\/td>\n<td class=\"xl65\">Avu\u00e7 kaplamal\u0131 \u00f6rg\u00fcl\u00fc bilek<\/td>\n<\/tr>\n<tr>\n<td class=\"xl66\" height=\"20\">Uzunluk Boyut<\/td>\n<td class=\"xl65\">23 cm<\/td>\n<\/tr>\n<tr>\n<td class=\"xl66\" height=\"20\">Avu\u00e7 Kal\u0131nl\u0131\u011f\u0131<\/td>\n<td class=\"xl65\">1.10 mm<\/td>\n<\/tr>\n<tr>\n<td class=\"xl66\" height=\"20\">Boylar<\/td>\n<td class=\"xl65\">Boy 5 (XXS) &#8211; Boy 12 (XXXL)<\/td>\n<\/tr>\n<tr>\n<td class=\"xl66\" height=\"20\">Silikon \u0130\u00e7ermez<\/td>\n<td class=\"xl65\">No<\/td>\n<\/tr>\n<tr>\n<td class=\"xl66\" height=\"20\">Touchscreen compatible<\/td>\n<td class=\"xl65\">Evet<\/td>\n<\/tr>\n<tr>\n<td class=\"xl66\" height=\"20\">\u00a0EN 388:2016 + A1:2018<\/td>\n<td class=\"xl65\">4131A<\/td>\n<\/tr>\n<\/tbody>\n<\/table>\n<p><strong>DOK\u00dcMANLAR<\/strong><\/p>\n<p><a href=\"https:\/\/www.atg-glovesolutions.com\/tr\/maxiflex\/maxiflex-endurance-ad-apt\/42-844\"><span style=\"color: #ff0000;\">ATG Teknik Dok\u00fcman<\/span><\/a><\/p>\n<p>&nbsp;<\/p>\n","protected":false},"featured_media":5987,"comment_status":"closed","ping_status":"closed","template":"","meta":[],"product_cat":[281,67,297],"product_tag":[],"class_list":["post-5908","product","type-product","status-publish","has-post-thumbnail","hentry","product_cat-atg","product_cat-el-kol-koruyucular","product_cat-maxiflex"],"_links":{"self":[{"href":"https:\/\/ssakimya.com\/index.php\/wp-json\/wp\/v2\/product\/5908","targetHints":{"allow":["GET"]}}],"collection":[{"href":"https:\/\/ssakimya.com\/index.php\/wp-json\/wp\/v2\/product"}],"about":[{"href":"https:\/\/ssakimya.com\/index.php\/wp-json\/wp\/v2\/types\/product"}],"replies":[{"embeddable":true,"href":"https:\/\/ssakimya.com\/index.php\/wp-json\/wp\/v2\/comments?post=5908"}],"wp:featuredmedia":[{"embeddable":true,"href":"https:\/\/ssakimya.com\/index.php\/wp-json\/wp\/v2\/media\/5987"}],"wp:attachment":[{"href":"https:\/\/ssakimya.com\/index.php\/wp-json\/wp\/v2\/media?parent=5908"}],"wp:term":[{"taxonomy":"product_cat","embeddable":true,"href":"https:\/\/ssakimya.com\/index.php\/wp-json\/wp\/v2\/product_cat?post=5908"},{"taxonomy":"product_tag","embeddable":true,"href":"https:\/\/ssakimya.com\/index.php\/wp-json\/wp\/v2\/product_tag?post=5908"}],"curies":[{"name":"wp","href":"https:\/\/api.w.org\/{rel}","templated":true}]}}