{"id":7542,"date":"2022-09-17T15:10:19","date_gmt":"2022-09-17T15:10:19","guid":{"rendered":"http:\/\/ssakimya.com\/?page_id=7542"},"modified":"2022-09-29T11:14:02","modified_gmt":"2022-09-29T11:14:02","slug":"3m-kategori","status":"publish","type":"page","link":"https:\/\/ssakimya.com\/index.php\/3m-kategori\/","title":{"rendered":"3M"},"content":{"rendered":"<p>[vc_row full_width=&#8221;stretch_row_content&#8221; gap=&#8221;5&#8243; content_placement=&#8221;middle&#8221; css=&#8221;.vc_custom_1663393608785{background-position: center !important;background-repeat: no-repeat !important;background-size: cover !important;}&#8221;][vc_column width=&#8221;2\/6&#8243; css=&#8221;.vc_custom_1663263793389{background-position: center !important;background-repeat: no-repeat !important;background-size: cover !important;}&#8221;][vc_wp_text]<\/p>\n<h1 class=\"block-title\" style=\"padding-left: 80px;\">3M<\/h1>\n<div class=\"block-content\" style=\"padding-left: 40px;\">\n<p style=\"padding-left: 40px;\">Sizin kadar s\u0131k\u0131 \u00e7al\u0131\u015fan \u00fcr\u00fcnler. En temel ihtiya\u00e7lardan en \u00f6zel ihtiya\u00e7lara kadar 3M, sizin ve \u00e7al\u0131\u015fanlar\u0131n\u0131z\u0131n en \u00e7ok ihtiya\u00e7 duydu\u011fu sa\u011fl\u0131k ve g\u00fcvenlik korumas\u0131n\u0131 sunar, b\u00f6ylece herkes elinden gelenin en iyisini yapabilir.<\/p>\n<p style=\"padding-left: 40px;\">3M, tehlikeleri belirlemekten e\u011fitim ve \u00f6\u011fretim sa\u011flamaya kadar, g\u00fcvenlik bilimi arac\u0131l\u0131\u011f\u0131yla i\u015finizi yapman\u0131za ve \u00e7al\u0131\u015fanlar\u0131n\u0131z\u0131 evlerine geri g\u00f6t\u00fcrmenize yard\u0131mc\u0131 olabilir.<\/p>\n<p style=\"padding-left: 40px;\">\n<\/div>\n<p>[\/vc_wp_text][\/vc_column][vc_column width=&#8221;1\/6&#8243; css=&#8221;.vc_custom_1663392026041{background-position: center !important;background-repeat: no-repeat !important;background-size: contain !important;}&#8221;][vc_single_image image=&#8221;7555&#8243; img_size=&#8221;full&#8221; alignment=&#8221;center&#8221; onclick=&#8221;custom_link&#8221; link=&#8221;http:\/\/ssakimya.com\/index.php\/product-category\/kafa-ve-yuz-koruyuculari\/3m\/solunum-koruma\/tek-kullanimlik\/&#8221;][\/vc_column][vc_column width=&#8221;1\/6&#8243;][vc_single_image image=&#8221;7556&#8243; img_size=&#8221;full&#8221; alignment=&#8221;center&#8221; onclick=&#8221;custom_link&#8221; link=&#8221;http:\/\/ssakimya.com\/index.php\/product-category\/kafa-ve-yuz-koruyuculari\/3m\/yarim-yuz-maskeler-3m\/&#8221;][\/vc_column][vc_column width=&#8221;1\/6&#8243;][vc_single_image image=&#8221;7557&#8243; img_size=&#8221;full&#8221; onclick=&#8221;custom_link&#8221; link=&#8221;http:\/\/ssakimya.com\/index.php\/product-category\/kafa-ve-yuz-koruyuculari\/3m\/tam-yuz-maskeler-3m\/&#8221;][\/vc_column][vc_column width=&#8221;1\/6&#8243;][vc_single_image image=&#8221;7558&#8243; img_size=&#8221;full&#8221; onclick=&#8221;custom_link&#8221; link=&#8221;http:\/\/ssakimya.com\/index.php\/product-category\/kafa-ve-yuz-koruyuculari\/3m\/baretler\/&#8221;][\/vc_column][\/vc_row][vc_row full_width=&#8221;stretch_row_content&#8221; gap=&#8221;5&#8243; content_placement=&#8221;middle&#8221; css=&#8221;.vc_custom_1663393608785{background-position: center !important;background-repeat: no-repeat !important;background-size: cover !important;}&#8221;][vc_column width=&#8221;2\/6&#8243; css=&#8221;.vc_custom_1663263793389{background-position: center !important;background-repeat: no-repeat !important;background-size: cover !important;}&#8221;][\/vc_column][vc_column width=&#8221;1\/6&#8243; css=&#8221;.vc_custom_1663392026041{background-position: center !important;background-repeat: no-repeat !important;background-size: contain !important;}&#8221;][vc_single_image image=&#8221;7559&#8243; img_size=&#8221;full&#8221; alignment=&#8221;center&#8221; onclick=&#8221;custom_link&#8221; link=&#8221;http:\/\/ssakimya.com\/index.php\/product-category\/kafa-ve-yuz-koruyuculari\/3m\/kulakliklar\/&#8221;][\/vc_column][vc_column width=&#8221;1\/6&#8243;][\/vc_column][vc_column width=&#8221;1\/6&#8243;][\/vc_column][vc_column width=&#8221;1\/6&#8243;][\/vc_column][\/vc_row][vc_row full_width=&#8221;stretch_row_content&#8221; equal_height=&#8221;yes&#8221; content_placement=&#8221;middle&#8221;][vc_column width=&#8221;3\/6&#8243;][vc_single_image image=&#8221;7561&#8243; img_size=&#8221;500&#215;200&#8243; alignment=&#8221;center&#8221;][\/vc_column][vc_column width=&#8221;1\/6&#8243;][vc_single_image image=&#8221;7560&#8243; img_size=&#8221;200&#215;200&#8243; alignment=&#8221;center&#8221;][\/vc_column][vc_column width=&#8221;2\/6&#8243;][\/vc_column][\/vc_row]<\/p>\n","protected":false},"excerpt":{"rendered":"<p>[vc_row full_width=&#8221;stretch_row_content&#8221; gap=&#8221;5&#8243; content_placement=&#8221;middle&#8221; css=&#8221;.vc_custom_1663393608785{background-position: center !important;background-repeat: no-repeat !important;background-size: cover !important;}&#8221;][vc_column width=&#8221;2\/6&#8243; css=&#8221;.vc_custom_1663263793389{background-position: center !important;background-repeat: no-repeat !important;background-size: cover !important;}&#8221;][vc_wp_text] 3M Sizin kadar s\u0131k\u0131 \u00e7al\u0131\u015fan \u00fcr\u00fcnler. En temel ihtiya\u00e7lardan en \u00f6zel ihtiya\u00e7lara kadar 3M, sizin ve \u00e7al\u0131\u015fanlar\u0131n\u0131z\u0131n en \u00e7ok ihtiya\u00e7 duydu\u011fu &hellip; <a href=\"https:\/\/ssakimya.com\/index.php\/3m-kategori\/\">Daha Fazlas\u0131<\/a><\/p>\n","protected":false},"author":1,"featured_media":0,"parent":0,"menu_order":0,"comment_status":"closed","ping_status":"closed","template":"","meta":{"footnotes":""},"class_list":["post-7542","page","type-page","status-publish","hentry"],"_links":{"self":[{"href":"https:\/\/ssakimya.com\/index.php\/wp-json\/wp\/v2\/pages\/7542","targetHints":{"allow":["GET"]}}],"collection":[{"href":"https:\/\/ssakimya.com\/index.php\/wp-json\/wp\/v2\/pages"}],"about":[{"href":"https:\/\/ssakimya.com\/index.php\/wp-json\/wp\/v2\/types\/page"}],"author":[{"embeddable":true,"href":"https:\/\/ssakimya.com\/index.php\/wp-json\/wp\/v2\/users\/1"}],"replies":[{"embeddable":true,"href":"https:\/\/ssakimya.com\/index.php\/wp-json\/wp\/v2\/comments?post=7542"}],"version-history":[{"count":11,"href":"https:\/\/ssakimya.com\/index.php\/wp-json\/wp\/v2\/pages\/7542\/revisions"}],"predecessor-version":[{"id":8414,"href":"https:\/\/ssakimya.com\/index.php\/wp-json\/wp\/v2\/pages\/7542\/revisions\/8414"}],"wp:attachment":[{"href":"https:\/\/ssakimya.com\/index.php\/wp-json\/wp\/v2\/media?parent=7542"}],"curies":[{"name":"wp","href":"https:\/\/api.w.org\/{rel}","templated":true}]}}