{"id":7488,"date":"2022-09-17T12:19:25","date_gmt":"2022-09-17T12:19:25","guid":{"rendered":"http:\/\/ssakimya.com\/?page_id=7488"},"modified":"2022-09-25T13:10:40","modified_gmt":"2022-09-25T13:10:40","slug":"koruyucu-gozlukler-kategori","status":"publish","type":"page","link":"https:\/\/ssakimya.com\/index.php\/koruyucu-gozlukler-kategori\/","title":{"rendered":"Koruyucu G\u00f6zl\u00fckler"},"content":{"rendered":"<p>[vc_row full_width=&#8221;stretch_row_content&#8221; gap=&#8221;5&#8243; content_placement=&#8221;middle&#8221; css=&#8221;.vc_custom_1663393608785{background-position: center !important;background-repeat: no-repeat !important;background-size: cover !important;}&#8221;][vc_column width=&#8221;2\/6&#8243; css=&#8221;.vc_custom_1663263793389{background-position: center !important;background-repeat: no-repeat !important;background-size: cover !important;}&#8221;][vc_wp_text]<\/p>\n<h1 class=\"block-title\" style=\"padding-left: 80px;\"><span style=\"color: #c51618;\">Univet Koruyucu G\u00f6zl\u00fckler<\/span><\/h1>\n<div class=\"block-content\" style=\"padding-left: 40px;\">\n<p style=\"padding-left: 40px;\">T\u00fcm Univet g\u00f6zl\u00fckleri di\u011fer koruyucu cihazlarla kombinasyon halinde de m\u00fckemmel uyumu garanti etmek i\u00e7in hassas ergonomik standartlar\u0131 kar\u015f\u0131lar. Tasar\u0131m\u0131, stili ve estetik yap\u0131s\u0131, daha fazla insan\u0131n g\u00f6zlerini korumak i\u00e7in koruyucu cihazlar\u0131n kullan\u0131m\u0131n\u0131n fark\u0131na varmas\u0131n\u0131 sa\u011fl\u0131yor.<\/p>\n<\/div>\n<p>[\/vc_wp_text][\/vc_column][vc_column width=&#8221;2\/6&#8243; css=&#8221;.vc_custom_1663392026041{background-position: center !important;background-repeat: no-repeat !important;background-size: contain !important;}&#8221;][vc_single_image image=&#8221;7491&#8243; img_size=&#8221;large&#8221; onclick=&#8221;custom_link&#8221; link=&#8221;http:\/\/ssakimya.com\/index.php\/koruyucu-gozlukler-kategori\/&#8221;][\/vc_column][vc_column width=&#8221;2\/6&#8243;][\/vc_column][\/vc_row]<\/p>\n","protected":false},"excerpt":{"rendered":"<p>[vc_row full_width=&#8221;stretch_row_content&#8221; gap=&#8221;5&#8243; content_placement=&#8221;middle&#8221; css=&#8221;.vc_custom_1663393608785{background-position: center !important;background-repeat: no-repeat !important;background-size: cover !important;}&#8221;][vc_column width=&#8221;2\/6&#8243; css=&#8221;.vc_custom_1663263793389{background-position: center !important;background-repeat: no-repeat !important;background-size: cover !important;}&#8221;][vc_wp_text] Univet Koruyucu G\u00f6zl\u00fckler T\u00fcm Univet g\u00f6zl\u00fckleri di\u011fer koruyucu cihazlarla kombinasyon halinde de m\u00fckemmel uyumu garanti etmek i\u00e7in hassas ergonomik standartlar\u0131 kar\u015f\u0131lar. &hellip; <a href=\"https:\/\/ssakimya.com\/index.php\/koruyucu-gozlukler-kategori\/\">Daha Fazlas\u0131<\/a><\/p>\n","protected":false},"author":1,"featured_media":0,"parent":0,"menu_order":0,"comment_status":"closed","ping_status":"closed","template":"","meta":{"footnotes":""},"class_list":["post-7488","page","type-page","status-publish","hentry"],"_links":{"self":[{"href":"https:\/\/ssakimya.com\/index.php\/wp-json\/wp\/v2\/pages\/7488","targetHints":{"allow":["GET"]}}],"collection":[{"href":"https:\/\/ssakimya.com\/index.php\/wp-json\/wp\/v2\/pages"}],"about":[{"href":"https:\/\/ssakimya.com\/index.php\/wp-json\/wp\/v2\/types\/page"}],"author":[{"embeddable":true,"href":"https:\/\/ssakimya.com\/index.php\/wp-json\/wp\/v2\/users\/1"}],"replies":[{"embeddable":true,"href":"https:\/\/ssakimya.com\/index.php\/wp-json\/wp\/v2\/comments?post=7488"}],"version-history":[{"count":5,"href":"https:\/\/ssakimya.com\/index.php\/wp-json\/wp\/v2\/pages\/7488\/revisions"}],"predecessor-version":[{"id":8385,"href":"https:\/\/ssakimya.com\/index.php\/wp-json\/wp\/v2\/pages\/7488\/revisions\/8385"}],"wp:attachment":[{"href":"https:\/\/ssakimya.com\/index.php\/wp-json\/wp\/v2\/media?parent=7488"}],"curies":[{"name":"wp","href":"https:\/\/api.w.org\/{rel}","templated":true}]}}