{"id":7473,"date":"2022-09-17T12:04:31","date_gmt":"2022-09-17T12:04:31","guid":{"rendered":"http:\/\/ssakimya.com\/?page_id=7473"},"modified":"2023-03-13T11:56:16","modified_gmt":"2023-03-13T11:56:16","slug":"dupont-proshield-kategori","status":"publish","type":"page","link":"https:\/\/ssakimya.com\/index.php\/dupont-proshield-kategori\/","title":{"rendered":"DuPont\u2122 ProShield\u00ae"},"content":{"rendered":"<p>[vc_row full_width=&#8221;stretch_row_content&#8221; gap=&#8221;5&#8243; content_placement=&#8221;middle&#8221; css=&#8221;.vc_custom_1663393608785{background-position: center !important;background-repeat: no-repeat !important;background-size: cover !important;}&#8221;][vc_column width=&#8221;2\/6&#8243; css=&#8221;.vc_custom_1663263793389{background-position: center !important;background-repeat: no-repeat !important;background-size: cover !important;}&#8221;][vc_wp_text]<\/p>\n<h1 class=\"block-title\" style=\"padding-left: 80px;\"><span style=\"color: #c51618;\">DuPont\u2122 ProShield\u00ae<\/span><\/h1>\n<div class=\"block-content\" style=\"padding-left: 40px;\">\n<p style=\"padding-left: 40px;\"><span class=\"body2\">Tehlikeli olmayan hafif s\u0131v\u0131 s\u0131\u00e7ramalar\u0131na ve kuru partik\u00fcllere kar\u015f\u0131 ekonomik koruma &#8211; DuPont<sup>\u2122<\/sup>ProShield<sup>\u00ae<\/sup> Tulumlar.<\/span><\/p>\n<p style=\"padding-left: 40px;\"><span class=\"body2\">ProShield<sup>\u00ae<\/sup> kuma\u015f\u0131 \u00f6zellikle, bir\u00e7ok farkl\u0131 end\u00fcstride hafif, tehlikeli olmayan g\u00f6revler yapan \u00e7al\u0131\u015fanlar\u0131 korumak i\u00e7in \u00fcretilmi\u015ftir. ProShield<sup>\u00ae<\/sup> tulumlar\u0131 tipik end\u00fcstriyel ko\u015fullarda kar\u015f\u0131la\u015f\u0131lan tehlikeli olmayan, kuru partik\u00fcller ve hafif s\u0131v\u0131 s\u0131\u00e7ramalar\u0131na kar\u015f\u0131 koruma sa\u011flayabilir.<\/span><\/p>\n<\/div>\n<p>[\/vc_wp_text][\/vc_column][vc_column width=&#8221;2\/6&#8243; css=&#8221;.vc_custom_1663392026041{background-position: center !important;background-repeat: no-repeat !important;background-size: contain !important;}&#8221;][vc_single_image image=&#8221;7475&#8243; img_size=&#8221;large&#8221; onclick=&#8221;custom_link&#8221; link=&#8221;http:\/\/ssakimya.com\/index.php\/product-category\/vucut-koruyucular\/dupont\/tip-5-tip-6\/&#8221;][\/vc_column][vc_column width=&#8221;2\/6&#8243;][\/vc_column][\/vc_row]<\/p>\n","protected":false},"excerpt":{"rendered":"<p>[vc_row full_width=&#8221;stretch_row_content&#8221; gap=&#8221;5&#8243; content_placement=&#8221;middle&#8221; css=&#8221;.vc_custom_1663393608785{background-position: center !important;background-repeat: no-repeat !important;background-size: cover !important;}&#8221;][vc_column width=&#8221;2\/6&#8243; css=&#8221;.vc_custom_1663263793389{background-position: center !important;background-repeat: no-repeat !important;background-size: cover !important;}&#8221;][vc_wp_text] DuPont\u2122 ProShield\u00ae Tehlikeli olmayan hafif s\u0131v\u0131 s\u0131\u00e7ramalar\u0131na ve kuru partik\u00fcllere kar\u015f\u0131 ekonomik koruma &#8211; DuPont\u2122ProShield\u00ae Tulumlar. ProShield\u00ae kuma\u015f\u0131 \u00f6zellikle, bir\u00e7ok farkl\u0131 &hellip; <a href=\"https:\/\/ssakimya.com\/index.php\/dupont-proshield-kategori\/\">Daha Fazlas\u0131<\/a><\/p>\n","protected":false},"author":1,"featured_media":0,"parent":0,"menu_order":0,"comment_status":"closed","ping_status":"closed","template":"","meta":{"footnotes":""},"class_list":["post-7473","page","type-page","status-publish","hentry"],"_links":{"self":[{"href":"https:\/\/ssakimya.com\/index.php\/wp-json\/wp\/v2\/pages\/7473","targetHints":{"allow":["GET"]}}],"collection":[{"href":"https:\/\/ssakimya.com\/index.php\/wp-json\/wp\/v2\/pages"}],"about":[{"href":"https:\/\/ssakimya.com\/index.php\/wp-json\/wp\/v2\/types\/page"}],"author":[{"embeddable":true,"href":"https:\/\/ssakimya.com\/index.php\/wp-json\/wp\/v2\/users\/1"}],"replies":[{"embeddable":true,"href":"https:\/\/ssakimya.com\/index.php\/wp-json\/wp\/v2\/comments?post=7473"}],"version-history":[{"count":9,"href":"https:\/\/ssakimya.com\/index.php\/wp-json\/wp\/v2\/pages\/7473\/revisions"}],"predecessor-version":[{"id":8668,"href":"https:\/\/ssakimya.com\/index.php\/wp-json\/wp\/v2\/pages\/7473\/revisions\/8668"}],"wp:attachment":[{"href":"https:\/\/ssakimya.com\/index.php\/wp-json\/wp\/v2\/media?parent=7473"}],"curies":[{"name":"wp","href":"https:\/\/api.w.org\/{rel}","templated":true}]}}