{"id":7464,"date":"2022-09-17T11:53:35","date_gmt":"2022-09-17T11:53:35","guid":{"rendered":"http:\/\/ssakimya.com\/?page_id=7464"},"modified":"2023-06-21T13:54:25","modified_gmt":"2023-06-21T13:54:25","slug":"dupont-tycem-kategori","status":"publish","type":"page","link":"https:\/\/ssakimya.com\/index.php\/dupont-tycem-kategori\/","title":{"rendered":"DuPont\u2122 Tychem\u00ae"},"content":{"rendered":"<p>[vc_row full_width=&#8221;stretch_row_content&#8221; gap=&#8221;5&#8243; content_placement=&#8221;middle&#8221; css=&#8221;.vc_custom_1663393608785{background-position: center !important;background-repeat: no-repeat !important;background-size: cover !important;}&#8221;][vc_column width=&#8221;2\/6&#8243; css=&#8221;.vc_custom_1663263793389{background-position: center !important;background-repeat: no-repeat !important;background-size: cover !important;}&#8221;][vc_wp_text]<\/p>\n<h1 class=\"block-title\" style=\"padding-left: 80px;\">DuPont\u2122 Tychem\u00ae<\/h1>\n<div class=\"block-content\" style=\"padding-left: 40px;\">\n<p style=\"padding-left: 40px;\"><span class=\"body2\">\u00d6l\u00fcmc\u00fcl tehlikeler sadece yang\u0131n veya silahtan ibaret de\u011fildir. Tehlikeli kimyasallar\u0131n d\u00fc\u015f\u00fck seviyelerinden toksik gazlara ve biyolojik tehlikelere kar\u015f\u0131 kapsaml\u0131 koruma i\u00e7in end\u00fcstriyel \u00e7al\u0131\u015fanlar DuPont<sup>\u2122<\/sup> Tychem<sup>\u00ae<\/sup> ile yap\u0131lan tulumlara g\u00fcvenir.<\/span><\/p>\n<p style=\"padding-left: 40px;\"><span class=\"body2\">DuPont<sup>\u2122<\/sup> Tychem<sup>\u00ae<\/sup> ile yap\u0131lan tulumlar end\u00fcstriyel ve kamu sekt\u00f6r\u00fc \u00e7al\u0131\u015fanlar\u0131n\u0131 20 y\u0131l\u0131 a\u015fk\u0131n s\u00fcredir koruyor. Bu sa\u011flam ve y\u00fcksek performansl\u0131 film ve kaplamalar koruyucu kuma\u015flar\u0131m\u0131za eklenebilir ve giyenleri 180 farkl\u0131 kimyasala maruz kalmaya kar\u015f\u0131 korumaya yard\u0131mc\u0131 olur.<\/span><\/p>\n<p style=\"padding-left: 40px;\"><span class=\"body2\">Tychem<sup>\u00ae<\/sup> kuma\u015f en zorlu ko\u015fullarda bile g\u00fc\u00e7l\u00fc ve sa\u011flam koruma i\u00e7in tasarlanm\u0131\u015ft\u0131r. Tychem<sup>\u00ae<\/sup>tulumlar, kullan\u0131m i\u00e7in onay\u0131m\u0131zdan \u00f6nce, \u00f6zenli ve ba\u011f\u0131ms\u0131z testlerden ge\u00e7er. Bununla birlikte Tychem<sup>\u00ae<\/sup> kuma\u015flar\u0131 bir\u00e7ok kimyasala kar\u015f\u0131 ge\u00e7irgenlik testine tabi tutulmu\u015ftur. B\u00f6ylece biyolojik tehlikelerle birlikte sarinden klor gaz\u0131na kadar uzanan bir\u00e7ok toksik kat\u0131, s\u0131v\u0131 ve gaza kar\u015f\u0131 kimyasal koruma sa\u011flar.<\/span><\/p>\n<\/div>\n<p>[\/vc_wp_text][\/vc_column][vc_column width=&#8221;2\/6&#8243; css=&#8221;.vc_custom_1663392026041{background-position: center !important;background-repeat: no-repeat !important;background-size: contain !important;}&#8221;][vc_single_image image=&#8221;7469&#8243; img_size=&#8221;large&#8221; onclick=&#8221;custom_link&#8221; link=&#8221;http:\/\/ssakimya.com\/index.php\/product-category\/vucut-koruyucular\/dupont\/tip-1\/&#8221;][\/vc_column][vc_column width=&#8221;2\/6&#8243;][vc_single_image image=&#8221;7470&#8243; img_size=&#8221;large&#8221; onclick=&#8221;custom_link&#8221; link=&#8221;http:\/\/ssakimya.com\/index.php\/product-category\/vucut-koruyucular\/dupont\/tip-3-tip-4-tip-5-tip-6\/&#8221;][\/vc_column][\/vc_row][vc_row full_width=&#8221;stretch_row_content&#8221; gap=&#8221;5&#8243; content_placement=&#8221;middle&#8221; css=&#8221;.vc_custom_1663393608785{background-position: center !important;background-repeat: no-repeat !important;background-size: cover !important;}&#8221;][vc_column width=&#8221;2\/6&#8243; css=&#8221;.vc_custom_1663263793389{background-position: center !important;background-repeat: no-repeat !important;background-size: cover !important;}&#8221;][\/vc_column][vc_column width=&#8221;2\/6&#8243; css=&#8221;.vc_custom_1663392026041{background-position: center !important;background-repeat: no-repeat !important;background-size: contain !important;}&#8221;][vc_single_image image=&#8221;7471&#8243; img_size=&#8221;large&#8221; onclick=&#8221;custom_link&#8221; link=&#8221;http:\/\/ssakimya.com\/index.php\/product\/tychem-2000-c-aksesuar-4\/&#8221;][\/vc_column][vc_column width=&#8221;2\/6&#8243;][\/vc_column][\/vc_row]<\/p>\n","protected":false},"excerpt":{"rendered":"<p>[vc_row full_width=&#8221;stretch_row_content&#8221; gap=&#8221;5&#8243; content_placement=&#8221;middle&#8221; css=&#8221;.vc_custom_1663393608785{background-position: center !important;background-repeat: no-repeat !important;background-size: cover !important;}&#8221;][vc_column width=&#8221;2\/6&#8243; css=&#8221;.vc_custom_1663263793389{background-position: center !important;background-repeat: no-repeat !important;background-size: cover !important;}&#8221;][vc_wp_text] DuPont\u2122 Tychem\u00ae \u00d6l\u00fcmc\u00fcl tehlikeler sadece yang\u0131n veya silahtan ibaret de\u011fildir. Tehlikeli kimyasallar\u0131n d\u00fc\u015f\u00fck seviyelerinden toksik gazlara ve biyolojik tehlikelere kar\u015f\u0131 kapsaml\u0131 &hellip; <a href=\"https:\/\/ssakimya.com\/index.php\/dupont-tycem-kategori\/\">Daha Fazlas\u0131<\/a><\/p>\n","protected":false},"author":1,"featured_media":0,"parent":0,"menu_order":0,"comment_status":"closed","ping_status":"closed","template":"","meta":{"footnotes":""},"class_list":["post-7464","page","type-page","status-publish","hentry"],"_links":{"self":[{"href":"https:\/\/ssakimya.com\/index.php\/wp-json\/wp\/v2\/pages\/7464","targetHints":{"allow":["GET"]}}],"collection":[{"href":"https:\/\/ssakimya.com\/index.php\/wp-json\/wp\/v2\/pages"}],"about":[{"href":"https:\/\/ssakimya.com\/index.php\/wp-json\/wp\/v2\/types\/page"}],"author":[{"embeddable":true,"href":"https:\/\/ssakimya.com\/index.php\/wp-json\/wp\/v2\/users\/1"}],"replies":[{"embeddable":true,"href":"https:\/\/ssakimya.com\/index.php\/wp-json\/wp\/v2\/comments?post=7464"}],"version-history":[{"count":9,"href":"https:\/\/ssakimya.com\/index.php\/wp-json\/wp\/v2\/pages\/7464\/revisions"}],"predecessor-version":[{"id":8730,"href":"https:\/\/ssakimya.com\/index.php\/wp-json\/wp\/v2\/pages\/7464\/revisions\/8730"}],"wp:attachment":[{"href":"https:\/\/ssakimya.com\/index.php\/wp-json\/wp\/v2\/media?parent=7464"}],"curies":[{"name":"wp","href":"https:\/\/api.w.org\/{rel}","templated":true}]}}