{"id":5524,"date":"2021-10-27T05:29:53","date_gmt":"2021-10-27T05:29:53","guid":{"rendered":"http:\/\/ssakimya.com\/?page_id=5524"},"modified":"2022-02-02T06:14:25","modified_gmt":"2022-02-02T06:14:25","slug":"kariyer","status":"publish","type":"page","link":"https:\/\/ssakimya.com\/index.php\/kariyer\/","title":{"rendered":"KAR\u0130YER"},"content":{"rendered":"<p>[vc_row full_width=&#8221;stretch_row&#8221; el_class=&#8221;about_banner&#8221; css=&#8221;.vc_custom_1642615626481{background-color: #ffffff !important;}&#8221;][vc_column width=&#8221;1\/2&#8243; offset=&#8221;vc_col-xs-12&#8243;][vc_column_text]<\/p>\n<h2><span style=\"color: #000000;\"><strong>DENEY\u0130M ALANLARIMIZ<\/strong><\/span><\/h2>\n<p>SSA olarak \u00fclkemizin en b\u00fcy\u00fck ve g\u00fcvenilir i\u015f sa\u011fl\u0131\u011f\u0131 ve g\u00fcvenli\u011fi ki\u015fisel koruyucu donan\u0131mlar\u0131 tedarik\u00e7ilerinden bir tanesiyiz. Sadece ekipmanlar\u0131n tedari\u011fi ile kalmay\u0131p ayn\u0131 zamanda sekt\u00f6r baz\u0131nda bu \u00fcr\u00fcnlerin geli\u015fimleri i\u00e7in partnerlerimiz ile birlikte \u00e7al\u0131\u015f\u0131yoruz. T\u00fcrkiye&#8217;nin en iyi ki\u015fisel koruyucu donan\u0131m tedarik\u00e7isi olurken bu \u00e7al\u0131\u015fma arkada\u015flar\u0131m\u0131z ile ba\u015far\u0131yoruz. \u00c7\u00fcnk\u00fc biliyoruz ki ba\u015far\u0131m\u0131z\u0131n arkadas\u0131ndaki temel g\u00fc\u00e7 \u00e7al\u0131\u015fanlar\u0131m\u0131zd\u0131r.<\/p>\n<h3><span style=\"color: #000000;\">Safety:<\/span><\/h3>\n<p>Bulundu\u011fumuz ana sekt\u00f6r\u00fcn i\u015f sa\u011fl\u0131\u011f\u0131 ve g\u00fcvenli\u011fi oldu\u011funu temsil etmektedir.<\/p>\n<h3><span style=\"color: #000000;\">Solutions:<\/span><\/h3>\n<p>\u0130\u015f sa\u011fl\u0131\u011f\u0131 ve g\u00fcvenli\u011fi alan\u0131nda sundu\u011fumuz \u00e7\u00f6z\u00fcmleri temsil etmektedir.<\/p>\n<h3><span style=\"color: #000000;\">All:<\/span><\/h3>\n<div class=\"item-left\">\n<p>Her alanda her sekt\u00f6rde SSA\u2019n\u0131n \u00e7\u00f6z\u00fcm \u00fcretebilece\u011fini g\u00f6stermektedir.<\/p>\n<\/div>\n<p>[\/vc_column_text][vc_empty_space height=&#8221;64px&#8221;][\/vc_column][vc_column width=&#8221;1\/2&#8243;][vc_single_image image=&#8221;6833&#8243; img_size=&#8221;full&#8221; alignment=&#8221;center&#8221;][\/vc_column][\/vc_row][vc_row full_width=&#8221;stretch_row&#8221; el_class=&#8221;about_banner&#8221; css=&#8221;.vc_custom_1642615626481{background-color: #ffffff !important;}&#8221;][vc_column offset=&#8221;vc_col-xs-12&#8243;][vc_empty_space height=&#8221;64px&#8221;][vc_custom_heading text=&#8221;\u00c7ALI\u015eMA B\u00d6LGELER\u0130M\u0130Z&#8221; font_container=&#8221;tag:h2|text_align:left|color:%23000000&#8243; google_fonts=&#8221;font_family:Montserrat%3Aregular%2C700|font_style:700%20bold%20regular%3A700%3Anormal&#8221;][vc_empty_space][vc_column_text]<\/p>\n<h3><strong><span style=\"color: #000000;\">Saha Profesyonelleri<\/span><\/strong><\/h3>\n<p>\u0130stanbul, Ankara, \u0130zmir ve Bursa\u2019da yer alan direk ofislerimiz, Samsun ve Adana\u2019da bulunan b\u00f6lge temsilcilerimizle,\u00a0\u00dclkemizin 6 ayr\u0131 b\u00f6lgesinde 18 ki\u015filik saha ekibimiz\u00a0m\u00fc\u015fterilerimize her an hizmet verebilecek konumdad\u0131r.<\/p>\n<h3><strong><span style=\"color: #000000;\">Merkez Profesyonelleri<\/span><\/strong><\/h3>\n<p>Farkl\u0131 departmanlarda yer alan, her biri alan\u0131nda uzman 20 ki\u015filik \u0130stanbul da yer alan merkez ekibimiz ile b\u00fct\u00fcn s\u00fcre\u00e7lerimizi eksiksiz olarak yerine getirmekteyiz.<\/p>\n<h3><strong><span style=\"color: #000000;\">\u00dcretim Profesyonelleri<\/span><\/strong><\/h3>\n<p>\u00dcretim kalitesini s\u00fcrd\u00fcr\u00fclebilir k\u0131lmak ad\u0131na \u00e7al\u0131\u015fan, 23 ki\u015filik \u00fcretim ekibimiz, \u0130stanbul\u2019da yer alan, 750 m2 kapal\u0131 alana sahip, \u00fcretim merkezimizde faaliyetlerine devam etmektedir.[\/vc_column_text][vc_single_image image=&#8221;6837&#8243; img_size=&#8221;large&#8221; alignment=&#8221;center&#8221;][vc_empty_space height=&#8221;64px&#8221;]\n\t\t\t<!-- START i\u015f ba\u015fvurusu REVOLUTION SLIDER 6.5.8 --><p class=\"rs-p-wp-fix\"><\/p>\n\t\t\t<rs-module-wrap id=\"rev_slider_2_1_wrapper\" data-source=\"gallery\" style=\"visibility:hidden;background:transparent;padding:0;margin:0px auto;margin-top:0;margin-bottom:0;\">\n\t\t\t\t<rs-module id=\"rev_slider_2_1\" style=\"\" data-version=\"6.5.8\">\n\t\t\t\t\t<rs-slides>\n\t\t\t\t\t\t<rs-slide style=\"position: absolute;\" data-key=\"rs-5\" data-title=\"Slide\" data-in=\"o:0;\" data-out=\"a:false;\">\n\t\t\t\t\t\t\t<img loading=\"lazy\" decoding=\"async\" src=\"\/\/ssakimya.com\/wp-content\/plugins\/revslider\/public\/assets\/assets\/dummy.png\" title=\"KAR\u0130YER BA\u015eVURU\" width=\"4303\" height=\"2420\" class=\"rev-slidebg tp-rs-img rs-lazyload\" data-lazyload=\"\/\/ssakimya.com\/wp-content\/uploads\/2022\/01\/KARIYER-BASVURU-2.png\" data-no-retina>\n<!--\n\t\t\t\t\t\t\t--><rs-layer\n\t\t\t\t\t\t\t\tid=\"slider-2-slide-5-layer-0\" \n\t\t\t\t\t\t\t\tdata-type=\"text\"\n\t\t\t\t\t\t\t\tdata-color=\"#000000\"\n\t\t\t\t\t\t\t\tdata-rsp_ch=\"on\"\n\t\t\t\t\t\t\t\tdata-xy=\"xo:618px,328px,152px,111px;yo:308px,168px,273px,175px;\"\n\t\t\t\t\t\t\t\tdata-text=\"w:normal;s:16,13,18,13;l:20,16,21,20;fw:600;\"\n\t\t\t\t\t\t\t\tdata-frame_999=\"o:0;st:w;\"\n\t\t\t\t\t\t\t\tstyle=\"z-index:6;font-family:'Montserrat';\"\n\t\t\t\t\t\t\t>\u0130\u015f Ba\u015fvurunuzu veya \u00d6zge\u00e7mi\u015finizi G\u00f6ndermek i\u00e7in \n\t\t\t\t\t\t\t<\/rs-layer><!--\n\n\t\t\t\t\t\t\t--><rs-layer\n\t\t\t\t\t\t\t\tid=\"slider-2-slide-5-layer-1\" \n\t\t\t\t\t\t\t\tdata-type=\"image\"\n\t\t\t\t\t\t\t\tdata-rsp_ch=\"on\"\n\t\t\t\t\t\t\t\tdata-xy=\"xo:609px,324px,145px,109px;yo:183px,97px,187px,99px;\"\n\t\t\t\t\t\t\t\tdata-text=\"w:normal;s:20,10,7,4;l:0,13,9,6;\"\n\t\t\t\t\t\t\t\tdata-dim=\"w:217px,115px,149px,128px;h:116px,61px,80px,69px;\"\n\t\t\t\t\t\t\t\tdata-frame_999=\"o:0;st:w;\"\n\t\t\t\t\t\t\t\tstyle=\"z-index:7;\"\n\t\t\t\t\t\t\t><img loading=\"lazy\" decoding=\"async\" src=\"\/\/ssakimya.com\/wp-content\/plugins\/revslider\/public\/assets\/assets\/dummy.png\" class=\"tp-rs-img rs-lazyload\" width=\"1082\" height=\"580\" data-lazyload=\"\/\/ssakimya.com\/wp-content\/uploads\/2022\/01\/LOGO1-1.png\" data-no-retina> \n\t\t\t\t\t\t\t<\/rs-layer><!--\n\n\t\t\t\t\t\t\t--><a\n\t\t\t\t\t\t\t\tid=\"slider-2-slide-5-layer-2\" \n\t\t\t\t\t\t\t\tclass=\"rs-layer rev-btn\"\n\t\t\t\t\t\t\t\thref=\"http:\/\/ssakimya.com\/index.php\/is-basvurusu\/\" target=\"_self\"\n\t\t\t\t\t\t\t\tdata-type=\"button\"\n\t\t\t\t\t\t\t\tdata-rsp_ch=\"on\"\n\t\t\t\t\t\t\t\tdata-xy=\"xo:616px,329px,151px,109px;yo:345px,196px,308px,206px;\"\n\t\t\t\t\t\t\t\tdata-text=\"w:normal;s:19,10,11,9;l:62,33,41,35;fw:800;\"\n\t\t\t\t\t\t\t\tdata-dim=\"minh:0,none,none,none;\"\n\t\t\t\t\t\t\t\tdata-padding=\"r:39,21,26,23;l:39,21,26,23;\"\n\t\t\t\t\t\t\t\tdata-border=\"bor:25px,25px,25px,25px;\"\n\t\t\t\t\t\t\t\tdata-frame_999=\"o:0;st:w;\"\n\t\t\t\t\t\t\t\tdata-frame_hover=\"c:#fff;bgc:#616462;bor:25px,25px,25px,25px;bri:120%;\"\n\t\t\t\t\t\t\t\tstyle=\"z-index:5;background-color:#b4252b;font-family:'Montserrat';\"\n\t\t\t\t\t\t\t>T\u0131klay\u0131n \n\t\t\t\t\t\t\t<\/a><!--\n-->\t\t\t\t\t\t<\/rs-slide>\n\t\t\t\t\t<\/rs-slides>\n\t\t\t\t<\/rs-module>\n\t\t\t\t<script type=\"text\/javascript\">\n\t\t\t\t\tsetREVStartSize({c: 'rev_slider_2_1',rl:[1240,1024,778,480],el:[450,350,459,340],gw:[1920,1024,778,480],gh:[450,350,459,340],type:'standard',justify:'',layout:'fullwidth',mh:\"0\"});if (window.RS_MODULES!==undefined && window.RS_MODULES.modules!==undefined && window.RS_MODULES.modules[\"revslider21\"]!==undefined) {window.RS_MODULES.modules[\"revslider21\"].once = false;window.revapi2 = undefined;if (window.RS_MODULES.checkMinimal!==undefined) window.RS_MODULES.checkMinimal()}\n\t\t\t\t<\/script>\n\t\t\t<\/rs-module-wrap>\n\t\t\t<!-- END REVOLUTION SLIDER -->\n[\/vc_column][\/vc_row]<\/p>\n","protected":false},"excerpt":{"rendered":"<p>[vc_row full_width=&#8221;stretch_row&#8221; el_class=&#8221;about_banner&#8221; css=&#8221;.vc_custom_1642615626481{background-color: #ffffff !important;}&#8221;][vc_column width=&#8221;1\/2&#8243; offset=&#8221;vc_col-xs-12&#8243;][vc_column_text] DENEY\u0130M ALANLARIMIZ SSA olarak \u00fclkemizin en b\u00fcy\u00fck ve g\u00fcvenilir i\u015f sa\u011fl\u0131\u011f\u0131 ve g\u00fcvenli\u011fi ki\u015fisel koruyucu donan\u0131mlar\u0131 tedarik\u00e7ilerinden bir tanesiyiz. Sadece ekipmanlar\u0131n tedari\u011fi ile kalmay\u0131p ayn\u0131 zamanda sekt\u00f6r baz\u0131nda bu \u00fcr\u00fcnlerin geli\u015fimleri i\u00e7in &hellip; <a href=\"https:\/\/ssakimya.com\/index.php\/kariyer\/\">Daha Fazlas\u0131<\/a><\/p>\n","protected":false},"author":1,"featured_media":0,"parent":0,"menu_order":0,"comment_status":"closed","ping_status":"closed","template":"","meta":{"footnotes":""},"class_list":["post-5524","page","type-page","status-publish","hentry"],"_links":{"self":[{"href":"https:\/\/ssakimya.com\/index.php\/wp-json\/wp\/v2\/pages\/5524","targetHints":{"allow":["GET"]}}],"collection":[{"href":"https:\/\/ssakimya.com\/index.php\/wp-json\/wp\/v2\/pages"}],"about":[{"href":"https:\/\/ssakimya.com\/index.php\/wp-json\/wp\/v2\/types\/page"}],"author":[{"embeddable":true,"href":"https:\/\/ssakimya.com\/index.php\/wp-json\/wp\/v2\/users\/1"}],"replies":[{"embeddable":true,"href":"https:\/\/ssakimya.com\/index.php\/wp-json\/wp\/v2\/comments?post=5524"}],"version-history":[{"count":18,"href":"https:\/\/ssakimya.com\/index.php\/wp-json\/wp\/v2\/pages\/5524\/revisions"}],"predecessor-version":[{"id":7083,"href":"https:\/\/ssakimya.com\/index.php\/wp-json\/wp\/v2\/pages\/5524\/revisions\/7083"}],"wp:attachment":[{"href":"https:\/\/ssakimya.com\/index.php\/wp-json\/wp\/v2\/media?parent=5524"}],"curies":[{"name":"wp","href":"https:\/\/api.w.org\/{rel}","templated":true}]}}