{"id":3,"date":"2021-09-30T16:49:45","date_gmt":"2021-09-30T16:49:45","guid":{"rendered":"http:\/\/ssakimya.com\/?page_id=3"},"modified":"2021-10-26T15:56:55","modified_gmt":"2021-10-26T15:56:55","slug":"kisisel-verilerin-korunmasi-politikasi","status":"publish","type":"page","link":"https:\/\/ssakimya.com\/index.php\/kisisel-verilerin-korunmasi-politikasi\/","title":{"rendered":"Ki\u015fisel Verilerin Korunmas\u0131 Politikas\u0131"},"content":{"rendered":"\r\n<h3 class=\"wp-block-heading\"><strong><u>Bilgilendirme Metni<\/u><\/strong><\/h3>\r\n<p>Ki\u015fisel Verilerin Korunmas\u0131 politikam\u0131za konu i\u015fbu bilgilendirmenin temel amac\u0131, S.S.A. Kimya San. ve Tic. A.\u015e. taraf\u0131ndan 6698 Say\u0131l\u0131 Ki\u015fisel Verilerin Korunmas\u0131 Kanunu (\u201cKVKK\u201d) uyar\u0131nca, Veri Sorumlusu s\u0131fat\u0131yla, hukuka uygun bir bi\u00e7imde y\u00fcr\u00fct\u00fclen ki\u015fisel veri (ki\u015fisel ve \u00f6zel nitelikli ki\u015fisel veriler bundan b\u00f6yle \u201cveri\u201d olarak an\u0131lacakt\u0131r) i\u015fleme faaliyeti ve ki\u015fisel verilerin korunmas\u0131na y\u00f6nelik sizleri bilgilendirerek \u015feffafl\u0131\u011f\u0131 sa\u011flamak ve KVKK uyar\u0131nca S.S.A. Kimya San. ve Tic. A.\u015e. (bundan b\u00f6yle \u201c\u015eirket\u201d olarak an\u0131lacakt\u0131r) taraf\u0131ndan elde edilen\u00a0ki\u015fisel ve \u00f6zel nitelikli ki\u015fisel verilerinizin \u015eirketimiz taraf\u0131ndan i\u015flenmesi (tamamen veya k\u0131smen herhangi bir veri kay\u0131t sisteminin par\u00e7as\u0131 olmak kayd\u0131yla otomatik olmayan yollarla elde edilmesi, kaydedilmesi, depolanmas\u0131, muhafaza edilmesi, de\u011fi\u015ftirilmesi, yeniden d\u00fczenlenmesi, a\u00e7\u0131klanmas\u0131, aktar\u0131lmas\u0131) ancak a\u00e7\u0131k \u015fekilde onay vermeniz ve ilgili bilgiyi iradeniz ile taraf\u0131m\u0131zla payla\u015fman\u0131z ile m\u00fcmk\u00fcn olacakt\u0131r.<\/p>\r\n<h3><strong><u>Ki\u015fisel Verilerinizin \u0130\u015flenme Ama\u00e7lar\u0131<\/u><\/strong><\/h3>\r\n<p>Ki\u015fisel verileriniz, \u015eirketimiz taraf\u0131ndan \u015eirketimizin ticari faaliyetlerine ba\u011fl\u0131 olarak de\u011fi\u015fkenlik g\u00f6sterebilmekle birlikte; otomatik ya da otomatik olmayan y\u00f6ntemlerle \u015eirketimiz birimleri ve internet sitesi ve benzeri vas\u0131talarla s\u00f6zl\u00fc, yaz\u0131l\u0131 ya da elektronik olarak toplanabilecektir.<\/p>\r\n<p>Ayr\u0131ca, Ki\u015fisel verileriniz, \u015eirketimizin sundu\u011fu \u00fcr\u00fcn ve hizmetlerden yararland\u0131\u011f\u0131n\u0131z m\u00fcddet\u00e7e olu\u015fturularak ve g\u00fcncellenerek KVKK\u2019n\u0131n \u201cKi\u015fisel Verilerin \u0130\u015flenme \u015eartlar\u0131\u201d ba\u015fl\u0131kl\u0131 5. ve \u201c\u00d6zel Nitelikli Ki\u015fisel Verilerin \u0130\u015flenme \u015eartlar\u0131\u201d ba\u015fl\u0131kl\u0131 6. maddelerinde belirtilen ki\u015fisel veri i\u015fleme \u015fartlar\u0131na g\u00f6re i\u015flenebilecektir.<\/p>\r\n<p>Ki\u015fisel verilerinizin i\u015flenmesindeki ama\u00e7 say\u0131lanlarla s\u0131n\u0131rl\u0131 olmaks\u0131z\u0131n a\u015fa\u011f\u0131da belirtilmi\u015ftir.<\/p>\r\n<ul>\r\n<li>\u015eirket taraf\u0131ndan gerekli \u00fcr\u00fcn ve\u00a0hizmetleri sunabilme hizmete ili\u015fkin gerekli bilgilendirmeleri yapabilmek,<\/li>\r\n<li>\u015eirket taraf\u0131ndan sunulabilecek di\u011fer \u00fcr\u00fcn ve hizmetlerden taraf\u0131n\u0131z\u0131 faydaland\u0131rmak i\u00e7in gerekli \u00e7al\u0131\u015fmalar\u0131 yapabilmek,<\/li>\r\n<li>\u015eirket taraf\u0131ndan\u00a0ilgili mevzuat ve kamu otoritelerince \u00f6ng\u00f6r\u00fclen faaliyetleri yerine getirebilmek,<\/li>\r\n<li>\u015eirket ile i\u015f ili\u015fkisi i\u00e7erisinde olan t\u00fcm ger\u00e7ek ki\u015filerin hukuki ve ticari g\u00fcvenli\u011fini temin edebilmek,<\/li>\r\n<li>\u015eirket\u2019in ticaret politikalar\u0131n\u0131 belirleyebilmek ve uygulayabilmek,<\/li>\r\n<li>\u015eirket\u2019in insan kaynaklar\u0131 politikalar\u0131n\u0131 y\u00fcr\u00fctebilmek.<\/li>\r\n<\/ul>\r\n<h3><strong><u>Ki\u015fisel Verilerinizin Aktar\u0131lmas\u0131<\/u><\/strong><\/h3>\r\n<p>Ki\u015fisel verileriniz, \u015eirket ile \u015eirket\u2019in hissedarlar\u0131na, \u015eirket \u00e7al\u0131\u015fanlar\u0131na, tedarik\u00e7ilere, i\u015f ortaklar\u0131na, dan\u0131\u015fmanlara, d\u0131\u015f hizmet sa\u011flay\u0131c\u0131lara ve kanunen yetkili kamu kurum ve kurulu\u015flara ve \u00f6zel ki\u015filere KVKK\u2019n\u0131n \u201cKi\u015fisel Verilerin Aktar\u0131lmas\u0131\u201d ba\u015fl\u0131kl\u0131 8. ve \u201cKi\u015fisel Verilerin Yurt D\u0131\u015f\u0131na Aktar\u0131lmas\u0131\u201d ba\u015fl\u0131kl\u0131 9. maddelerinde belirtilen \u015fartlar dahilinde aktar\u0131labilecektir. Ki\u015fisel verilerinizin aktar\u0131lmas\u0131ndaki ama\u00e7 say\u0131lanlarla s\u0131n\u0131rl\u0131 olmaks\u0131z\u0131n a\u015fa\u011f\u0131da belirtilmi\u015ftir:<\/p>\r\n<ul>\r\n<li>\r\n<p>\u015eirket taraf\u0131ndan gerekli \u00fcr\u00fcn ve hizmetleri sunabilmek, hizmete ili\u015fkin gerekli bilgilendirmeleri yapabilmek,\u00a0<\/p>\r\n<\/li>\r\n<li>\r\n<p>\u015eirket taraf\u0131ndan sunulabilecek di\u011fer \u00fcr\u00fcn ve hizmetlerden taraf\u0131n\u0131z\u0131 faydaland\u0131rmak i\u00e7in gerekli \u00e7al\u0131\u015fmalar\u0131 yapabilmek,<\/p>\r\n<\/li>\r\n<li>\r\n<p>\u015eirket taraf\u0131ndan ilgili mevzuat ve kamu otoritelerince \u00f6ng\u00f6r\u00fclen faaliyetleri yerine getirebilmek,<\/p>\r\n<\/li>\r\n<li>\r\n<p>\u015eirket ile i\u015f ili\u015fkisi i\u00e7erisinde olan t\u00fcm ger\u00e7ek ki\u015filerin hukuki ve ticari g\u00fcvenli\u011fini temin edebilmek,<\/p>\r\n<\/li>\r\n<li>\r\n<p>\u015eirket\u2019in ticaret politikalar\u0131n\u0131 belirleyebilmek ve uygulayabilmek,<\/p>\r\n<\/li>\r\n<li>\r\n<p>\u015eirket\u2019in insan kaynaklar\u0131 politikalar\u0131n\u0131 y\u00fcr\u00fctebilmek.<\/p>\r\n<\/li>\r\n<\/ul>\r\n<h3><strong><u>Ki\u015fisel Verilerinizin Toplanmas\u0131n\u0131n Y\u00f6ntemi ve Hukuki Sebepleri<\/u><\/strong><\/h3>\r\n<p>Ki\u015fisel verileriniz, faaliyetlerimizi s\u00fcrd\u00fcrmek amac\u0131yla ve mevzuata ayr\u0131ca \u015eirket politikalar\u0131na uyumun sa\u011flanabilmesi sebebine dayan\u0131larak elektronik ortamda veya s\u00f6zl\u00fc veya yaz\u0131l\u0131 olarak toplanmaktad\u0131r. Toplanan ki\u015fisel verileriniz KVKK\u2019n\u0131n \u201cKi\u015fisel Verilerin \u0130\u015flenme \u015eartlar\u0131\u201d ba\u015fl\u0131kl\u0131 5. ve \u201c\u00d6zel Nitelikli Ki\u015fisel Verilerin \u0130\u015flenme \u015eartlar\u0131\u201d ba\u015fl\u0131kl\u0131 6. maddelerinde belirtilen ki\u015fisel veri i\u015fleme \u015fartlar\u0131 ve ama\u00e7lar\u0131 kapsam\u0131nda i\u015fbu Bilgilendirme Metninde detayl\u0131 \u015fekilde belirtilmi\u015f ama\u00e7larla da i\u015flenebilmekte ve aktar\u0131labilmektedir.<\/p>\r\n<h3><strong><u>Ki\u015fisel Verilerin Korunmas\u0131 Kanunu Uyar\u0131nca Haklar\u0131n\u0131z<\/u><\/strong><\/h3>\r\n<p>KVKK\u2019n\u0131n 11. maddesi uyar\u0131ca sahip oldu\u011funuz haklar a\u015fa\u011f\u0131daki gibidir:<\/p>\r\n<ul>\r\n<li>Ki\u015fisel veri i\u015flenip i\u015flenmedi\u011fini \u00f6\u011frenme,<\/li>\r\n<li>Ki\u015fisel verileri i\u015flenmi\u015fse buna ili\u015fkin bilgi talep etme,<\/li>\r\n<li>Ki\u015fisel verilerin i\u015flenme amac\u0131n\u0131 ve bunlar\u0131n amac\u0131na uygun kullan\u0131l\u0131p kullan\u0131lmad\u0131\u011f\u0131n\u0131 \u00f6\u011frenme,<\/li>\r\n<li>Yurt i\u00e7inde veya yurt d\u0131\u015f\u0131nda ki\u015fisel verilerin aktar\u0131ld\u0131\u011f\u0131 \u00fc\u00e7\u00fcnc\u00fc ki\u015fileri bilme,<\/li>\r\n<li>Ki\u015fisel verilerin eksik veya yanl\u0131\u015f i\u015flenmi\u015f olmas\u0131 h\u00e2linde bunlar\u0131n d\u00fczeltilmesini ve bu kapsamda yap\u0131lan i\u015flemlerin ki\u015fisel verilerin aktar\u0131ld\u0131\u011f\u0131 \u00fc\u00e7\u00fcnc\u00fc ki\u015filere bildirilmesini isteme,<\/li>\r\n<li>KVKK ve ilgili di\u011fer kanun h\u00fck\u00fcmlerinde \u00f6ng\u00f6r\u00fclen \u015fartlar \u00e7er\u00e7evesinde ki\u015fisel verilerin silinmesini veya yok edilmesini isteme ve bu kapsamda yap\u0131lan i\u015flemlerin ki\u015fisel verilerin aktar\u0131ld\u0131\u011f\u0131 \u00fc\u00e7\u00fcnc\u00fc ki\u015filere bildirilmesini isteme,<\/li>\r\n<li>\u0130\u015flenen verilerin m\u00fcnhas\u0131ran otomatik sistemler vas\u0131tas\u0131yla analiz edilmesi suretiyle ki\u015finin kendisi aleyhine bir sonucun ortaya \u00e7\u0131kmas\u0131na itiraz etme,<\/li>\r\n<li>Ki\u015fisel verilerin kanuna ayk\u0131r\u0131 olarak i\u015flenmesi sebebiyle zarara u\u011framas\u0131 h\u00e2linde zarar\u0131n giderilmesini talep etme.<\/li>\r\n<\/ul>\r\n<p>KVKK\u2019n\u0131n 11. maddesi uyar\u0131ca sahip oldu\u011funuz haklar\u0131n\u0131z\u0131 kullanmak istemeniz halinde, ba\u015fvurular\u0131n\u0131z\u0131 www.ssakimya.com adresindeki ba\u015fvuru formunu doldurarak ve\/veya yaz\u0131l\u0131 olarak \u201cS.S.A. Kimya San. Ve Tic. A.\u015e.\u2019nin \u201cPoligon Mah. Sar\u0131yer Cad. ABC Plaza No: 117\/B K: 3 D: 9 Sar\u0131yer\/\u0130stanbul\u201d adresine, kimli\u011finizi tespit edici belgeler ile elden teslim edebilir ya da noter kanal\u0131yla ya da iadeli taahh\u00fctl\u00fc mektupla g\u00f6nderebilirsiniz.<\/p>\r\n<p>Ba\u015fvurunuzda yer alan talepleriniz, talebin niteli\u011fine g\u00f6re en k\u0131sa s\u00fcrede ve en ge\u00e7 30 (otuz) g\u00fcn i\u00e7inde \u00fccretsiz olarak sonu\u00e7land\u0131r\u0131lacakt\u0131r ve sonu\u00e7 yaz\u0131l\u0131 olarak ya da elektronik ortamda taraf\u0131n\u0131za bildirilecektir. Ancak, i\u015flemin ayr\u0131ca bir maliyet gerektirmesi halinde, taraf\u0131n\u0131zdan Ki\u015fisel Verileri Koruma Kurulu taraf\u0131ndan belirlenen tarifedeki \u00fccret talep edilerek al\u0131nacakt\u0131r.<\/p>\r\n<h3><strong><u>G\u00fcvenlik<\/u><\/strong><\/h3>\r\n<p>\u015eirket, KVKK\u2019n\u0131n 12. maddesine uygun olarak, i\u015flemekte oldu\u011fu ki\u015fisel verilerin hukuka ayk\u0131r\u0131 olarak i\u015flenmesini \u00f6nlemek, verilere hukuka ayk\u0131r\u0131 olarak eri\u015filmesini \u00f6nlemek ve verilerin muhafazas\u0131n\u0131 sa\u011flamak i\u00e7in uygun g\u00fcvenlik d\u00fczeyini sa\u011flamaya y\u00f6nelik gerekli t\u00fcm tedbirleri almakta, bu kapsamda gerekli denetimleri yapmak veya yapt\u0131rmaktad\u0131r.<\/p>\r\n<h3><strong><u>Ki\u015fisel Verilerin Muhafaza S\u00fcresi<\/u><\/strong><\/h3>\r\n<p>\u015eirket, ki\u015fisel verileri ancak ilgili mevzuatta belirtildi\u011fi veya i\u015flendikleri ama\u00e7 i\u00e7in gerekli olan s\u00fcre kadar muhafaza etmektedir. Bu kapsamda, \u015eirket \u00f6ncelikle ilgili mevzuatta ki\u015fisel verilerin saklanmas\u0131 i\u00e7in bir s\u00fcre \u00f6ng\u00f6r\u00fcl\u00fcp \u00f6ng\u00f6r\u00fclmedi\u011fini tespit etmekte, bir s\u00fcre belirlenmi\u015fse bu s\u00fcreye uygun davranmakta, bir s\u00fcre belirlenmemi\u015fse ki\u015fisel verileri i\u015flendikleri ama\u00e7 i\u00e7in gerekli olan s\u00fcre kadar saklamaktad\u0131r. S\u00fcrenin bitimi veya verilerin i\u015flenmesini gerektiren sebeplerin ortadan kalkmas\u0131 halinde ki\u015fisel veriler \u015eirket taraf\u0131ndan silinmekte, yok edilmekte veya anonim hale getirilmektedir.<strong>\u00a0<\/strong><\/p>\r\n<p><strong>S.S.A. K\u0130MYA SAN. VE T\u0130C. A.\u015e.<\/strong><\/p>\r\n<p><strong>Suat Ayayd\u0131n<\/strong><\/p>\r\n<p><strong>Genel M\u00fcd\u00fcr<\/strong><\/p>\r\n<p><a class=\"w-btn us-btn-style_1 icon_atleft\" href=\"http:\/\/ssakimya.com\/wp-content\/uploads\/2020\/06\/SSA_KAL_FRM_006_KVKK-Ba%C5%9Fvuru-Formu.xlsx\" target=\"_blank\" rel=\"noopener\"><span class=\"w-btn-label\">K\u0130\u015e\u0130SEL VER\u0130LER\u0130N KORUNMASI POL\u0130T\u0130KASI BA\u015eVURU FORMU \u0130\u00c7\u0130N TIKLAYINIZ<\/span><\/a><\/p>\r\n<div class=\"vc_col-sm-6 wpb_column vc_column_container\">\r\n<div class=\"vc_column-inner\">\r\n<div class=\"wpb_wrapper\">\r\n<div class=\"w-btn-wrapper width_auto align_center\"><a class=\"w-btn us-btn-style_1 icon_atleft\" href=\"http:\/\/ssakimya.com\/wp-content\/uploads\/2021\/10\/SSA_KAL_POL_001_Kis\u0327isel-Verilerin-Korunmasi-Politikasi.docx\" target=\"_blank\" rel=\"noopener\"><span class=\"w-btn-label\">K\u0130\u015e\u0130SEL VER\u0130LER\u0130N KORUNMASI POL\u0130T\u0130KASI \u0130\u00c7\u0130N TIKLAYINIZ<\/span><\/a><\/div>\r\n<\/div>\r\n<\/div>\r\n<\/div>\r\n<div class=\"vc_col-sm-6 wpb_column vc_column_container\">\r\n<div class=\"vc_column-inner\">\r\n<div class=\"wpb_wrapper\">\r\n<div class=\"w-btn-wrapper width_auto align_center\">\u00a0<\/div>\r\n<\/div>\r\n<\/div>\r\n<\/div>\r\n","protected":false},"excerpt":{"rendered":"<p>Bilgilendirme Metni Ki\u015fisel Verilerin Korunmas\u0131 politikam\u0131za konu i\u015fbu bilgilendirmenin temel amac\u0131, S.S.A. Kimya San. ve Tic. A.\u015e. taraf\u0131ndan 6698 Say\u0131l\u0131 Ki\u015fisel Verilerin Korunmas\u0131 Kanunu (\u201cKVKK\u201d) uyar\u0131nca, Veri Sorumlusu s\u0131fat\u0131yla, hukuka uygun bir bi\u00e7imde y\u00fcr\u00fct\u00fclen ki\u015fisel veri (ki\u015fisel ve \u00f6zel nitelikli &hellip; <a href=\"https:\/\/ssakimya.com\/index.php\/kisisel-verilerin-korunmasi-politikasi\/\">Daha Fazlas\u0131<\/a><\/p>\n","protected":false},"author":1,"featured_media":0,"parent":0,"menu_order":0,"comment_status":"closed","ping_status":"open","template":"","meta":{"footnotes":""},"class_list":["post-3","page","type-page","status-publish","hentry"],"_links":{"self":[{"href":"https:\/\/ssakimya.com\/index.php\/wp-json\/wp\/v2\/pages\/3","targetHints":{"allow":["GET"]}}],"collection":[{"href":"https:\/\/ssakimya.com\/index.php\/wp-json\/wp\/v2\/pages"}],"about":[{"href":"https:\/\/ssakimya.com\/index.php\/wp-json\/wp\/v2\/types\/page"}],"author":[{"embeddable":true,"href":"https:\/\/ssakimya.com\/index.php\/wp-json\/wp\/v2\/users\/1"}],"replies":[{"embeddable":true,"href":"https:\/\/ssakimya.com\/index.php\/wp-json\/wp\/v2\/comments?post=3"}],"version-history":[{"count":1,"href":"https:\/\/ssakimya.com\/index.php\/wp-json\/wp\/v2\/pages\/3\/revisions"}],"predecessor-version":[{"id":5451,"href":"https:\/\/ssakimya.com\/index.php\/wp-json\/wp\/v2\/pages\/3\/revisions\/5451"}],"wp:attachment":[{"href":"https:\/\/ssakimya.com\/index.php\/wp-json\/wp\/v2\/media?parent=3"}],"curies":[{"name":"wp","href":"https:\/\/api.w.org\/{rel}","templated":true}]}}