{"id":1495,"date":"2016-10-14T02:04:18","date_gmt":"2016-10-14T02:04:18","guid":{"rendered":"http:\/\/dev.ytcvn.com\/ytc_templates\/wordpress\/sw_autusin\/?page_id=1495"},"modified":"2025-11-25T06:22:21","modified_gmt":"2025-11-25T06:22:21","slug":"iletisim","status":"publish","type":"page","link":"https:\/\/ssakimya.com\/index.php\/iletisim\/","title":{"rendered":"\u0130leti\u015fim"},"content":{"rendered":"<p>[vc_row][vc_column width=&#8221;1\/2&#8243;][vc_custom_heading text=&#8221;\u0130LET\u0130\u015e\u0130M&#8221; font_container=&#8221;tag:h2|text_align:left|color:%230a0000&#8243;][vc_separator color=&#8221;black&#8221; border_width=&#8221;2&#8243;][vc_empty_space][vc_custom_heading text=&#8221;\u0130\u015f hayat\u0131na ba\u015flad\u0131\u011f\u0131 g\u00fcnden bu yana, bulundu\u011fu sekt\u00f6rlerde ya\u015fam\u0131 korumay\u0131 ve geli\u015ftirmeyi ilke edinmi\u015f olan SSA, yakla\u015f\u0131k 20 y\u0131ld\u0131r i\u015f sa\u011fl\u0131\u011f\u0131 ve g\u00fcvenli\u011fi ekipmanlar\u0131, grafik ve in\u015faat \u00fcr\u00fcnleri sat\u0131\u015f\u0131 yapan, ayn\u0131 zamanda yer ald\u0131\u011f\u0131 pazarlarda edindi\u011fi tecr\u00fcbe ile \u00fcretici kimli\u011fi kazanm\u0131\u015f bir \u015firkettir.&#8221; font_container=&#8221;tag:h4|text_align:left|color:%23626462&#8243; google_fonts=&#8221;font_family:Montserrat%3Aregular%2C700|font_style:400%20regular%3A400%3Anormal&#8221;][vc_empty_space][vc_separator color=&#8221;black&#8221; border_width=&#8221;2&#8243;][vc_empty_space][vc_custom_heading text=&#8221;42 Maslak Plaza B Blok Kat:11 Maslak Mah. No:6 Sar\u0131yer\/ \u0130stanbul&#8221; font_container=&#8221;tag:h4|text_align:left|color:%23626462&#8243; google_fonts=&#8221;font_family:Montserrat%3Aregular%2C700|font_style:400%20regular%3A400%3Anormal&#8221;][vc_custom_heading text=&#8221;+90 212 262 05 00&#8243; font_container=&#8221;tag:h4|text_align:left|color:%23626462&#8243; google_fonts=&#8221;font_family:Montserrat%3Aregular%2C700|font_style:400%20regular%3A400%3Anormal&#8221;][vc_custom_heading text=&#8221;info@ssakimya.com&#8221; font_container=&#8221;tag:h4|text_align:left|color:%23626462&#8243; google_fonts=&#8221;font_family:Montserrat%3Aregular%2C700|font_style:400%20regular%3A400%3Anormal&#8221;][\/vc_column][vc_column width=&#8221;1\/2&#8243;][vc_gmaps link=&#8221;#E-8_JTNDaWZyYW1lJTIwc3JjJTNEJTIyaHR0cHMlM0ElMkYlMkZ3d3cuZ29vZ2xlLmNvbSUyRm1hcHMlMkZlbWJlZCUzRnBiJTNEJTIxMW0xOCUyMTFtMTIlMjExbTMlMjExZDI3OTQuNzQ4NTUxMDA1OTk0NiUyMTJkMjkuMDM0MzAwOTU2NDY5OTYzJTIxM2Q0MS4xMTg0NDk3NDkzNDI0NCUyMTJtMyUyMTFmMCUyMTJmMCUyMTNmMCUyMTNtMiUyMTFpMTAyNCUyMTJpNzY4JTIxNGYxMy4xJTIxM20zJTIxMW0yJTIxMXMweDE0Y2FiNTg1NmNlMTQ5YjMlMjUzQTB4YWUyODhlMjFiNmZlNWNmMyUyMTJzU1NBJTI1MjBLaW15YSUyMTVlMCUyMTNtMiUyMTFzdHIlMjEyc3RyJTIxNHYxNjM1MjYxMzQ0NjU5JTIxNW0yJTIxMXN0ciUyMTJzdHIlMjIlMjB3aWR0aCUzRCUyMjYwMCUyMiUyMGhlaWdodCUzRCUyMjQ1MCUyMiUyMHN0eWxlJTNEJTIyYm9yZGVyJTNBMCUzQiUyMiUyMGFsbG93ZnVsbHNjcmVlbiUzRCUyMiUyMiUyMGxvYWRpbmclM0QlMjJsYXp5JTIyJTNFJTNDJTJGaWZyYW1lJTNF&#8221;][\/vc_column][\/vc_row][vc_row][vc_column][vc_empty_space height=&#8221;64px&#8221;][\/vc_column][\/vc_row][vc_row][vc_column width=&#8221;1\/3&#8243;][vc_separator color=&#8221;black&#8221; border_width=&#8221;2&#8243;][vc_custom_heading text=&#8221;AKDEN\u0130Z B\u00d6LGES\u0130&#8221; font_container=&#8221;tag:h4|text_align:left|color:%23c51618&#8243;][vc_custom_heading text=&#8221;ADANA&#8221; font_container=&#8221;tag:h4|text_align:left|color:%23626462&#8243;][vc_custom_heading text=&#8221;+90 (530) 688 30 68&#8243; font_container=&#8221;tag:h4|text_align:left|color:%23626462&#8243; google_fonts=&#8221;font_family:Montserrat%3Aregular%2C700|font_style:400%20regular%3A400%3Anormal&#8221;][\/vc_column][vc_column width=&#8221;1\/3&#8243;][vc_separator color=&#8221;black&#8221; border_width=&#8221;2&#8243;][vc_custom_heading text=&#8221;EGE B\u00d6LGES\u0130&#8221; font_container=&#8221;tag:h4|text_align:left|color:%23c51618&#8243;][vc_custom_heading text=&#8221;\u0130ZM\u0130R&#8221; font_container=&#8221;tag:h4|text_align:left|color:%23626462&#8243;][vc_custom_heading text=&#8221;+90 (533) 031 08 41&#8243; font_container=&#8221;tag:h4|text_align:left|color:%23626462&#8243; google_fonts=&#8221;font_family:Montserrat%3Aregular%2C700|font_style:400%20regular%3A400%3Anormal&#8221;][\/vc_column][vc_column width=&#8221;1\/3&#8243;][vc_separator color=&#8221;black&#8221; border_width=&#8221;2&#8243;][vc_custom_heading text=&#8221;G\u00dcNEY MARMARA B\u00d6LGES\u0130&#8221; font_container=&#8221;tag:h4|text_align:left|color:%23c51618&#8243;][vc_custom_heading text=&#8221;BURSA&#8221; font_container=&#8221;tag:h4|text_align:left|color:%23626462&#8243;][vc_custom_heading text=&#8221;+90 (538) 047 41 51&#8243; font_container=&#8221;tag:h4|text_align:left|color:%23626462&#8243; google_fonts=&#8221;font_family:Montserrat%3Aregular%2C700|font_style:400%20regular%3A400%3Anormal&#8221;][\/vc_column][\/vc_row][vc_row][vc_column width=&#8221;1\/3&#8243;][vc_separator color=&#8221;black&#8221; border_width=&#8221;2&#8243;][vc_custom_heading text=&#8221;\u0130\u00c7 ANADOLU B\u00d6LGES\u0130&#8221; font_container=&#8221;tag:h4|text_align:left|color:%23c51618&#8243;][vc_custom_heading text=&#8221;ANKARA&#8221; font_container=&#8221;tag:h4|text_align:left|color:%23626462&#8243;][vc_custom_heading text=&#8221;+90 (533) 031 08 32&#8243; font_container=&#8221;tag:h4|text_align:left|color:%23626462&#8243; google_fonts=&#8221;font_family:Montserrat%3Aregular%2C700|font_style:400%20regular%3A400%3Anormal&#8221;][\/vc_column][vc_column width=&#8221;1\/3&#8243;][vc_separator color=&#8221;black&#8221; border_width=&#8221;2&#8243;][vc_custom_heading text=&#8221;KARADEN\u0130Z B\u00d6LGES\u0130&#8221; font_container=&#8221;tag:h4|text_align:left|color:%23c51618&#8243;][vc_custom_heading text=&#8221;SAMSUN&#8221; font_container=&#8221;tag:h4|text_align:left|color:%23626462&#8243;][vc_custom_heading text=&#8221;+90 (533) 270 19 42&#8243; font_container=&#8221;tag:h4|text_align:left|color:%23626462&#8243; google_fonts=&#8221;font_family:Montserrat%3Aregular%2C700|font_style:400%20regular%3A400%3Anormal&#8221;][\/vc_column][vc_column width=&#8221;1\/3&#8243;][\/vc_column][\/vc_row][vc_row][vc_column][vc_empty_space height=&#8221;64px&#8221;][\/vc_column][\/vc_row][vc_row][vc_column][vc_wp_text][wpforms id=&#8221;5743&#8243;][\/vc_wp_text][\/vc_column][\/vc_row]<\/p>\n","protected":false},"excerpt":{"rendered":"<p>[vc_row][vc_column width=&#8221;1\/2&#8243;][vc_custom_heading text=&#8221;\u0130LET\u0130\u015e\u0130M&#8221; font_container=&#8221;tag:h2|text_align:left|color:%230a0000&#8243;][vc_separator color=&#8221;black&#8221; border_width=&#8221;2&#8243;][vc_empty_space][vc_custom_heading text=&#8221;\u0130\u015f hayat\u0131na ba\u015flad\u0131\u011f\u0131 g\u00fcnden bu yana, bulundu\u011fu sekt\u00f6rlerde ya\u015fam\u0131 korumay\u0131 ve geli\u015ftirmeyi ilke edinmi\u015f olan SSA, yakla\u015f\u0131k 20 y\u0131ld\u0131r i\u015f sa\u011fl\u0131\u011f\u0131 ve g\u00fcvenli\u011fi ekipmanlar\u0131, grafik ve in\u015faat \u00fcr\u00fcnleri sat\u0131\u015f\u0131 yapan, ayn\u0131 zamanda yer ald\u0131\u011f\u0131 &hellip; <a href=\"https:\/\/ssakimya.com\/index.php\/iletisim\/\">Daha Fazlas\u0131<\/a><\/p>\n","protected":false},"author":1,"featured_media":0,"parent":0,"menu_order":0,"comment_status":"closed","ping_status":"closed","template":"","meta":{"footnotes":""},"class_list":["post-1495","page","type-page","status-publish","hentry"],"_links":{"self":[{"href":"https:\/\/ssakimya.com\/index.php\/wp-json\/wp\/v2\/pages\/1495","targetHints":{"allow":["GET"]}}],"collection":[{"href":"https:\/\/ssakimya.com\/index.php\/wp-json\/wp\/v2\/pages"}],"about":[{"href":"https:\/\/ssakimya.com\/index.php\/wp-json\/wp\/v2\/types\/page"}],"author":[{"embeddable":true,"href":"https:\/\/ssakimya.com\/index.php\/wp-json\/wp\/v2\/users\/1"}],"replies":[{"embeddable":true,"href":"https:\/\/ssakimya.com\/index.php\/wp-json\/wp\/v2\/comments?post=1495"}],"version-history":[{"count":46,"href":"https:\/\/ssakimya.com\/index.php\/wp-json\/wp\/v2\/pages\/1495\/revisions"}],"predecessor-version":[{"id":8821,"href":"https:\/\/ssakimya.com\/index.php\/wp-json\/wp\/v2\/pages\/1495\/revisions\/8821"}],"wp:attachment":[{"href":"https:\/\/ssakimya.com\/index.php\/wp-json\/wp\/v2\/media?parent=1495"}],"curies":[{"name":"wp","href":"https:\/\/api.w.org\/{rel}","templated":true}]}}