{"id":8703,"date":"2023-03-16T12:43:19","date_gmt":"2023-03-16T12:43:19","guid":{"rendered":"http:\/\/ssakimya.com\/?post_type=product&#038;p=8703"},"modified":"2023-03-16T12:43:20","modified_gmt":"2023-03-16T12:43:20","slug":"galip","status":"publish","type":"product","link":"http:\/\/ssakimya.com\/index.php\/product\/galip\/","title":{"rendered":"GALIP"},"content":{"rendered":"","protected":false},"excerpt":{"rendered":"<p>Geri \u00e7ekilebilir koruma kapakl\u0131, \u00e7apak alma b\u0131\u00e7a\u011f\u0131.<br \/>\n\u00d6zellikle plastik enjeksiyon i\u015flemlerinde \u00e7apak almak i\u00e7in m\u00fckemmel<br \/>\n\u00e7\u00f6z\u00fcm.<\/p>\n","protected":false},"featured_media":8705,"comment_status":"closed","ping_status":"closed","template":"","meta":[],"product_cat":[111,292],"product_tag":[],"class_list":["post-8703","product","type-product","status-publish","has-post-thumbnail","hentry","product_cat-cevre-ve-saglik-koruyuculari","product_cat-murepeyrot"],"_links":{"self":[{"href":"http:\/\/ssakimya.com\/index.php\/wp-json\/wp\/v2\/product\/8703","targetHints":{"allow":["GET"]}}],"collection":[{"href":"http:\/\/ssakimya.com\/index.php\/wp-json\/wp\/v2\/product"}],"about":[{"href":"http:\/\/ssakimya.com\/index.php\/wp-json\/wp\/v2\/types\/product"}],"replies":[{"embeddable":true,"href":"http:\/\/ssakimya.com\/index.php\/wp-json\/wp\/v2\/comments?post=8703"}],"wp:featuredmedia":[{"embeddable":true,"href":"http:\/\/ssakimya.com\/index.php\/wp-json\/wp\/v2\/media\/8705"}],"wp:attachment":[{"href":"http:\/\/ssakimya.com\/index.php\/wp-json\/wp\/v2\/media?parent=8703"}],"wp:term":[{"taxonomy":"product_cat","embeddable":true,"href":"http:\/\/ssakimya.com\/index.php\/wp-json\/wp\/v2\/product_cat?post=8703"},{"taxonomy":"product_tag","embeddable":true,"href":"http:\/\/ssakimya.com\/index.php\/wp-json\/wp\/v2\/product_tag?post=8703"}],"curies":[{"name":"wp","href":"https:\/\/api.w.org\/{rel}","templated":true}]}}