{"id":8696,"date":"2023-03-15T16:26:48","date_gmt":"2023-03-15T16:26:48","guid":{"rendered":"http:\/\/ssakimya.com\/?post_type=product&#038;p=8696"},"modified":"2023-03-15T16:26:49","modified_gmt":"2023-03-15T16:26:49","slug":"sontara-decreasing-cloth-sp8001","status":"publish","type":"product","link":"http:\/\/ssakimya.com\/index.php\/product\/sontara-decreasing-cloth-sp8001\/","title":{"rendered":"Sontara Decreasing Cloth SP8001"},"content":{"rendered":"","protected":false},"excerpt":{"rendered":"<h2><strong>\u00d6zellikler<\/strong><\/h2>\n<p>Otomotiv sekt\u00f6r\u00fcnde (boya \u00f6ncesi, sonras\u0131 ve genel) temizlikte kullan\u0131l\u0131r.<br \/>\nAvrupa normlar\u0131na uygundur. ISO 9001:2000 Kalite Y\u00f6netim Sistemi<br \/>\nstandard\u0131na sahiptir.<br \/>\n\u00d6zellikler<\/p>\n","protected":false},"featured_media":8687,"comment_status":"closed","ping_status":"closed","template":"","meta":[],"product_cat":[111,294],"product_tag":[],"class_list":["post-8696","product","type-product","status-publish","has-post-thumbnail","hentry","product_cat-cevre-ve-saglik-koruyuculari","product_cat-sontara"],"_links":{"self":[{"href":"http:\/\/ssakimya.com\/index.php\/wp-json\/wp\/v2\/product\/8696","targetHints":{"allow":["GET"]}}],"collection":[{"href":"http:\/\/ssakimya.com\/index.php\/wp-json\/wp\/v2\/product"}],"about":[{"href":"http:\/\/ssakimya.com\/index.php\/wp-json\/wp\/v2\/types\/product"}],"replies":[{"embeddable":true,"href":"http:\/\/ssakimya.com\/index.php\/wp-json\/wp\/v2\/comments?post=8696"}],"wp:featuredmedia":[{"embeddable":true,"href":"http:\/\/ssakimya.com\/index.php\/wp-json\/wp\/v2\/media\/8687"}],"wp:attachment":[{"href":"http:\/\/ssakimya.com\/index.php\/wp-json\/wp\/v2\/media?parent=8696"}],"wp:term":[{"taxonomy":"product_cat","embeddable":true,"href":"http:\/\/ssakimya.com\/index.php\/wp-json\/wp\/v2\/product_cat?post=8696"},{"taxonomy":"product_tag","embeddable":true,"href":"http:\/\/ssakimya.com\/index.php\/wp-json\/wp\/v2\/product_tag?post=8696"}],"curies":[{"name":"wp","href":"https:\/\/api.w.org\/{rel}","templated":true}]}}