{"id":8695,"date":"2023-03-15T16:22:37","date_gmt":"2023-03-15T16:22:37","guid":{"rendered":"http:\/\/ssakimya.com\/?post_type=product&#038;p=8695"},"modified":"2023-03-15T16:22:37","modified_gmt":"2023-03-15T16:22:37","slug":"sontara-primary-tack-cloth-sp8002","status":"publish","type":"product","link":"http:\/\/ssakimya.com\/index.php\/product\/sontara-primary-tack-cloth-sp8002\/","title":{"rendered":"Sontara Primary Tack Cloth SP8002"},"content":{"rendered":"","protected":false},"excerpt":{"rendered":"<h2><strong>\u00d6zellikler<\/strong><\/h2>\n<p>Otomotiv sekt\u00f6r\u00fcnde (boya \u00f6ncesi, sonras\u0131 ve genel) temizlikte kullan\u0131l\u0131r.<br \/>\nAvrupa normlar\u0131na uygundur. ISO 9001:2000 Kalite Y\u00f6netim Sistemi<br \/>\nstandard\u0131na sahiptir.<\/p>\n","protected":false},"featured_media":8689,"comment_status":"closed","ping_status":"closed","template":"","meta":[],"product_cat":[111,294],"product_tag":[],"class_list":["post-8695","product","type-product","status-publish","has-post-thumbnail","hentry","product_cat-cevre-ve-saglik-koruyuculari","product_cat-sontara"],"_links":{"self":[{"href":"http:\/\/ssakimya.com\/index.php\/wp-json\/wp\/v2\/product\/8695","targetHints":{"allow":["GET"]}}],"collection":[{"href":"http:\/\/ssakimya.com\/index.php\/wp-json\/wp\/v2\/product"}],"about":[{"href":"http:\/\/ssakimya.com\/index.php\/wp-json\/wp\/v2\/types\/product"}],"replies":[{"embeddable":true,"href":"http:\/\/ssakimya.com\/index.php\/wp-json\/wp\/v2\/comments?post=8695"}],"wp:featuredmedia":[{"embeddable":true,"href":"http:\/\/ssakimya.com\/index.php\/wp-json\/wp\/v2\/media\/8689"}],"wp:attachment":[{"href":"http:\/\/ssakimya.com\/index.php\/wp-json\/wp\/v2\/media?parent=8695"}],"wp:term":[{"taxonomy":"product_cat","embeddable":true,"href":"http:\/\/ssakimya.com\/index.php\/wp-json\/wp\/v2\/product_cat?post=8695"},{"taxonomy":"product_tag","embeddable":true,"href":"http:\/\/ssakimya.com\/index.php\/wp-json\/wp\/v2\/product_tag?post=8695"}],"curies":[{"name":"wp","href":"https:\/\/api.w.org\/{rel}","templated":true}]}}