{"id":8618,"date":"2022-10-21T13:15:08","date_gmt":"2022-10-21T13:15:08","guid":{"rendered":"http:\/\/ssakimya.com\/?post_type=product&#038;p=8618"},"modified":"2022-10-21T13:15:09","modified_gmt":"2022-10-21T13:15:09","slug":"ultraneo-341","status":"publish","type":"product","link":"http:\/\/ssakimya.com\/index.php\/product\/ultraneo-341\/","title":{"rendered":"UltraNeo 341"},"content":{"rendered":"","protected":false},"excerpt":{"rendered":"<h2><\/h2>\n<h2 id=\"specific-advantages\">\u00d6nemli avantajlar<\/h2>\n<ul>\n<li>Uzun kol man\u015feti, Dirsek ve Bilek aras\u0131nda daha iyi koruma<\/li>\n<li>Uzun s\u00fcreli kullan\u0131ma uygun; kuma\u015f deste\u011finin verdi\u011fi ekstra konfor<\/li>\n<li>A\u011f\u0131r i\u015fler i\u00e7in daha uzun servis \u00f6mr\u00fc: iyi mekanik diren\u00e7<\/li>\n<li>Silikonsuzdur, Boyama \u00f6ncesi metal levha ve cam y\u00fczeylerdeki izleri \u00f6nlemek i\u00e7in<\/li>\n<\/ul>\n<h2><\/h2>\n<h2 id=\"applications\">Uygulama<\/h2>\n<p><strong>Otomotiv\/mekanik end\u00fcstrisi<\/strong><\/p>\n<ul>\n<li>Batarya, pompa ve kompres\u00f6r \u00fcretimi<\/li>\n<\/ul>\n<p><strong>Kimya end\u00fcstrisi<\/strong><\/p>\n<ul>\n<li>Metallere kimyasal uygulama<\/li>\n<li>Kimyasallar\u0131 ta\u015f\u0131ma ve nakletme<\/li>\n<\/ul>\n<p><strong>Di\u011fer end\u00fcstriler<\/strong><\/p>\n<ul>\n<li>End\u00fcstriyel temizlik, bak\u0131m<\/li>\n<li>Ah\u015fap i\u015fleme<\/li>\n<\/ul>\n<h2><\/h2>\n<h2 id=\"standards\">Standartlar<\/h2>\n<ul class=\"norms-list\">\n<li title=\"Kat. 3\"><span class=\"type\">KAT. 3<\/span><img loading=\"lazy\" decoding=\"async\" src=\"https:\/\/www.tr.mapa-pro.com\/fileadmin\/_processed_storage_data\/a\/e\/csm_mapa-pim-picto-ce-category_d084fe6357.jpg\" alt=\"Kat. 3\" width=\"34\" height=\"34\" \/>0334<\/li>\n<li title=\"Mekanik tehlikeler EN 388\"><img loading=\"lazy\" decoding=\"async\" src=\"https:\/\/www.tr.mapa-pro.com\/fileadmin\/_processed_storage_data\/2\/9\/csm_mapa-pim-picto-en388-2016-digit_fd48d4d59d.jpg\" alt=\"Mekanik tehlikeler EN 388\" width=\"34\" height=\"34\" \/>2121X<\/li>\n<li title=\"\u00d6zel Kimyasal Korunma EN 374\"><span class=\"type\">Type A<\/span><img loading=\"lazy\" decoding=\"async\" src=\"https:\/\/www.tr.mapa-pro.com\/fileadmin\/_processed_storage_data\/9\/8\/csm_mapa-pim-picto-en374-2016-type_ac1448e6e9.jpg\" alt=\"\u00d6zel Kimyasal Korunma EN 374\" width=\"34\" height=\"34\" \/>ACLMNS<\/li>\n<li title=\"Mikro organizmalar EN 374\"><img loading=\"lazy\" decoding=\"async\" src=\"https:\/\/www.tr.mapa-pro.com\/fileadmin\/_processed_storage_data\/7\/d\/csm_mapa-pim-picto-en374-5-2016-virus_e031883c4c.jpg\" alt=\"Mikro organizmalar EN 374\" width=\"34\" height=\"34\" \/><\/li>\n<li title=\"Is\u0131 ve yang\u0131n EN 407\"><img loading=\"lazy\" decoding=\"async\" src=\"https:\/\/www.tr.mapa-pro.com\/fileadmin\/_processed_storage_data\/3\/2\/csm_en407-year_2020_68335fd6f8.jpg\" alt=\"Is\u0131 ve yang\u0131n EN 407\" width=\"34\" height=\"34\" \/>X1XXXX<\/li>\n<\/ul>\n<h2><\/h2>\n<h2 id=\"product-detail\">\u00dcr\u00fcn bilgileri<\/h2>\n<table class=\"table table-bordered\" style=\"height: 247px;\" width=\"521\">\n<tbody>\n<tr>\n<th>Malzeme<\/th>\n<td>Neopren ve do\u011fal lateks<\/td>\n<\/tr>\n<tr>\n<th>Renk<\/th>\n<td>Siyah<\/td>\n<\/tr>\n<tr>\n<th>\u0130\u00e7 Kaplama<\/th>\n<td>Kuma\u015f takviyesi<\/td>\n<\/tr>\n<tr>\n<th>D\u0131\u015f Kaplama<\/th>\n<td>Yumu\u015fak<\/td>\n<\/tr>\n<tr>\n<th>Uzunluk (cm)<\/th>\n<td>38<\/td>\n<\/tr>\n<tr>\n<th>Kal\u0131nl\u0131k (mm)<\/th>\n<td>1.45<\/td>\n<\/tr>\n<tr>\n<th>Boy<\/th>\n<td>8 9 10 11<\/td>\n<\/tr>\n<tr>\n<th>Ambalajlama<\/th>\n<td>1 \u00e7ift\/torba\u00a0 5 \u00e7ift\/kutu\u00a0 50 \u00e7ift\/karton<\/td>\n<\/tr>\n<\/tbody>\n<\/table>\n<p>&nbsp;<\/p>\n<p><strong>DOK\u00dcMANLAR<\/strong><\/p>\n<p><a href=\"https:\/\/www.tr.mapa-pro.com\/eldivenlerimiz\/kimyasal-koruma\/ueruen-sayfasi\/ultraneo-341\"><span style=\"color: #ff0000;\">Mapa Teknik Dok\u00fcman<\/span><\/a><\/p>\n","protected":false},"featured_media":8621,"comment_status":"closed","ping_status":"closed","template":"","meta":[],"product_cat":[67,304,282],"product_tag":[],"class_list":["post-8618","product","type-product","status-publish","has-post-thumbnail","hentry","product_cat-el-kol-koruyucular","product_cat-kimyasal-koruma","product_cat-mapa"],"_links":{"self":[{"href":"http:\/\/ssakimya.com\/index.php\/wp-json\/wp\/v2\/product\/8618","targetHints":{"allow":["GET"]}}],"collection":[{"href":"http:\/\/ssakimya.com\/index.php\/wp-json\/wp\/v2\/product"}],"about":[{"href":"http:\/\/ssakimya.com\/index.php\/wp-json\/wp\/v2\/types\/product"}],"replies":[{"embeddable":true,"href":"http:\/\/ssakimya.com\/index.php\/wp-json\/wp\/v2\/comments?post=8618"}],"wp:featuredmedia":[{"embeddable":true,"href":"http:\/\/ssakimya.com\/index.php\/wp-json\/wp\/v2\/media\/8621"}],"wp:attachment":[{"href":"http:\/\/ssakimya.com\/index.php\/wp-json\/wp\/v2\/media?parent=8618"}],"wp:term":[{"taxonomy":"product_cat","embeddable":true,"href":"http:\/\/ssakimya.com\/index.php\/wp-json\/wp\/v2\/product_cat?post=8618"},{"taxonomy":"product_tag","embeddable":true,"href":"http:\/\/ssakimya.com\/index.php\/wp-json\/wp\/v2\/product_tag?post=8618"}],"curies":[{"name":"wp","href":"https:\/\/api.w.org\/{rel}","templated":true}]}}