{"id":8601,"date":"2022-10-21T11:56:59","date_gmt":"2022-10-21T11:56:59","guid":{"rendered":"http:\/\/ssakimya.com\/?post_type=product&#038;p=8601"},"modified":"2022-10-21T11:56:59","modified_gmt":"2022-10-21T11:56:59","slug":"ultranitril-454","status":"publish","type":"product","link":"http:\/\/ssakimya.com\/index.php\/product\/ultranitril-454\/","title":{"rendered":"Ultranitril 454"},"content":{"rendered":"","protected":false},"excerpt":{"rendered":"<h2><\/h2>\n<h2 id=\"specific-advantages\">\u00d6nemli avantajlar<\/h2>\n<ul>\n<li>MAPA&#8217;n\u0131n benzersiz sentetik malzemesinin nitelikleri sayesinde ola\u011fan\u00fcst\u00fc hassas hassasiyeti<\/li>\n<li>Optimum konfor:\u00a0<a title=\"anatomik\" href=\"https:\/\/www.tr.mapa-pro.com\/bilgi-merkezi\/soezluek\/tanim\/anatomik\">anatomik<\/a>\u00a0bi\u00e7im, yeni floklama kalitesi<\/li>\n<li>Kabartmal\u0131 doku sayesinde kaygan objeler i\u00e7in iyi kavrama<\/li>\n<li>Hipoalerjenik<\/li>\n<li>Silikonsuzdur, Boyama \u00f6ncesi metal levha ve cam y\u00fczeylerdeki izleri \u00f6nlemek i\u00e7in<\/li>\n<\/ul>\n<h2><\/h2>\n<h2 id=\"applications\">Uygulama<\/h2>\n<p><strong>Sa\u011fl\u0131k<\/strong><\/p>\n<ul>\n<li>Hastane ve kliniklerde Genel G\u00f6revler<\/li>\n<\/ul>\n<p><strong>Yerel Y\u00f6netimler (Temizlik)<\/strong><\/p>\n<ul>\n<li>Evsel deterjanlarla temas<\/li>\n<\/ul>\n<h2><\/h2>\n<h2 id=\"standards\">Standartlar<\/h2>\n<ul class=\"norms-list\">\n<li title=\"Kat. 3\"><span class=\"type\">KAT. 3<\/span><img loading=\"lazy\" decoding=\"async\" src=\"https:\/\/www.tr.mapa-pro.com\/fileadmin\/_processed_storage_data\/a\/e\/csm_mapa-pim-picto-ce-category_d084fe6357.jpg\" alt=\"Kat. 3\" width=\"34\" height=\"34\" \/>0334<\/li>\n<li title=\"Mekanik tehlikeler EN 388\"><img loading=\"lazy\" decoding=\"async\" src=\"https:\/\/www.tr.mapa-pro.com\/fileadmin\/_processed_storage_data\/2\/9\/csm_mapa-pim-picto-en388-2016-digit_fd48d4d59d.jpg\" alt=\"Mekanik tehlikeler EN 388\" width=\"34\" height=\"34\" \/>2000X<\/li>\n<li title=\"\u00d6zel Kimyasal Korunma EN 374\"><span class=\"type\">Type B<\/span><img loading=\"lazy\" decoding=\"async\" src=\"https:\/\/www.tr.mapa-pro.com\/fileadmin\/_processed_storage_data\/9\/8\/csm_mapa-pim-picto-en374-2016-type_ac1448e6e9.jpg\" alt=\"\u00d6zel Kimyasal Korunma EN 374\" width=\"34\" height=\"34\" \/>KPT<\/li>\n<li title=\"Mikro organizmalar EN 374\"><img loading=\"lazy\" decoding=\"async\" src=\"https:\/\/www.tr.mapa-pro.com\/fileadmin\/_processed_storage_data\/7\/d\/csm_mapa-pim-picto-en374-5-2016-virus_e031883c4c.jpg\" alt=\"Mikro organizmalar EN 374\" width=\"34\" height=\"34\" \/><\/li>\n<\/ul>\n<h2><\/h2>\n<h2 id=\"product-detail\">\u00dcr\u00fcn bilgileri<\/h2>\n<table class=\"table table-bordered\" style=\"height: 216px;\" width=\"366\">\n<tbody>\n<tr>\n<th>Malzeme<\/th>\n<td>Sentetik elastomer<\/td>\n<\/tr>\n<tr>\n<th>Renk<\/th>\n<td>Mavi, ye\u015fil<\/td>\n<\/tr>\n<tr>\n<th>\u0130\u00e7 Kaplama<\/th>\n<td>Pamuk hav\u0131 emdirilmi\u015f<\/td>\n<\/tr>\n<tr>\n<th>D\u0131\u015f Kaplama<\/th>\n<td>Kabartmal\u0131 kuma\u015f<\/td>\n<\/tr>\n<tr>\n<th>Uzunluk (cm)<\/th>\n<td>31<\/td>\n<\/tr>\n<tr>\n<th>Kal\u0131nl\u0131k (mm)<\/th>\n<td>0.35<\/td>\n<\/tr>\n<tr>\n<th>Boy<\/th>\n<td>6 7 8 9 10<\/td>\n<\/tr>\n<tr>\n<th>Ambalajlama<\/th>\n<td>1 \u00e7ift\/torba\u00a0 50 \u00e7ift\/karton<\/td>\n<\/tr>\n<\/tbody>\n<\/table>\n<p><strong>DOK\u00dcMANLAR<\/strong><\/p>\n<p><a href=\"https:\/\/www.tr.mapa-pro.com\/eldivenlerimiz\/sivi-gecirmez-koruma\/ueruen-sayfasi\/ultranitril-454\"><span style=\"color: #ff0000;\">Mapa Teknik Dok\u00fcman<\/span><\/a><\/p>\n","protected":false},"featured_media":8605,"comment_status":"closed","ping_status":"closed","template":"","meta":[],"product_cat":[67,282,303],"product_tag":[],"class_list":["post-8601","product","type-product","status-publish","has-post-thumbnail","hentry","product_cat-el-kol-koruyucular","product_cat-mapa","product_cat-sivi-gecirmez-koruma"],"_links":{"self":[{"href":"http:\/\/ssakimya.com\/index.php\/wp-json\/wp\/v2\/product\/8601","targetHints":{"allow":["GET"]}}],"collection":[{"href":"http:\/\/ssakimya.com\/index.php\/wp-json\/wp\/v2\/product"}],"about":[{"href":"http:\/\/ssakimya.com\/index.php\/wp-json\/wp\/v2\/types\/product"}],"replies":[{"embeddable":true,"href":"http:\/\/ssakimya.com\/index.php\/wp-json\/wp\/v2\/comments?post=8601"}],"wp:featuredmedia":[{"embeddable":true,"href":"http:\/\/ssakimya.com\/index.php\/wp-json\/wp\/v2\/media\/8605"}],"wp:attachment":[{"href":"http:\/\/ssakimya.com\/index.php\/wp-json\/wp\/v2\/media?parent=8601"}],"wp:term":[{"taxonomy":"product_cat","embeddable":true,"href":"http:\/\/ssakimya.com\/index.php\/wp-json\/wp\/v2\/product_cat?post=8601"},{"taxonomy":"product_tag","embeddable":true,"href":"http:\/\/ssakimya.com\/index.php\/wp-json\/wp\/v2\/product_tag?post=8601"}],"curies":[{"name":"wp","href":"https:\/\/api.w.org\/{rel}","templated":true}]}}